{"id":101,"date":"2021-03-31T00:20:48","date_gmt":"2021-03-30T21:20:48","guid":{"rendered":"https:\/\/noordconnect.com\/es\/?page_id=101"},"modified":"2021-03-31T12:30:20","modified_gmt":"2021-03-31T09:30:20","slug":"block_12","status":"publish","type":"page","link":"https:\/\/noordconnect.com\/es\/block_12\/","title":{"rendered":"\u0413\u043b\u0430\u0432\u043d\u0430\u044f 12 \u0411\u041b\u041e\u041a &#8212; PARA DISE\u00d1ADORES Y DECORADORES"},"content":{"rendered":"<h2>PARA DISE\u00d1ADORES Y DECORADORES<\/h2>\n<h3>El futuro ya fue<\/h3>\n<p>Proponemos a dise\u00f1adores y decoradores, artistas y fabricantes de objetos decorativos las piezas y componentes de aviones y helic\u00f3pteros.<\/p>\n","protected":false},"excerpt":{"rendered":"<p>PARA DISE\u00d1ADORES Y DECORADORES El futuro ya fue Proponemos a dise\u00f1adores y decoradores, artistas y fabricantes de objetos decorativos las piezas y componentes de aviones y helic\u00f3pteros.<\/p>\n","protected":false},"author":1,"featured_media":0,"parent":0,"menu_order":0,"comment_status":"closed","ping_status":"closed","template":"","meta":{"footnotes":""},"class_list":["post-101","page","type-page","status-publish","hentry"],"yoast_head":"<!-- This site is optimized with the Yoast SEO plugin v24.9 - https:\/\/yoast.com\/wordpress\/plugins\/seo\/ -->\n<title>\u0413\u043b\u0430\u0432\u043d\u0430\u044f 12 \u0411\u041b\u041e\u041a - PARA DISE\u00d1ADORES Y DECORADORES - Noord Connect<\/title>\n<meta name=\"robots\" content=\"index, follow, max-snippet:-1, max-image-preview:large, max-video-preview:-1\" \/>\n<link rel=\"canonical\" href=\"https:\/\/noordconnect.com\/es\/block_12\/\" \/>\n<meta property=\"og:locale\" content=\"ru_RU\" \/>\n<meta property=\"og:type\" content=\"article\" \/>\n<meta property=\"og:title\" content=\"\u0413\u043b\u0430\u0432\u043d\u0430\u044f 12 \u0411\u041b\u041e\u041a - PARA DISE\u00d1ADORES Y DECORADORES - Noord Connect\" \/>\n<meta property=\"og:description\" content=\"PARA DISE\u00d1ADORES Y DECORADORES El futuro ya fue Proponemos a dise\u00f1adores y decoradores, artistas y fabricantes de objetos decorativos las piezas y componentes de aviones y helic\u00f3pteros.\" \/>\n<meta property=\"og:url\" content=\"https:\/\/noordconnect.com\/es\/block_12\/\" \/>\n<meta property=\"og:site_name\" content=\"Noord Connect\" \/>\n<meta property=\"article:publisher\" content=\"https:\/\/www.facebook.com\/NoordConnect\/\" \/>\n<meta property=\"article:modified_time\" content=\"2021-03-31T09:30:20+00:00\" \/>\n<meta property=\"og:image\" content=\"https:\/\/noordconnect.com\/es\/wp-content\/uploads\/2021\/03\/ncfb.jpg\" \/>\n\t<meta property=\"og:image:width\" content=\"1080\" \/>\n\t<meta property=\"og:image:height\" content=\"396\" \/>\n\t<meta property=\"og:image:type\" content=\"image\/jpeg\" \/>\n<meta name=\"twitter:card\" content=\"summary_large_image\" \/>\n<script type=\"application\/ld+json\" class=\"yoast-schema-graph\">{\"@context\":\"https:\/\/schema.org\",\"@graph\":[{\"@type\":\"WebPage\",\"@id\":\"https:\/\/noordconnect.com\/es\/block_12\/\",\"url\":\"https:\/\/noordconnect.com\/es\/block_12\/\",\"name\":\"\u0413\u043b\u0430\u0432\u043d\u0430\u044f 12 \u0411\u041b\u041e\u041a - PARA DISE\u00d1ADORES Y DECORADORES - Noord Connect\",\"isPartOf\":{\"@id\":\"https:\/\/noordconnect.com\/es\/#website\"},\"datePublished\":\"2021-03-30T21:20:48+00:00\",\"dateModified\":\"2021-03-31T09:30:20+00:00\",\"breadcrumb\":{\"@id\":\"https:\/\/noordconnect.com\/es\/block_12\/#breadcrumb\"},\"inLanguage\":\"ru-RU\",\"potentialAction\":[{\"@type\":\"ReadAction\",\"target\":[\"https:\/\/noordconnect.com\/es\/block_12\/\"]}]},{\"@type\":\"BreadcrumbList\",\"@id\":\"https:\/\/noordconnect.com\/es\/block_12\/#breadcrumb\",\"itemListElement\":[{\"@type\":\"ListItem\",\"position\":1,\"name\":\"\u0413\u043b\u0430\u0432\u043d\u0430\u044f \u0441\u0442\u0440\u0430\u043d\u0438\u0446\u0430\",\"item\":\"https:\/\/noordconnect.com\/es\/\"},{\"@type\":\"ListItem\",\"position\":2,\"name\":\"\u0413\u043b\u0430\u0432\u043d\u0430\u044f 12 \u0411\u041b\u041e\u041a &#8212; PARA DISE\u00d1ADORES Y DECORADORES\"}]},{\"@type\":\"WebSite\",\"@id\":\"https:\/\/noordconnect.com\/es\/#website\",\"url\":\"https:\/\/noordconnect.com\/es\/\",\"name\":\"Noord Connect\",\"description\":\"Transporte a\u00e9reo internacional y multimodal, entrega de mercanc\u00edas peligrosas\",\"publisher\":{\"@id\":\"https:\/\/noordconnect.com\/es\/#organization\"},\"potentialAction\":[{\"@type\":\"SearchAction\",\"target\":{\"@type\":\"EntryPoint\",\"urlTemplate\":\"https:\/\/noordconnect.com\/es\/?s={search_term_string}\"},\"query-input\":{\"@type\":\"PropertyValueSpecification\",\"valueRequired\":true,\"valueName\":\"search_term_string\"}}],\"inLanguage\":\"ru-RU\"},{\"@type\":\"Organization\",\"@id\":\"https:\/\/noordconnect.com\/es\/#organization\",\"name\":\"Noord Connect\",\"url\":\"https:\/\/noordconnect.com\/es\/\",\"logo\":{\"@type\":\"ImageObject\",\"inLanguage\":\"ru-RU\",\"@id\":\"https:\/\/noordconnect.com\/es\/#\/schema\/logo\/image\/\",\"url\":\"https:\/\/noordconnect.com\/es\/wp-content\/uploads\/2021\/03\/logonordconnect.png\",\"contentUrl\":\"https:\/\/noordconnect.com\/es\/wp-content\/uploads\/2021\/03\/logonordconnect.png\",\"width\":203,\"height\":84,\"caption\":\"Noord Connect\"},\"image\":{\"@id\":\"https:\/\/noordconnect.com\/es\/#\/schema\/logo\/image\/\"},\"sameAs\":[\"https:\/\/www.facebook.com\/NoordConnect\/\",\"https:\/\/www.linkedin.com\/in\/noord-connect-jsc-67288563\/\"]}]}<\/script>\n<!-- \/ Yoast SEO plugin. -->","yoast_head_json":{"title":"\u0413\u043b\u0430\u0432\u043d\u0430\u044f 12 \u0411\u041b\u041e\u041a - PARA DISE\u00d1ADORES Y DECORADORES - Noord Connect","robots":{"index":"index","follow":"follow","max-snippet":"max-snippet:-1","max-image-preview":"max-image-preview:large","max-video-preview":"max-video-preview:-1"},"canonical":"https:\/\/noordconnect.com\/es\/block_12\/","og_locale":"ru_RU","og_type":"article","og_title":"\u0413\u043b\u0430\u0432\u043d\u0430\u044f 12 \u0411\u041b\u041e\u041a - PARA DISE\u00d1ADORES Y DECORADORES - Noord Connect","og_description":"PARA DISE\u00d1ADORES Y DECORADORES El futuro ya fue Proponemos a dise\u00f1adores y decoradores, artistas y fabricantes de objetos decorativos las piezas y componentes de aviones y helic\u00f3pteros.","og_url":"https:\/\/noordconnect.com\/es\/block_12\/","og_site_name":"Noord Connect","article_publisher":"https:\/\/www.facebook.com\/NoordConnect\/","article_modified_time":"2021-03-31T09:30:20+00:00","og_image":[{"width":1080,"height":396,"url":"https:\/\/noordconnect.com\/es\/wp-content\/uploads\/2021\/03\/ncfb.jpg","type":"image\/jpeg"}],"twitter_card":"summary_large_image","schema":{"@context":"https:\/\/schema.org","@graph":[{"@type":"WebPage","@id":"https:\/\/noordconnect.com\/es\/block_12\/","url":"https:\/\/noordconnect.com\/es\/block_12\/","name":"\u0413\u043b\u0430\u0432\u043d\u0430\u044f 12 \u0411\u041b\u041e\u041a - PARA DISE\u00d1ADORES Y DECORADORES - Noord Connect","isPartOf":{"@id":"https:\/\/noordconnect.com\/es\/#website"},"datePublished":"2021-03-30T21:20:48+00:00","dateModified":"2021-03-31T09:30:20+00:00","breadcrumb":{"@id":"https:\/\/noordconnect.com\/es\/block_12\/#breadcrumb"},"inLanguage":"ru-RU","potentialAction":[{"@type":"ReadAction","target":["https:\/\/noordconnect.com\/es\/block_12\/"]}]},{"@type":"BreadcrumbList","@id":"https:\/\/noordconnect.com\/es\/block_12\/#breadcrumb","itemListElement":[{"@type":"ListItem","position":1,"name":"\u0413\u043b\u0430\u0432\u043d\u0430\u044f \u0441\u0442\u0440\u0430\u043d\u0438\u0446\u0430","item":"https:\/\/noordconnect.com\/es\/"},{"@type":"ListItem","position":2,"name":"\u0413\u043b\u0430\u0432\u043d\u0430\u044f 12 \u0411\u041b\u041e\u041a &#8212; PARA DISE\u00d1ADORES Y DECORADORES"}]},{"@type":"WebSite","@id":"https:\/\/noordconnect.com\/es\/#website","url":"https:\/\/noordconnect.com\/es\/","name":"Noord Connect","description":"Transporte a\u00e9reo internacional y multimodal, entrega de mercanc\u00edas peligrosas","publisher":{"@id":"https:\/\/noordconnect.com\/es\/#organization"},"potentialAction":[{"@type":"SearchAction","target":{"@type":"EntryPoint","urlTemplate":"https:\/\/noordconnect.com\/es\/?s={search_term_string}"},"query-input":{"@type":"PropertyValueSpecification","valueRequired":true,"valueName":"search_term_string"}}],"inLanguage":"ru-RU"},{"@type":"Organization","@id":"https:\/\/noordconnect.com\/es\/#organization","name":"Noord Connect","url":"https:\/\/noordconnect.com\/es\/","logo":{"@type":"ImageObject","inLanguage":"ru-RU","@id":"https:\/\/noordconnect.com\/es\/#\/schema\/logo\/image\/","url":"https:\/\/noordconnect.com\/es\/wp-content\/uploads\/2021\/03\/logonordconnect.png","contentUrl":"https:\/\/noordconnect.com\/es\/wp-content\/uploads\/2021\/03\/logonordconnect.png","width":203,"height":84,"caption":"Noord Connect"},"image":{"@id":"https:\/\/noordconnect.com\/es\/#\/schema\/logo\/image\/"},"sameAs":["https:\/\/www.facebook.com\/NoordConnect\/","https:\/\/www.linkedin.com\/in\/noord-connect-jsc-67288563\/"]}]}},"_links":{"self":[{"href":"https:\/\/noordconnect.com\/es\/wp-json\/wp\/v2\/pages\/101","targetHints":{"allow":["GET"]}}],"collection":[{"href":"https:\/\/noordconnect.com\/es\/wp-json\/wp\/v2\/pages"}],"about":[{"href":"https:\/\/noordconnect.com\/es\/wp-json\/wp\/v2\/types\/page"}],"author":[{"embeddable":true,"href":"https:\/\/noordconnect.com\/es\/wp-json\/wp\/v2\/users\/1"}],"replies":[{"embeddable":true,"href":"https:\/\/noordconnect.com\/es\/wp-json\/wp\/v2\/comments?post=101"}],"version-history":[{"count":4,"href":"https:\/\/noordconnect.com\/es\/wp-json\/wp\/v2\/pages\/101\/revisions"}],"predecessor-version":[{"id":131,"href":"https:\/\/noordconnect.com\/es\/wp-json\/wp\/v2\/pages\/101\/revisions\/131"}],"wp:attachment":[{"href":"https:\/\/noordconnect.com\/es\/wp-json\/wp\/v2\/media?parent=101"}],"curies":[{"name":"wp","href":"https:\/\/api.w.org\/{rel}","templated":true}]}}