{"id":18,"date":"2021-03-30T15:44:31","date_gmt":"2021-03-30T12:44:31","guid":{"rendered":"https:\/\/noordconnect.com\/es\/?page_id=18"},"modified":"2021-04-06T15:53:17","modified_gmt":"2021-04-06T12:53:17","slug":"block_1","status":"publish","type":"page","link":"https:\/\/noordconnect.com\/es\/block_1\/","title":{"rendered":"\u0413\u043b\u0430\u0432\u043d\u0430\u044f 1 \u0411\u041b\u041e\u041a &#8212; TRANSPORTE A\u00c9RO INTERNACIONAL"},"content":{"rendered":"<h2>TRANSPORTE A\u00c9RO INTERNACIONAL<\/h2>\n<p>Colaboramos directamente tanto con las compa\u00f1\u00edas a\u00e9reas globales Aeroflot, AirFrance\/KLM, Turkish Airlines, Emirates, Air Bridge Cargo, como con las peque\u00f1as aerol\u00edneas regionales en todos los continentes, lo cual nos permite organizar el transporte r\u00e1pido de su carga a cualquier lugar del mundo. Gracias a los contratos directos de agencia podemos ofrecer rutas \u00f3ptimas a un precio ventajoso.<\/p>\n<p>Tal como demuestra nuestra experiencia, muy frecuentemente, el transporte de aun partidas grandes (hasta 2 toneladas) por avi\u00f3n puede ser m\u00e1s ventajoso en comparaci\u00f3n con otros medios de transporte. Y en ciertos casos el transporte a\u00e9reo constituye la \u00fanica opci\u00f3n.<\/p>\n<p class=\"note\"><strong>Le pedimos que se ponga previamente al corriente <a href=\"https:\/\/noordconnect.com\/es\/aircraft-load\/\">de los tipos de palets y contenedores <\/a> que se utilizan en las operaciones de transporte a\u00e9reo seg\u00fan el tipo de aeronave y la carga \u00fatil de distintos tipos de aeronaves, as\u00ed como de las reglas para calcular el peso volum\u00e9trico.<\/strong><\/p>\n<p>Al planear el transporte de su carga por v\u00eda a\u00e9rea, por favor tenga en cuenta que este medio de transporte impone varias condiciones para el peso, dimensiones y embalaje de la carga. Por su petici\u00f3n seleccionamos el modo \u00f3ptimo de transporte, desarrollamos la ruta individual, preparamos todos los documentos necesarios.<\/p>\n","protected":false},"excerpt":{"rendered":"<p>TRANSPORTE A\u00c9RO INTERNACIONAL Colaboramos directamente tanto con las compa\u00f1\u00edas a\u00e9reas globales Aeroflot, AirFrance\/KLM, Turkish Airlines, Emirates, Air Bridge Cargo, como con las peque\u00f1as aerol\u00edneas regionales en todos los continentes, lo cual nos permite organizar el transporte r\u00e1pido de su carga a cualquier lugar del mundo. Gracias a los contratos directos de agencia podemos ofrecer rutas<\/p>\n","protected":false},"author":1,"featured_media":0,"parent":0,"menu_order":0,"comment_status":"closed","ping_status":"closed","template":"","meta":{"footnotes":""},"class_list":["post-18","page","type-page","status-publish","hentry"],"yoast_head":"<!-- This site is optimized with the Yoast SEO plugin v24.9 - https:\/\/yoast.com\/wordpress\/plugins\/seo\/ -->\n<title>\u0413\u043b\u0430\u0432\u043d\u0430\u044f 1 \u0411\u041b\u041e\u041a - TRANSPORTE A\u00c9RO INTERNACIONAL - Noord Connect<\/title>\n<meta name=\"robots\" content=\"index, follow, max-snippet:-1, max-image-preview:large, max-video-preview:-1\" \/>\n<link rel=\"canonical\" href=\"https:\/\/noordconnect.com\/es\/block_1\/\" \/>\n<meta property=\"og:locale\" content=\"ru_RU\" \/>\n<meta property=\"og:type\" content=\"article\" \/>\n<meta property=\"og:title\" content=\"\u0413\u043b\u0430\u0432\u043d\u0430\u044f 1 \u0411\u041b\u041e\u041a - TRANSPORTE A\u00c9RO INTERNACIONAL - Noord Connect\" \/>\n<meta property=\"og:description\" content=\"TRANSPORTE A\u00c9RO INTERNACIONAL Colaboramos directamente tanto con las compa\u00f1\u00edas a\u00e9reas globales Aeroflot, AirFrance\/KLM, Turkish Airlines, Emirates, Air Bridge Cargo, como con las peque\u00f1as aerol\u00edneas regionales en todos los continentes, lo cual nos permite organizar el transporte r\u00e1pido de su carga a cualquier lugar del mundo. Gracias a los contratos directos de agencia podemos ofrecer rutas\" \/>\n<meta property=\"og:url\" content=\"https:\/\/noordconnect.com\/es\/block_1\/\" \/>\n<meta property=\"og:site_name\" content=\"Noord Connect\" \/>\n<meta property=\"article:publisher\" content=\"https:\/\/www.facebook.com\/NoordConnect\/\" \/>\n<meta property=\"article:modified_time\" content=\"2021-04-06T12:53:17+00:00\" \/>\n<meta property=\"og:image\" content=\"https:\/\/noordconnect.com\/es\/wp-content\/uploads\/2021\/03\/ncfb.jpg\" \/>\n\t<meta property=\"og:image:width\" content=\"1080\" \/>\n\t<meta property=\"og:image:height\" content=\"396\" \/>\n\t<meta property=\"og:image:type\" content=\"image\/jpeg\" \/>\n<meta name=\"twitter:card\" content=\"summary_large_image\" \/>\n<meta name=\"twitter:label1\" content=\"\u041f\u0440\u0438\u043c\u0435\u0440\u043d\u043e\u0435 \u0432\u0440\u0435\u043c\u044f \u0434\u043b\u044f \u0447\u0442\u0435\u043d\u0438\u044f\" \/>\n\t<meta name=\"twitter:data1\" content=\"1 \u043c\u0438\u043d\u0443\u0442\u0430\" \/>\n<script type=\"application\/ld+json\" class=\"yoast-schema-graph\">{\"@context\":\"https:\/\/schema.org\",\"@graph\":[{\"@type\":\"WebPage\",\"@id\":\"https:\/\/noordconnect.com\/es\/block_1\/\",\"url\":\"https:\/\/noordconnect.com\/es\/block_1\/\",\"name\":\"\u0413\u043b\u0430\u0432\u043d\u0430\u044f 1 \u0411\u041b\u041e\u041a - TRANSPORTE A\u00c9RO INTERNACIONAL - Noord Connect\",\"isPartOf\":{\"@id\":\"https:\/\/noordconnect.com\/es\/#website\"},\"datePublished\":\"2021-03-30T12:44:31+00:00\",\"dateModified\":\"2021-04-06T12:53:17+00:00\",\"breadcrumb\":{\"@id\":\"https:\/\/noordconnect.com\/es\/block_1\/#breadcrumb\"},\"inLanguage\":\"ru-RU\",\"potentialAction\":[{\"@type\":\"ReadAction\",\"target\":[\"https:\/\/noordconnect.com\/es\/block_1\/\"]}]},{\"@type\":\"BreadcrumbList\",\"@id\":\"https:\/\/noordconnect.com\/es\/block_1\/#breadcrumb\",\"itemListElement\":[{\"@type\":\"ListItem\",\"position\":1,\"name\":\"\u0413\u043b\u0430\u0432\u043d\u0430\u044f \u0441\u0442\u0440\u0430\u043d\u0438\u0446\u0430\",\"item\":\"https:\/\/noordconnect.com\/es\/\"},{\"@type\":\"ListItem\",\"position\":2,\"name\":\"\u0413\u043b\u0430\u0432\u043d\u0430\u044f 1 \u0411\u041b\u041e\u041a &#8212; TRANSPORTE A\u00c9RO INTERNACIONAL\"}]},{\"@type\":\"WebSite\",\"@id\":\"https:\/\/noordconnect.com\/es\/#website\",\"url\":\"https:\/\/noordconnect.com\/es\/\",\"name\":\"Noord Connect\",\"description\":\"Transporte a\u00e9reo internacional y multimodal, entrega de mercanc\u00edas peligrosas\",\"publisher\":{\"@id\":\"https:\/\/noordconnect.com\/es\/#organization\"},\"potentialAction\":[{\"@type\":\"SearchAction\",\"target\":{\"@type\":\"EntryPoint\",\"urlTemplate\":\"https:\/\/noordconnect.com\/es\/?s={search_term_string}\"},\"query-input\":{\"@type\":\"PropertyValueSpecification\",\"valueRequired\":true,\"valueName\":\"search_term_string\"}}],\"inLanguage\":\"ru-RU\"},{\"@type\":\"Organization\",\"@id\":\"https:\/\/noordconnect.com\/es\/#organization\",\"name\":\"Noord Connect\",\"url\":\"https:\/\/noordconnect.com\/es\/\",\"logo\":{\"@type\":\"ImageObject\",\"inLanguage\":\"ru-RU\",\"@id\":\"https:\/\/noordconnect.com\/es\/#\/schema\/logo\/image\/\",\"url\":\"https:\/\/noordconnect.com\/es\/wp-content\/uploads\/2021\/03\/logonordconnect.png\",\"contentUrl\":\"https:\/\/noordconnect.com\/es\/wp-content\/uploads\/2021\/03\/logonordconnect.png\",\"width\":203,\"height\":84,\"caption\":\"Noord Connect\"},\"image\":{\"@id\":\"https:\/\/noordconnect.com\/es\/#\/schema\/logo\/image\/\"},\"sameAs\":[\"https:\/\/www.facebook.com\/NoordConnect\/\",\"https:\/\/www.linkedin.com\/in\/noord-connect-jsc-67288563\/\"]}]}<\/script>\n<!-- \/ Yoast SEO plugin. -->","yoast_head_json":{"title":"\u0413\u043b\u0430\u0432\u043d\u0430\u044f 1 \u0411\u041b\u041e\u041a - TRANSPORTE A\u00c9RO INTERNACIONAL - Noord Connect","robots":{"index":"index","follow":"follow","max-snippet":"max-snippet:-1","max-image-preview":"max-image-preview:large","max-video-preview":"max-video-preview:-1"},"canonical":"https:\/\/noordconnect.com\/es\/block_1\/","og_locale":"ru_RU","og_type":"article","og_title":"\u0413\u043b\u0430\u0432\u043d\u0430\u044f 1 \u0411\u041b\u041e\u041a - TRANSPORTE A\u00c9RO INTERNACIONAL - Noord Connect","og_description":"TRANSPORTE A\u00c9RO INTERNACIONAL Colaboramos directamente tanto con las compa\u00f1\u00edas a\u00e9reas globales Aeroflot, AirFrance\/KLM, Turkish Airlines, Emirates, Air Bridge Cargo, como con las peque\u00f1as aerol\u00edneas regionales en todos los continentes, lo cual nos permite organizar el transporte r\u00e1pido de su carga a cualquier lugar del mundo. Gracias a los contratos directos de agencia podemos ofrecer rutas","og_url":"https:\/\/noordconnect.com\/es\/block_1\/","og_site_name":"Noord Connect","article_publisher":"https:\/\/www.facebook.com\/NoordConnect\/","article_modified_time":"2021-04-06T12:53:17+00:00","og_image":[{"width":1080,"height":396,"url":"https:\/\/noordconnect.com\/es\/wp-content\/uploads\/2021\/03\/ncfb.jpg","type":"image\/jpeg"}],"twitter_card":"summary_large_image","twitter_misc":{"\u041f\u0440\u0438\u043c\u0435\u0440\u043d\u043e\u0435 \u0432\u0440\u0435\u043c\u044f \u0434\u043b\u044f \u0447\u0442\u0435\u043d\u0438\u044f":"1 \u043c\u0438\u043d\u0443\u0442\u0430"},"schema":{"@context":"https:\/\/schema.org","@graph":[{"@type":"WebPage","@id":"https:\/\/noordconnect.com\/es\/block_1\/","url":"https:\/\/noordconnect.com\/es\/block_1\/","name":"\u0413\u043b\u0430\u0432\u043d\u0430\u044f 1 \u0411\u041b\u041e\u041a - TRANSPORTE A\u00c9RO INTERNACIONAL - Noord Connect","isPartOf":{"@id":"https:\/\/noordconnect.com\/es\/#website"},"datePublished":"2021-03-30T12:44:31+00:00","dateModified":"2021-04-06T12:53:17+00:00","breadcrumb":{"@id":"https:\/\/noordconnect.com\/es\/block_1\/#breadcrumb"},"inLanguage":"ru-RU","potentialAction":[{"@type":"ReadAction","target":["https:\/\/noordconnect.com\/es\/block_1\/"]}]},{"@type":"BreadcrumbList","@id":"https:\/\/noordconnect.com\/es\/block_1\/#breadcrumb","itemListElement":[{"@type":"ListItem","position":1,"name":"\u0413\u043b\u0430\u0432\u043d\u0430\u044f \u0441\u0442\u0440\u0430\u043d\u0438\u0446\u0430","item":"https:\/\/noordconnect.com\/es\/"},{"@type":"ListItem","position":2,"name":"\u0413\u043b\u0430\u0432\u043d\u0430\u044f 1 \u0411\u041b\u041e\u041a &#8212; TRANSPORTE A\u00c9RO INTERNACIONAL"}]},{"@type":"WebSite","@id":"https:\/\/noordconnect.com\/es\/#website","url":"https:\/\/noordconnect.com\/es\/","name":"Noord Connect","description":"Transporte a\u00e9reo internacional y multimodal, entrega de mercanc\u00edas peligrosas","publisher":{"@id":"https:\/\/noordconnect.com\/es\/#organization"},"potentialAction":[{"@type":"SearchAction","target":{"@type":"EntryPoint","urlTemplate":"https:\/\/noordconnect.com\/es\/?s={search_term_string}"},"query-input":{"@type":"PropertyValueSpecification","valueRequired":true,"valueName":"search_term_string"}}],"inLanguage":"ru-RU"},{"@type":"Organization","@id":"https:\/\/noordconnect.com\/es\/#organization","name":"Noord Connect","url":"https:\/\/noordconnect.com\/es\/","logo":{"@type":"ImageObject","inLanguage":"ru-RU","@id":"https:\/\/noordconnect.com\/es\/#\/schema\/logo\/image\/","url":"https:\/\/noordconnect.com\/es\/wp-content\/uploads\/2021\/03\/logonordconnect.png","contentUrl":"https:\/\/noordconnect.com\/es\/wp-content\/uploads\/2021\/03\/logonordconnect.png","width":203,"height":84,"caption":"Noord Connect"},"image":{"@id":"https:\/\/noordconnect.com\/es\/#\/schema\/logo\/image\/"},"sameAs":["https:\/\/www.facebook.com\/NoordConnect\/","https:\/\/www.linkedin.com\/in\/noord-connect-jsc-67288563\/"]}]}},"_links":{"self":[{"href":"https:\/\/noordconnect.com\/es\/wp-json\/wp\/v2\/pages\/18","targetHints":{"allow":["GET"]}}],"collection":[{"href":"https:\/\/noordconnect.com\/es\/wp-json\/wp\/v2\/pages"}],"about":[{"href":"https:\/\/noordconnect.com\/es\/wp-json\/wp\/v2\/types\/page"}],"author":[{"embeddable":true,"href":"https:\/\/noordconnect.com\/es\/wp-json\/wp\/v2\/users\/1"}],"replies":[{"embeddable":true,"href":"https:\/\/noordconnect.com\/es\/wp-json\/wp\/v2\/comments?post=18"}],"version-history":[{"count":5,"href":"https:\/\/noordconnect.com\/es\/wp-json\/wp\/v2\/pages\/18\/revisions"}],"predecessor-version":[{"id":167,"href":"https:\/\/noordconnect.com\/es\/wp-json\/wp\/v2\/pages\/18\/revisions\/167"}],"wp:attachment":[{"href":"https:\/\/noordconnect.com\/es\/wp-json\/wp\/v2\/media?parent=18"}],"curies":[{"name":"wp","href":"https:\/\/api.w.org\/{rel}","templated":true}]}}