{"id":20,"date":"2021-03-30T15:46:04","date_gmt":"2021-03-30T12:46:04","guid":{"rendered":"https:\/\/noordconnect.com\/es\/?page_id=20"},"modified":"2021-03-31T12:23:54","modified_gmt":"2021-03-31T09:23:54","slug":"block_2","status":"publish","type":"page","link":"https:\/\/noordconnect.com\/es\/block_2\/","title":{"rendered":"\u0413\u043b\u0430\u0432\u043d\u0430\u044f 2 \u0411\u041b\u041e\u041a &#8212; TRANSPORTE DE MERCANC\u00cdAS PELIGROSAS"},"content":{"rendered":"<h2>TRANSPORTE DE MERCANC\u00cdAS PELIGROSAS<\/h2>\n<p>Las mercanc\u00edas peligrosas son art\u00edculos que, al ser transportados, presenten un&nbsp;peligro para la&nbsp;vida, la&nbsp;salud o&nbsp;el&nbsp;medio ambiente. Las&nbsp;mercanc\u00edas peligrosas se&nbsp;transportan por distintos medios de&nbsp;transporte: a\u00e9reo, terrestre y&nbsp;mar\u00edtimo.<\/p>\n<p>Al transportar las mercanc\u00edas peligrosas bajo la&nbsp;modalidad de&nbsp;grupaje se necesita respetar las normas de&nbsp;compatibilidad de&nbsp;mercanc\u00edas de&nbsp;varias clases. Las mercanc\u00edas peligrosas se transportan conforme a&nbsp;la&nbsp;normativa que regula todo el&nbsp;proceso de&nbsp;transporte, as\u00ed como a&nbsp;los requisitos para los&nbsp;veh\u00edculos. El&nbsp;transporte de&nbsp;mercanc\u00edas peligrosas requiere su&nbsp;marcado obligatorio seg\u00fan la&nbsp;clase de&nbsp;peligrosidad. El&nbsp;determinar el&nbsp;tipo de&nbsp;embalaje es condici\u00f3n sine qua non para el&nbsp;transporte de&nbsp;mercanc\u00edas peligrosas. La&nbsp;empresa Nord Connect examinamos todas las&nbsp;particularidades de&nbsp;su carga considerada como \u201cpeligrosa y&nbsp;seleccionamos el&nbsp;modo \u00f3ptimo de&nbsp;transporte, garantizando el&nbsp;alto nivel de&nbsp;seguridad.<\/p>\n<p><strong class=\"orange\">Nuestros profesionales con alta experiencia controlar\u00e1n la&nbsp;ejecuci\u00f3n de&nbsp;todas las operaciones, observar\u00e1n el&nbsp;cumplimiento de&nbsp;todas las reglas y normas sobre el&nbsp;transporte establecidas por las&nbsp;autoridades tanto del&nbsp;pa\u00eds de&nbsp;salida tanto a&nbsp;lo&nbsp;largo de&nbsp;toda la&nbsp;ruta.<\/strong><\/p>\n","protected":false},"excerpt":{"rendered":"<p>TRANSPORTE DE MERCANC\u00cdAS PELIGROSAS Las mercanc\u00edas peligrosas son art\u00edculos que, al ser transportados, presenten un&nbsp;peligro para la&nbsp;vida, la&nbsp;salud o&nbsp;el&nbsp;medio ambiente. Las&nbsp;mercanc\u00edas peligrosas se&nbsp;transportan por distintos medios de&nbsp;transporte: a\u00e9reo, terrestre y&nbsp;mar\u00edtimo. Al transportar las mercanc\u00edas peligrosas bajo la&nbsp;modalidad de&nbsp;grupaje se necesita respetar las normas de&nbsp;compatibilidad de&nbsp;mercanc\u00edas de&nbsp;varias clases. Las mercanc\u00edas peligrosas se transportan conforme a&nbsp;la&nbsp;normativa que<\/p>\n","protected":false},"author":1,"featured_media":0,"parent":0,"menu_order":0,"comment_status":"closed","ping_status":"closed","template":"","meta":{"footnotes":""},"class_list":["post-20","page","type-page","status-publish","hentry"],"yoast_head":"<!-- This site is optimized with the Yoast SEO plugin v24.9 - https:\/\/yoast.com\/wordpress\/plugins\/seo\/ -->\n<title>\u0413\u043b\u0430\u0432\u043d\u0430\u044f 2 \u0411\u041b\u041e\u041a - TRANSPORTE DE MERCANC\u00cdAS PELIGROSAS - Noord Connect<\/title>\n<meta name=\"robots\" content=\"index, follow, max-snippet:-1, max-image-preview:large, max-video-preview:-1\" \/>\n<link rel=\"canonical\" href=\"https:\/\/noordconnect.com\/es\/block_2\/\" \/>\n<meta property=\"og:locale\" content=\"ru_RU\" \/>\n<meta property=\"og:type\" content=\"article\" \/>\n<meta property=\"og:title\" content=\"\u0413\u043b\u0430\u0432\u043d\u0430\u044f 2 \u0411\u041b\u041e\u041a - TRANSPORTE DE MERCANC\u00cdAS PELIGROSAS - Noord Connect\" \/>\n<meta property=\"og:description\" content=\"TRANSPORTE DE MERCANC\u00cdAS PELIGROSAS Las mercanc\u00edas peligrosas son art\u00edculos que, al ser transportados, presenten un&nbsp;peligro para la&nbsp;vida, la&nbsp;salud o&nbsp;el&nbsp;medio ambiente. Las&nbsp;mercanc\u00edas peligrosas se&nbsp;transportan por distintos medios de&nbsp;transporte: a\u00e9reo, terrestre y&nbsp;mar\u00edtimo. Al transportar las mercanc\u00edas peligrosas bajo la&nbsp;modalidad de&nbsp;grupaje se necesita respetar las normas de&nbsp;compatibilidad de&nbsp;mercanc\u00edas de&nbsp;varias clases. Las mercanc\u00edas peligrosas se transportan conforme a&nbsp;la&nbsp;normativa que\" \/>\n<meta property=\"og:url\" content=\"https:\/\/noordconnect.com\/es\/block_2\/\" \/>\n<meta property=\"og:site_name\" content=\"Noord Connect\" \/>\n<meta property=\"article:publisher\" content=\"https:\/\/www.facebook.com\/NoordConnect\/\" \/>\n<meta property=\"article:modified_time\" content=\"2021-03-31T09:23:54+00:00\" \/>\n<meta property=\"og:image\" content=\"https:\/\/noordconnect.com\/es\/wp-content\/uploads\/2021\/03\/ncfb.jpg\" \/>\n\t<meta property=\"og:image:width\" content=\"1080\" \/>\n\t<meta property=\"og:image:height\" content=\"396\" \/>\n\t<meta property=\"og:image:type\" content=\"image\/jpeg\" \/>\n<meta name=\"twitter:card\" content=\"summary_large_image\" \/>\n<meta name=\"twitter:label1\" content=\"\u041f\u0440\u0438\u043c\u0435\u0440\u043d\u043e\u0435 \u0432\u0440\u0435\u043c\u044f \u0434\u043b\u044f \u0447\u0442\u0435\u043d\u0438\u044f\" \/>\n\t<meta name=\"twitter:data1\" content=\"1 \u043c\u0438\u043d\u0443\u0442\u0430\" \/>\n<script type=\"application\/ld+json\" class=\"yoast-schema-graph\">{\"@context\":\"https:\/\/schema.org\",\"@graph\":[{\"@type\":\"WebPage\",\"@id\":\"https:\/\/noordconnect.com\/es\/block_2\/\",\"url\":\"https:\/\/noordconnect.com\/es\/block_2\/\",\"name\":\"\u0413\u043b\u0430\u0432\u043d\u0430\u044f 2 \u0411\u041b\u041e\u041a - TRANSPORTE DE MERCANC\u00cdAS PELIGROSAS - Noord Connect\",\"isPartOf\":{\"@id\":\"https:\/\/noordconnect.com\/es\/#website\"},\"datePublished\":\"2021-03-30T12:46:04+00:00\",\"dateModified\":\"2021-03-31T09:23:54+00:00\",\"breadcrumb\":{\"@id\":\"https:\/\/noordconnect.com\/es\/block_2\/#breadcrumb\"},\"inLanguage\":\"ru-RU\",\"potentialAction\":[{\"@type\":\"ReadAction\",\"target\":[\"https:\/\/noordconnect.com\/es\/block_2\/\"]}]},{\"@type\":\"BreadcrumbList\",\"@id\":\"https:\/\/noordconnect.com\/es\/block_2\/#breadcrumb\",\"itemListElement\":[{\"@type\":\"ListItem\",\"position\":1,\"name\":\"\u0413\u043b\u0430\u0432\u043d\u0430\u044f \u0441\u0442\u0440\u0430\u043d\u0438\u0446\u0430\",\"item\":\"https:\/\/noordconnect.com\/es\/\"},{\"@type\":\"ListItem\",\"position\":2,\"name\":\"\u0413\u043b\u0430\u0432\u043d\u0430\u044f 2 \u0411\u041b\u041e\u041a &#8212; TRANSPORTE DE MERCANC\u00cdAS PELIGROSAS\"}]},{\"@type\":\"WebSite\",\"@id\":\"https:\/\/noordconnect.com\/es\/#website\",\"url\":\"https:\/\/noordconnect.com\/es\/\",\"name\":\"Noord Connect\",\"description\":\"Transporte a\u00e9reo internacional y multimodal, entrega de mercanc\u00edas peligrosas\",\"publisher\":{\"@id\":\"https:\/\/noordconnect.com\/es\/#organization\"},\"potentialAction\":[{\"@type\":\"SearchAction\",\"target\":{\"@type\":\"EntryPoint\",\"urlTemplate\":\"https:\/\/noordconnect.com\/es\/?s={search_term_string}\"},\"query-input\":{\"@type\":\"PropertyValueSpecification\",\"valueRequired\":true,\"valueName\":\"search_term_string\"}}],\"inLanguage\":\"ru-RU\"},{\"@type\":\"Organization\",\"@id\":\"https:\/\/noordconnect.com\/es\/#organization\",\"name\":\"Noord Connect\",\"url\":\"https:\/\/noordconnect.com\/es\/\",\"logo\":{\"@type\":\"ImageObject\",\"inLanguage\":\"ru-RU\",\"@id\":\"https:\/\/noordconnect.com\/es\/#\/schema\/logo\/image\/\",\"url\":\"https:\/\/noordconnect.com\/es\/wp-content\/uploads\/2021\/03\/logonordconnect.png\",\"contentUrl\":\"https:\/\/noordconnect.com\/es\/wp-content\/uploads\/2021\/03\/logonordconnect.png\",\"width\":203,\"height\":84,\"caption\":\"Noord Connect\"},\"image\":{\"@id\":\"https:\/\/noordconnect.com\/es\/#\/schema\/logo\/image\/\"},\"sameAs\":[\"https:\/\/www.facebook.com\/NoordConnect\/\",\"https:\/\/www.linkedin.com\/in\/noord-connect-jsc-67288563\/\"]}]}<\/script>\n<!-- \/ Yoast SEO plugin. -->","yoast_head_json":{"title":"\u0413\u043b\u0430\u0432\u043d\u0430\u044f 2 \u0411\u041b\u041e\u041a - TRANSPORTE DE MERCANC\u00cdAS PELIGROSAS - Noord Connect","robots":{"index":"index","follow":"follow","max-snippet":"max-snippet:-1","max-image-preview":"max-image-preview:large","max-video-preview":"max-video-preview:-1"},"canonical":"https:\/\/noordconnect.com\/es\/block_2\/","og_locale":"ru_RU","og_type":"article","og_title":"\u0413\u043b\u0430\u0432\u043d\u0430\u044f 2 \u0411\u041b\u041e\u041a - TRANSPORTE DE MERCANC\u00cdAS PELIGROSAS - Noord Connect","og_description":"TRANSPORTE DE MERCANC\u00cdAS PELIGROSAS Las mercanc\u00edas peligrosas son art\u00edculos que, al ser transportados, presenten un&nbsp;peligro para la&nbsp;vida, la&nbsp;salud o&nbsp;el&nbsp;medio ambiente. Las&nbsp;mercanc\u00edas peligrosas se&nbsp;transportan por distintos medios de&nbsp;transporte: a\u00e9reo, terrestre y&nbsp;mar\u00edtimo. Al transportar las mercanc\u00edas peligrosas bajo la&nbsp;modalidad de&nbsp;grupaje se necesita respetar las normas de&nbsp;compatibilidad de&nbsp;mercanc\u00edas de&nbsp;varias clases. Las mercanc\u00edas peligrosas se transportan conforme a&nbsp;la&nbsp;normativa que","og_url":"https:\/\/noordconnect.com\/es\/block_2\/","og_site_name":"Noord Connect","article_publisher":"https:\/\/www.facebook.com\/NoordConnect\/","article_modified_time":"2021-03-31T09:23:54+00:00","og_image":[{"width":1080,"height":396,"url":"https:\/\/noordconnect.com\/es\/wp-content\/uploads\/2021\/03\/ncfb.jpg","type":"image\/jpeg"}],"twitter_card":"summary_large_image","twitter_misc":{"\u041f\u0440\u0438\u043c\u0435\u0440\u043d\u043e\u0435 \u0432\u0440\u0435\u043c\u044f \u0434\u043b\u044f \u0447\u0442\u0435\u043d\u0438\u044f":"1 \u043c\u0438\u043d\u0443\u0442\u0430"},"schema":{"@context":"https:\/\/schema.org","@graph":[{"@type":"WebPage","@id":"https:\/\/noordconnect.com\/es\/block_2\/","url":"https:\/\/noordconnect.com\/es\/block_2\/","name":"\u0413\u043b\u0430\u0432\u043d\u0430\u044f 2 \u0411\u041b\u041e\u041a - TRANSPORTE DE MERCANC\u00cdAS PELIGROSAS - Noord Connect","isPartOf":{"@id":"https:\/\/noordconnect.com\/es\/#website"},"datePublished":"2021-03-30T12:46:04+00:00","dateModified":"2021-03-31T09:23:54+00:00","breadcrumb":{"@id":"https:\/\/noordconnect.com\/es\/block_2\/#breadcrumb"},"inLanguage":"ru-RU","potentialAction":[{"@type":"ReadAction","target":["https:\/\/noordconnect.com\/es\/block_2\/"]}]},{"@type":"BreadcrumbList","@id":"https:\/\/noordconnect.com\/es\/block_2\/#breadcrumb","itemListElement":[{"@type":"ListItem","position":1,"name":"\u0413\u043b\u0430\u0432\u043d\u0430\u044f \u0441\u0442\u0440\u0430\u043d\u0438\u0446\u0430","item":"https:\/\/noordconnect.com\/es\/"},{"@type":"ListItem","position":2,"name":"\u0413\u043b\u0430\u0432\u043d\u0430\u044f 2 \u0411\u041b\u041e\u041a &#8212; TRANSPORTE DE MERCANC\u00cdAS PELIGROSAS"}]},{"@type":"WebSite","@id":"https:\/\/noordconnect.com\/es\/#website","url":"https:\/\/noordconnect.com\/es\/","name":"Noord Connect","description":"Transporte a\u00e9reo internacional y multimodal, entrega de mercanc\u00edas peligrosas","publisher":{"@id":"https:\/\/noordconnect.com\/es\/#organization"},"potentialAction":[{"@type":"SearchAction","target":{"@type":"EntryPoint","urlTemplate":"https:\/\/noordconnect.com\/es\/?s={search_term_string}"},"query-input":{"@type":"PropertyValueSpecification","valueRequired":true,"valueName":"search_term_string"}}],"inLanguage":"ru-RU"},{"@type":"Organization","@id":"https:\/\/noordconnect.com\/es\/#organization","name":"Noord Connect","url":"https:\/\/noordconnect.com\/es\/","logo":{"@type":"ImageObject","inLanguage":"ru-RU","@id":"https:\/\/noordconnect.com\/es\/#\/schema\/logo\/image\/","url":"https:\/\/noordconnect.com\/es\/wp-content\/uploads\/2021\/03\/logonordconnect.png","contentUrl":"https:\/\/noordconnect.com\/es\/wp-content\/uploads\/2021\/03\/logonordconnect.png","width":203,"height":84,"caption":"Noord Connect"},"image":{"@id":"https:\/\/noordconnect.com\/es\/#\/schema\/logo\/image\/"},"sameAs":["https:\/\/www.facebook.com\/NoordConnect\/","https:\/\/www.linkedin.com\/in\/noord-connect-jsc-67288563\/"]}]}},"_links":{"self":[{"href":"https:\/\/noordconnect.com\/es\/wp-json\/wp\/v2\/pages\/20","targetHints":{"allow":["GET"]}}],"collection":[{"href":"https:\/\/noordconnect.com\/es\/wp-json\/wp\/v2\/pages"}],"about":[{"href":"https:\/\/noordconnect.com\/es\/wp-json\/wp\/v2\/types\/page"}],"author":[{"embeddable":true,"href":"https:\/\/noordconnect.com\/es\/wp-json\/wp\/v2\/users\/1"}],"replies":[{"embeddable":true,"href":"https:\/\/noordconnect.com\/es\/wp-json\/wp\/v2\/comments?post=20"}],"version-history":[{"count":9,"href":"https:\/\/noordconnect.com\/es\/wp-json\/wp\/v2\/pages\/20\/revisions"}],"predecessor-version":[{"id":122,"href":"https:\/\/noordconnect.com\/es\/wp-json\/wp\/v2\/pages\/20\/revisions\/122"}],"wp:attachment":[{"href":"https:\/\/noordconnect.com\/es\/wp-json\/wp\/v2\/media?parent=20"}],"curies":[{"name":"wp","href":"https:\/\/api.w.org\/{rel}","templated":true}]}}