{"id":26,"date":"2021-03-30T15:47:43","date_gmt":"2021-03-30T12:47:43","guid":{"rendered":"https:\/\/noordconnect.com\/es\/?page_id=26"},"modified":"2021-09-10T15:52:08","modified_gmt":"2021-09-10T12:52:08","slug":"block_5","status":"publish","type":"page","link":"https:\/\/noordconnect.com\/es\/block_5\/","title":{"rendered":"\u0413\u043b\u0430\u0432\u043d\u0430\u044f 5 \u0411\u041b\u041e\u041a \u2014 EXPEDICI\u00d3N DE CARGAS"},"content":{"rendered":"<h2>EXPEDICI\u00d3N DE&nbsp;CARGAS<\/h2>\n<h3>En&nbsp;Europa, de&nbsp;Europa a&nbsp;Rusia, de&nbsp;China a&nbsp;Europa, Rusia y&nbsp;pa\u00edses de&nbsp;la&nbsp;CEI<\/h3>\n<p>Gracias a nuestra larga experiencia profesional, al&nbsp;personal de&nbsp;alta cualificaci\u00f3n y&nbsp;a&nbsp;la&nbsp;amplia red de&nbsp;socios, le&nbsp;garantizamos que Usted disfrutar\u00e1 de&nbsp;una combinaci\u00f3n \u00f3ptima del&nbsp;costo, ruta y&nbsp;plazo de&nbsp;entrega.<\/p>\n<p>Nuestros expertos analizar\u00e1n su solicitud, seleccionar\u00e1n el&nbsp;esquema \u00f3ptimo de&nbsp;transporte, determinar\u00e1n el&nbsp;plazo de&nbsp;entrega y&nbsp;el&nbsp;modo de&nbsp;transporte, contratar\u00e1n el&nbsp;seguro, tramitar\u00e1n los documentos, determinar\u00e1n los c\u00f3digos aduaneros y&nbsp;har\u00e1n el&nbsp;dictamen acerca de&nbsp;las&nbsp;tarifas, organizar\u00e1n el&nbsp;almacenamiento, guarda y&nbsp;custodia de&nbsp;sus mercanc\u00edas.<\/p>\n<p>Las operaciones en el&nbsp;territorio de&nbsp;Europa se regulan por los&nbsp;siguientes documentos:<\/p>\n<ul>\n<li>Reglamentos de&nbsp;la Asociaci\u00f3n Holandesa de&nbsp;Transporte y&nbsp;Log\u00edstica de&nbsp;los&nbsp;Pa\u00edses Bajos, si no se&nbsp;acuerda lo&nbsp;contrario;<\/li>\n<li>Transporte nacional: condiciones AVC. (1983);<\/li>\n<li>Transporte internacional: condiciones CMR adicionalmente a&nbsp;las&nbsp;condiciones AVC;<\/li>\n<li>El pago de&nbsp;servicios se&nbsp;regula por las&nbsp;condiciones TLN.<\/li>\n<\/ul>\n","protected":false},"excerpt":{"rendered":"<p>EXPEDICI\u00d3N DE&nbsp;CARGAS En&nbsp;Europa, de&nbsp;Europa a&nbsp;Rusia, de&nbsp;China a&nbsp;Europa, Rusia y&nbsp;pa\u00edses de&nbsp;la&nbsp;CEI Gracias a nuestra larga experiencia profesional, al&nbsp;personal de&nbsp;alta cualificaci\u00f3n y&nbsp;a&nbsp;la&nbsp;amplia red de&nbsp;socios, le&nbsp;garantizamos que Usted disfrutar\u00e1 de&nbsp;una combinaci\u00f3n \u00f3ptima del&nbsp;costo, ruta y&nbsp;plazo de&nbsp;entrega. Nuestros expertos analizar\u00e1n su solicitud, seleccionar\u00e1n el&nbsp;esquema \u00f3ptimo de&nbsp;transporte, determinar\u00e1n el&nbsp;plazo de&nbsp;entrega y&nbsp;el&nbsp;modo de&nbsp;transporte, contratar\u00e1n el&nbsp;seguro, tramitar\u00e1n los documentos, determinar\u00e1n los c\u00f3digos<\/p>\n","protected":false},"author":1,"featured_media":0,"parent":0,"menu_order":0,"comment_status":"closed","ping_status":"closed","template":"","meta":{"footnotes":""},"class_list":["post-26","page","type-page","status-publish","hentry"],"yoast_head":"<!-- This site is optimized with the Yoast SEO plugin v24.9 - https:\/\/yoast.com\/wordpress\/plugins\/seo\/ -->\n<title>\u0413\u043b\u0430\u0432\u043d\u0430\u044f 5 \u0411\u041b\u041e\u041a \u2014 EXPEDICI\u00d3N DE CARGAS - Noord Connect<\/title>\n<meta name=\"robots\" content=\"index, follow, max-snippet:-1, max-image-preview:large, max-video-preview:-1\" \/>\n<link rel=\"canonical\" href=\"https:\/\/noordconnect.com\/es\/block_5\/\" \/>\n<meta property=\"og:locale\" content=\"ru_RU\" \/>\n<meta property=\"og:type\" content=\"article\" \/>\n<meta property=\"og:title\" content=\"\u0413\u043b\u0430\u0432\u043d\u0430\u044f 5 \u0411\u041b\u041e\u041a \u2014 EXPEDICI\u00d3N DE CARGAS - Noord Connect\" \/>\n<meta property=\"og:description\" content=\"EXPEDICI\u00d3N DE&nbsp;CARGAS En&nbsp;Europa, de&nbsp;Europa a&nbsp;Rusia, de&nbsp;China a&nbsp;Europa, Rusia y&nbsp;pa\u00edses de&nbsp;la&nbsp;CEI Gracias a nuestra larga experiencia profesional, al&nbsp;personal de&nbsp;alta cualificaci\u00f3n y&nbsp;a&nbsp;la&nbsp;amplia red de&nbsp;socios, le&nbsp;garantizamos que Usted disfrutar\u00e1 de&nbsp;una combinaci\u00f3n \u00f3ptima del&nbsp;costo, ruta y&nbsp;plazo de&nbsp;entrega. Nuestros expertos analizar\u00e1n su solicitud, seleccionar\u00e1n el&nbsp;esquema \u00f3ptimo de&nbsp;transporte, determinar\u00e1n el&nbsp;plazo de&nbsp;entrega y&nbsp;el&nbsp;modo de&nbsp;transporte, contratar\u00e1n el&nbsp;seguro, tramitar\u00e1n los documentos, determinar\u00e1n los c\u00f3digos\" \/>\n<meta property=\"og:url\" content=\"https:\/\/noordconnect.com\/es\/block_5\/\" \/>\n<meta property=\"og:site_name\" content=\"Noord Connect\" \/>\n<meta property=\"article:publisher\" content=\"https:\/\/www.facebook.com\/NoordConnect\/\" \/>\n<meta property=\"article:modified_time\" content=\"2021-09-10T12:52:08+00:00\" \/>\n<meta property=\"og:image\" content=\"https:\/\/noordconnect.com\/es\/wp-content\/uploads\/2021\/03\/ncfb.jpg\" \/>\n\t<meta property=\"og:image:width\" content=\"1080\" \/>\n\t<meta property=\"og:image:height\" content=\"396\" \/>\n\t<meta property=\"og:image:type\" content=\"image\/jpeg\" \/>\n<meta name=\"twitter:card\" content=\"summary_large_image\" \/>\n<meta name=\"twitter:label1\" content=\"\u041f\u0440\u0438\u043c\u0435\u0440\u043d\u043e\u0435 \u0432\u0440\u0435\u043c\u044f \u0434\u043b\u044f \u0447\u0442\u0435\u043d\u0438\u044f\" \/>\n\t<meta name=\"twitter:data1\" content=\"1 \u043c\u0438\u043d\u0443\u0442\u0430\" \/>\n<script type=\"application\/ld+json\" class=\"yoast-schema-graph\">{\"@context\":\"https:\/\/schema.org\",\"@graph\":[{\"@type\":\"WebPage\",\"@id\":\"https:\/\/noordconnect.com\/es\/block_5\/\",\"url\":\"https:\/\/noordconnect.com\/es\/block_5\/\",\"name\":\"\u0413\u043b\u0430\u0432\u043d\u0430\u044f 5 \u0411\u041b\u041e\u041a \u2014 EXPEDICI\u00d3N DE CARGAS - Noord Connect\",\"isPartOf\":{\"@id\":\"https:\/\/noordconnect.com\/es\/#website\"},\"datePublished\":\"2021-03-30T12:47:43+00:00\",\"dateModified\":\"2021-09-10T12:52:08+00:00\",\"breadcrumb\":{\"@id\":\"https:\/\/noordconnect.com\/es\/block_5\/#breadcrumb\"},\"inLanguage\":\"ru-RU\",\"potentialAction\":[{\"@type\":\"ReadAction\",\"target\":[\"https:\/\/noordconnect.com\/es\/block_5\/\"]}]},{\"@type\":\"BreadcrumbList\",\"@id\":\"https:\/\/noordconnect.com\/es\/block_5\/#breadcrumb\",\"itemListElement\":[{\"@type\":\"ListItem\",\"position\":1,\"name\":\"\u0413\u043b\u0430\u0432\u043d\u0430\u044f \u0441\u0442\u0440\u0430\u043d\u0438\u0446\u0430\",\"item\":\"https:\/\/noordconnect.com\/es\/\"},{\"@type\":\"ListItem\",\"position\":2,\"name\":\"\u0413\u043b\u0430\u0432\u043d\u0430\u044f 5 \u0411\u041b\u041e\u041a \u2014 EXPEDICI\u00d3N DE CARGAS\"}]},{\"@type\":\"WebSite\",\"@id\":\"https:\/\/noordconnect.com\/es\/#website\",\"url\":\"https:\/\/noordconnect.com\/es\/\",\"name\":\"Noord Connect\",\"description\":\"Transporte a\u00e9reo internacional y multimodal, entrega de mercanc\u00edas peligrosas\",\"publisher\":{\"@id\":\"https:\/\/noordconnect.com\/es\/#organization\"},\"potentialAction\":[{\"@type\":\"SearchAction\",\"target\":{\"@type\":\"EntryPoint\",\"urlTemplate\":\"https:\/\/noordconnect.com\/es\/?s={search_term_string}\"},\"query-input\":{\"@type\":\"PropertyValueSpecification\",\"valueRequired\":true,\"valueName\":\"search_term_string\"}}],\"inLanguage\":\"ru-RU\"},{\"@type\":\"Organization\",\"@id\":\"https:\/\/noordconnect.com\/es\/#organization\",\"name\":\"Noord Connect\",\"url\":\"https:\/\/noordconnect.com\/es\/\",\"logo\":{\"@type\":\"ImageObject\",\"inLanguage\":\"ru-RU\",\"@id\":\"https:\/\/noordconnect.com\/es\/#\/schema\/logo\/image\/\",\"url\":\"https:\/\/noordconnect.com\/es\/wp-content\/uploads\/2021\/03\/logonordconnect.png\",\"contentUrl\":\"https:\/\/noordconnect.com\/es\/wp-content\/uploads\/2021\/03\/logonordconnect.png\",\"width\":203,\"height\":84,\"caption\":\"Noord Connect\"},\"image\":{\"@id\":\"https:\/\/noordconnect.com\/es\/#\/schema\/logo\/image\/\"},\"sameAs\":[\"https:\/\/www.facebook.com\/NoordConnect\/\",\"https:\/\/www.linkedin.com\/in\/noord-connect-jsc-67288563\/\"]}]}<\/script>\n<!-- \/ Yoast SEO plugin. -->","yoast_head_json":{"title":"\u0413\u043b\u0430\u0432\u043d\u0430\u044f 5 \u0411\u041b\u041e\u041a \u2014 EXPEDICI\u00d3N DE CARGAS - Noord Connect","robots":{"index":"index","follow":"follow","max-snippet":"max-snippet:-1","max-image-preview":"max-image-preview:large","max-video-preview":"max-video-preview:-1"},"canonical":"https:\/\/noordconnect.com\/es\/block_5\/","og_locale":"ru_RU","og_type":"article","og_title":"\u0413\u043b\u0430\u0432\u043d\u0430\u044f 5 \u0411\u041b\u041e\u041a \u2014 EXPEDICI\u00d3N DE CARGAS - Noord Connect","og_description":"EXPEDICI\u00d3N DE&nbsp;CARGAS En&nbsp;Europa, de&nbsp;Europa a&nbsp;Rusia, de&nbsp;China a&nbsp;Europa, Rusia y&nbsp;pa\u00edses de&nbsp;la&nbsp;CEI Gracias a nuestra larga experiencia profesional, al&nbsp;personal de&nbsp;alta cualificaci\u00f3n y&nbsp;a&nbsp;la&nbsp;amplia red de&nbsp;socios, le&nbsp;garantizamos que Usted disfrutar\u00e1 de&nbsp;una combinaci\u00f3n \u00f3ptima del&nbsp;costo, ruta y&nbsp;plazo de&nbsp;entrega. Nuestros expertos analizar\u00e1n su solicitud, seleccionar\u00e1n el&nbsp;esquema \u00f3ptimo de&nbsp;transporte, determinar\u00e1n el&nbsp;plazo de&nbsp;entrega y&nbsp;el&nbsp;modo de&nbsp;transporte, contratar\u00e1n el&nbsp;seguro, tramitar\u00e1n los documentos, determinar\u00e1n los c\u00f3digos","og_url":"https:\/\/noordconnect.com\/es\/block_5\/","og_site_name":"Noord Connect","article_publisher":"https:\/\/www.facebook.com\/NoordConnect\/","article_modified_time":"2021-09-10T12:52:08+00:00","og_image":[{"width":1080,"height":396,"url":"https:\/\/noordconnect.com\/es\/wp-content\/uploads\/2021\/03\/ncfb.jpg","type":"image\/jpeg"}],"twitter_card":"summary_large_image","twitter_misc":{"\u041f\u0440\u0438\u043c\u0435\u0440\u043d\u043e\u0435 \u0432\u0440\u0435\u043c\u044f \u0434\u043b\u044f \u0447\u0442\u0435\u043d\u0438\u044f":"1 \u043c\u0438\u043d\u0443\u0442\u0430"},"schema":{"@context":"https:\/\/schema.org","@graph":[{"@type":"WebPage","@id":"https:\/\/noordconnect.com\/es\/block_5\/","url":"https:\/\/noordconnect.com\/es\/block_5\/","name":"\u0413\u043b\u0430\u0432\u043d\u0430\u044f 5 \u0411\u041b\u041e\u041a \u2014 EXPEDICI\u00d3N DE CARGAS - Noord Connect","isPartOf":{"@id":"https:\/\/noordconnect.com\/es\/#website"},"datePublished":"2021-03-30T12:47:43+00:00","dateModified":"2021-09-10T12:52:08+00:00","breadcrumb":{"@id":"https:\/\/noordconnect.com\/es\/block_5\/#breadcrumb"},"inLanguage":"ru-RU","potentialAction":[{"@type":"ReadAction","target":["https:\/\/noordconnect.com\/es\/block_5\/"]}]},{"@type":"BreadcrumbList","@id":"https:\/\/noordconnect.com\/es\/block_5\/#breadcrumb","itemListElement":[{"@type":"ListItem","position":1,"name":"\u0413\u043b\u0430\u0432\u043d\u0430\u044f \u0441\u0442\u0440\u0430\u043d\u0438\u0446\u0430","item":"https:\/\/noordconnect.com\/es\/"},{"@type":"ListItem","position":2,"name":"\u0413\u043b\u0430\u0432\u043d\u0430\u044f 5 \u0411\u041b\u041e\u041a \u2014 EXPEDICI\u00d3N DE CARGAS"}]},{"@type":"WebSite","@id":"https:\/\/noordconnect.com\/es\/#website","url":"https:\/\/noordconnect.com\/es\/","name":"Noord Connect","description":"Transporte a\u00e9reo internacional y multimodal, entrega de mercanc\u00edas peligrosas","publisher":{"@id":"https:\/\/noordconnect.com\/es\/#organization"},"potentialAction":[{"@type":"SearchAction","target":{"@type":"EntryPoint","urlTemplate":"https:\/\/noordconnect.com\/es\/?s={search_term_string}"},"query-input":{"@type":"PropertyValueSpecification","valueRequired":true,"valueName":"search_term_string"}}],"inLanguage":"ru-RU"},{"@type":"Organization","@id":"https:\/\/noordconnect.com\/es\/#organization","name":"Noord Connect","url":"https:\/\/noordconnect.com\/es\/","logo":{"@type":"ImageObject","inLanguage":"ru-RU","@id":"https:\/\/noordconnect.com\/es\/#\/schema\/logo\/image\/","url":"https:\/\/noordconnect.com\/es\/wp-content\/uploads\/2021\/03\/logonordconnect.png","contentUrl":"https:\/\/noordconnect.com\/es\/wp-content\/uploads\/2021\/03\/logonordconnect.png","width":203,"height":84,"caption":"Noord Connect"},"image":{"@id":"https:\/\/noordconnect.com\/es\/#\/schema\/logo\/image\/"},"sameAs":["https:\/\/www.facebook.com\/NoordConnect\/","https:\/\/www.linkedin.com\/in\/noord-connect-jsc-67288563\/"]}]}},"_links":{"self":[{"href":"https:\/\/noordconnect.com\/es\/wp-json\/wp\/v2\/pages\/26","targetHints":{"allow":["GET"]}}],"collection":[{"href":"https:\/\/noordconnect.com\/es\/wp-json\/wp\/v2\/pages"}],"about":[{"href":"https:\/\/noordconnect.com\/es\/wp-json\/wp\/v2\/types\/page"}],"author":[{"embeddable":true,"href":"https:\/\/noordconnect.com\/es\/wp-json\/wp\/v2\/users\/1"}],"replies":[{"embeddable":true,"href":"https:\/\/noordconnect.com\/es\/wp-json\/wp\/v2\/comments?post=26"}],"version-history":[{"count":9,"href":"https:\/\/noordconnect.com\/es\/wp-json\/wp\/v2\/pages\/26\/revisions"}],"predecessor-version":[{"id":193,"href":"https:\/\/noordconnect.com\/es\/wp-json\/wp\/v2\/pages\/26\/revisions\/193"}],"wp:attachment":[{"href":"https:\/\/noordconnect.com\/es\/wp-json\/wp\/v2\/media?parent=26"}],"curies":[{"name":"wp","href":"https:\/\/api.w.org\/{rel}","templated":true}]}}