{"id":32,"date":"2021-03-30T15:49:13","date_gmt":"2021-03-30T12:49:13","guid":{"rendered":"https:\/\/noordconnect.com\/es\/?page_id=32"},"modified":"2022-02-04T01:46:29","modified_gmt":"2022-02-03T22:46:29","slug":"block_8","status":"publish","type":"page","link":"https:\/\/noordconnect.com\/es\/block_8\/","title":{"rendered":"\u0413\u043b\u0430\u0432\u043d\u0430\u044f 8 \u0411\u041b\u041e\u041a \u2014 ALMACENAMIENTO"},"content":{"rendered":"<h2>ALMACENAMIENTO<\/h2>\n<p><a href=\"https:\/\/noordconnect.com\/wp-content\/uploads\/2022\/02\/noordconnect_publicoffer.pdf\"><span style=\"color: #000;\">Public offer agreement for storage and&nbsp;warehouse service<\/span> .pdf<\/a><!--<br \/>\n<a href=\"https:\/\/noordconnect.com\/wp-content\/uploads\/2022\/02\/noordconnect_doc_005.pdf\"><span style=\"color: #000;\">\u0414\u043e\u0433\u043e\u0432\u043e\u0440 \u043f\u0443\u0431\u043b\u0438\u0447\u043d\u043e\u0439 \u043e\u0444\u0435\u0440\u0442\u044b \u043d\u0430&nbsp;\u0445\u0440\u0430\u043d\u0435\u043d\u0438\u0435 \u0438&nbsp;\u0441\u043a\u043b\u0430\u0434\u0441\u043a\u043e\u0435 \u043e\u0431\u0441\u043b\u0443\u0436\u0438\u0432\u0430\u043d\u0438\u0435<\/span> .pdf<\/a>--><\/p>\n<h3>Rusia, UE, India y&nbsp;China<\/h3>\n<p>El almacenamiento es una etapa importante en&nbsp;cualquier esquema de&nbsp;transporte de&nbsp;cargas. Ofrecemos los servicios de&nbsp;almacenamiento y&nbsp;tratamiento de&nbsp;mercanc\u00edas teniendo en&nbsp;cuenta sus particularidades f\u00edsicas y requisitos especiales para distintos tipos de&nbsp;cargas, incluidos el&nbsp;mantenimiento del&nbsp;r\u00e9gimen de&nbsp;temperatura espec\u00edfico y&nbsp;el uso de&nbsp;cajas de&nbsp;seguridad. <\/p>\n<p><strong>Todos nuestros almacenes se sit\u00faan c\u00f3modamente y&nbsp;est\u00e1n dotados con sistemas modernos de&nbsp;control.<\/strong><\/p>\n","protected":false},"excerpt":{"rendered":"<p>ALMACENAMIENTO Public offer agreement for storage and&nbsp;warehouse service .pdf Rusia, UE, India y&nbsp;China El almacenamiento es una etapa importante en&nbsp;cualquier esquema de&nbsp;transporte de&nbsp;cargas. Ofrecemos los servicios de&nbsp;almacenamiento y&nbsp;tratamiento de&nbsp;mercanc\u00edas teniendo en&nbsp;cuenta sus particularidades f\u00edsicas y requisitos especiales para distintos tipos de&nbsp;cargas, incluidos el&nbsp;mantenimiento del&nbsp;r\u00e9gimen de&nbsp;temperatura espec\u00edfico y&nbsp;el uso de&nbsp;cajas de&nbsp;seguridad. Todos nuestros almacenes se sit\u00faan<\/p>\n","protected":false},"author":1,"featured_media":0,"parent":0,"menu_order":0,"comment_status":"closed","ping_status":"closed","template":"","meta":{"footnotes":""},"class_list":["post-32","page","type-page","status-publish","hentry"],"yoast_head":"<!-- This site is optimized with the Yoast SEO plugin v24.9 - https:\/\/yoast.com\/wordpress\/plugins\/seo\/ -->\n<title>\u0413\u043b\u0430\u0432\u043d\u0430\u044f 8 \u0411\u041b\u041e\u041a \u2014 ALMACENAMIENTO - Noord Connect<\/title>\n<meta name=\"robots\" content=\"index, follow, max-snippet:-1, max-image-preview:large, max-video-preview:-1\" \/>\n<link rel=\"canonical\" href=\"https:\/\/noordconnect.com\/es\/block_8\/\" \/>\n<meta property=\"og:locale\" content=\"ru_RU\" \/>\n<meta property=\"og:type\" content=\"article\" \/>\n<meta property=\"og:title\" content=\"\u0413\u043b\u0430\u0432\u043d\u0430\u044f 8 \u0411\u041b\u041e\u041a \u2014 ALMACENAMIENTO - Noord Connect\" \/>\n<meta property=\"og:description\" content=\"ALMACENAMIENTO Public offer agreement for storage and&nbsp;warehouse service .pdf Rusia, UE, India y&nbsp;China El almacenamiento es una etapa importante en&nbsp;cualquier esquema de&nbsp;transporte de&nbsp;cargas. Ofrecemos los servicios de&nbsp;almacenamiento y&nbsp;tratamiento de&nbsp;mercanc\u00edas teniendo en&nbsp;cuenta sus particularidades f\u00edsicas y requisitos especiales para distintos tipos de&nbsp;cargas, incluidos el&nbsp;mantenimiento del&nbsp;r\u00e9gimen de&nbsp;temperatura espec\u00edfico y&nbsp;el uso de&nbsp;cajas de&nbsp;seguridad. Todos nuestros almacenes se sit\u00faan\" \/>\n<meta property=\"og:url\" content=\"https:\/\/noordconnect.com\/es\/block_8\/\" \/>\n<meta property=\"og:site_name\" content=\"Noord Connect\" \/>\n<meta property=\"article:publisher\" content=\"https:\/\/www.facebook.com\/NoordConnect\/\" \/>\n<meta property=\"article:modified_time\" content=\"2022-02-03T22:46:29+00:00\" \/>\n<meta property=\"og:image\" content=\"https:\/\/noordconnect.com\/es\/wp-content\/uploads\/2021\/03\/ncfb.jpg\" \/>\n\t<meta property=\"og:image:width\" content=\"1080\" \/>\n\t<meta property=\"og:image:height\" content=\"396\" \/>\n\t<meta property=\"og:image:type\" content=\"image\/jpeg\" \/>\n<meta name=\"twitter:card\" content=\"summary_large_image\" \/>\n<meta name=\"twitter:label1\" content=\"\u041f\u0440\u0438\u043c\u0435\u0440\u043d\u043e\u0435 \u0432\u0440\u0435\u043c\u044f \u0434\u043b\u044f \u0447\u0442\u0435\u043d\u0438\u044f\" \/>\n\t<meta name=\"twitter:data1\" content=\"1 \u043c\u0438\u043d\u0443\u0442\u0430\" \/>\n<script type=\"application\/ld+json\" class=\"yoast-schema-graph\">{\"@context\":\"https:\/\/schema.org\",\"@graph\":[{\"@type\":\"WebPage\",\"@id\":\"https:\/\/noordconnect.com\/es\/block_8\/\",\"url\":\"https:\/\/noordconnect.com\/es\/block_8\/\",\"name\":\"\u0413\u043b\u0430\u0432\u043d\u0430\u044f 8 \u0411\u041b\u041e\u041a \u2014 ALMACENAMIENTO - Noord Connect\",\"isPartOf\":{\"@id\":\"https:\/\/noordconnect.com\/es\/#website\"},\"datePublished\":\"2021-03-30T12:49:13+00:00\",\"dateModified\":\"2022-02-03T22:46:29+00:00\",\"breadcrumb\":{\"@id\":\"https:\/\/noordconnect.com\/es\/block_8\/#breadcrumb\"},\"inLanguage\":\"ru-RU\",\"potentialAction\":[{\"@type\":\"ReadAction\",\"target\":[\"https:\/\/noordconnect.com\/es\/block_8\/\"]}]},{\"@type\":\"BreadcrumbList\",\"@id\":\"https:\/\/noordconnect.com\/es\/block_8\/#breadcrumb\",\"itemListElement\":[{\"@type\":\"ListItem\",\"position\":1,\"name\":\"\u0413\u043b\u0430\u0432\u043d\u0430\u044f \u0441\u0442\u0440\u0430\u043d\u0438\u0446\u0430\",\"item\":\"https:\/\/noordconnect.com\/es\/\"},{\"@type\":\"ListItem\",\"position\":2,\"name\":\"\u0413\u043b\u0430\u0432\u043d\u0430\u044f 8 \u0411\u041b\u041e\u041a \u2014 ALMACENAMIENTO\"}]},{\"@type\":\"WebSite\",\"@id\":\"https:\/\/noordconnect.com\/es\/#website\",\"url\":\"https:\/\/noordconnect.com\/es\/\",\"name\":\"Noord Connect\",\"description\":\"Transporte a\u00e9reo internacional y multimodal, entrega de mercanc\u00edas peligrosas\",\"publisher\":{\"@id\":\"https:\/\/noordconnect.com\/es\/#organization\"},\"potentialAction\":[{\"@type\":\"SearchAction\",\"target\":{\"@type\":\"EntryPoint\",\"urlTemplate\":\"https:\/\/noordconnect.com\/es\/?s={search_term_string}\"},\"query-input\":{\"@type\":\"PropertyValueSpecification\",\"valueRequired\":true,\"valueName\":\"search_term_string\"}}],\"inLanguage\":\"ru-RU\"},{\"@type\":\"Organization\",\"@id\":\"https:\/\/noordconnect.com\/es\/#organization\",\"name\":\"Noord Connect\",\"url\":\"https:\/\/noordconnect.com\/es\/\",\"logo\":{\"@type\":\"ImageObject\",\"inLanguage\":\"ru-RU\",\"@id\":\"https:\/\/noordconnect.com\/es\/#\/schema\/logo\/image\/\",\"url\":\"https:\/\/noordconnect.com\/es\/wp-content\/uploads\/2021\/03\/logonordconnect.png\",\"contentUrl\":\"https:\/\/noordconnect.com\/es\/wp-content\/uploads\/2021\/03\/logonordconnect.png\",\"width\":203,\"height\":84,\"caption\":\"Noord Connect\"},\"image\":{\"@id\":\"https:\/\/noordconnect.com\/es\/#\/schema\/logo\/image\/\"},\"sameAs\":[\"https:\/\/www.facebook.com\/NoordConnect\/\",\"https:\/\/www.linkedin.com\/in\/noord-connect-jsc-67288563\/\"]}]}<\/script>\n<!-- \/ Yoast SEO plugin. -->","yoast_head_json":{"title":"\u0413\u043b\u0430\u0432\u043d\u0430\u044f 8 \u0411\u041b\u041e\u041a \u2014 ALMACENAMIENTO - Noord Connect","robots":{"index":"index","follow":"follow","max-snippet":"max-snippet:-1","max-image-preview":"max-image-preview:large","max-video-preview":"max-video-preview:-1"},"canonical":"https:\/\/noordconnect.com\/es\/block_8\/","og_locale":"ru_RU","og_type":"article","og_title":"\u0413\u043b\u0430\u0432\u043d\u0430\u044f 8 \u0411\u041b\u041e\u041a \u2014 ALMACENAMIENTO - Noord Connect","og_description":"ALMACENAMIENTO Public offer agreement for storage and&nbsp;warehouse service .pdf Rusia, UE, India y&nbsp;China El almacenamiento es una etapa importante en&nbsp;cualquier esquema de&nbsp;transporte de&nbsp;cargas. Ofrecemos los servicios de&nbsp;almacenamiento y&nbsp;tratamiento de&nbsp;mercanc\u00edas teniendo en&nbsp;cuenta sus particularidades f\u00edsicas y requisitos especiales para distintos tipos de&nbsp;cargas, incluidos el&nbsp;mantenimiento del&nbsp;r\u00e9gimen de&nbsp;temperatura espec\u00edfico y&nbsp;el uso de&nbsp;cajas de&nbsp;seguridad. Todos nuestros almacenes se sit\u00faan","og_url":"https:\/\/noordconnect.com\/es\/block_8\/","og_site_name":"Noord Connect","article_publisher":"https:\/\/www.facebook.com\/NoordConnect\/","article_modified_time":"2022-02-03T22:46:29+00:00","og_image":[{"width":1080,"height":396,"url":"https:\/\/noordconnect.com\/es\/wp-content\/uploads\/2021\/03\/ncfb.jpg","type":"image\/jpeg"}],"twitter_card":"summary_large_image","twitter_misc":{"\u041f\u0440\u0438\u043c\u0435\u0440\u043d\u043e\u0435 \u0432\u0440\u0435\u043c\u044f \u0434\u043b\u044f \u0447\u0442\u0435\u043d\u0438\u044f":"1 \u043c\u0438\u043d\u0443\u0442\u0430"},"schema":{"@context":"https:\/\/schema.org","@graph":[{"@type":"WebPage","@id":"https:\/\/noordconnect.com\/es\/block_8\/","url":"https:\/\/noordconnect.com\/es\/block_8\/","name":"\u0413\u043b\u0430\u0432\u043d\u0430\u044f 8 \u0411\u041b\u041e\u041a \u2014 ALMACENAMIENTO - Noord Connect","isPartOf":{"@id":"https:\/\/noordconnect.com\/es\/#website"},"datePublished":"2021-03-30T12:49:13+00:00","dateModified":"2022-02-03T22:46:29+00:00","breadcrumb":{"@id":"https:\/\/noordconnect.com\/es\/block_8\/#breadcrumb"},"inLanguage":"ru-RU","potentialAction":[{"@type":"ReadAction","target":["https:\/\/noordconnect.com\/es\/block_8\/"]}]},{"@type":"BreadcrumbList","@id":"https:\/\/noordconnect.com\/es\/block_8\/#breadcrumb","itemListElement":[{"@type":"ListItem","position":1,"name":"\u0413\u043b\u0430\u0432\u043d\u0430\u044f \u0441\u0442\u0440\u0430\u043d\u0438\u0446\u0430","item":"https:\/\/noordconnect.com\/es\/"},{"@type":"ListItem","position":2,"name":"\u0413\u043b\u0430\u0432\u043d\u0430\u044f 8 \u0411\u041b\u041e\u041a \u2014 ALMACENAMIENTO"}]},{"@type":"WebSite","@id":"https:\/\/noordconnect.com\/es\/#website","url":"https:\/\/noordconnect.com\/es\/","name":"Noord Connect","description":"Transporte a\u00e9reo internacional y multimodal, entrega de mercanc\u00edas peligrosas","publisher":{"@id":"https:\/\/noordconnect.com\/es\/#organization"},"potentialAction":[{"@type":"SearchAction","target":{"@type":"EntryPoint","urlTemplate":"https:\/\/noordconnect.com\/es\/?s={search_term_string}"},"query-input":{"@type":"PropertyValueSpecification","valueRequired":true,"valueName":"search_term_string"}}],"inLanguage":"ru-RU"},{"@type":"Organization","@id":"https:\/\/noordconnect.com\/es\/#organization","name":"Noord Connect","url":"https:\/\/noordconnect.com\/es\/","logo":{"@type":"ImageObject","inLanguage":"ru-RU","@id":"https:\/\/noordconnect.com\/es\/#\/schema\/logo\/image\/","url":"https:\/\/noordconnect.com\/es\/wp-content\/uploads\/2021\/03\/logonordconnect.png","contentUrl":"https:\/\/noordconnect.com\/es\/wp-content\/uploads\/2021\/03\/logonordconnect.png","width":203,"height":84,"caption":"Noord Connect"},"image":{"@id":"https:\/\/noordconnect.com\/es\/#\/schema\/logo\/image\/"},"sameAs":["https:\/\/www.facebook.com\/NoordConnect\/","https:\/\/www.linkedin.com\/in\/noord-connect-jsc-67288563\/"]}]}},"_links":{"self":[{"href":"https:\/\/noordconnect.com\/es\/wp-json\/wp\/v2\/pages\/32","targetHints":{"allow":["GET"]}}],"collection":[{"href":"https:\/\/noordconnect.com\/es\/wp-json\/wp\/v2\/pages"}],"about":[{"href":"https:\/\/noordconnect.com\/es\/wp-json\/wp\/v2\/types\/page"}],"author":[{"embeddable":true,"href":"https:\/\/noordconnect.com\/es\/wp-json\/wp\/v2\/users\/1"}],"replies":[{"embeddable":true,"href":"https:\/\/noordconnect.com\/es\/wp-json\/wp\/v2\/comments?post=32"}],"version-history":[{"count":5,"href":"https:\/\/noordconnect.com\/es\/wp-json\/wp\/v2\/pages\/32\/revisions"}],"predecessor-version":[{"id":204,"href":"https:\/\/noordconnect.com\/es\/wp-json\/wp\/v2\/pages\/32\/revisions\/204"}],"wp:attachment":[{"href":"https:\/\/noordconnect.com\/es\/wp-json\/wp\/v2\/media?parent=32"}],"curies":[{"name":"wp","href":"https:\/\/api.w.org\/{rel}","templated":true}]}}