{"id":44,"date":"2021-03-30T15:51:39","date_gmt":"2021-03-30T12:51:39","guid":{"rendered":"https:\/\/noordconnect.com\/es\/?page_id=44"},"modified":"2021-03-31T12:32:00","modified_gmt":"2021-03-31T09:32:00","slug":"block_13","status":"publish","type":"page","link":"https:\/\/noordconnect.com\/es\/block_13\/","title":{"rendered":"\u0413\u043b\u0430\u0432\u043d\u0430\u044f 13 \u0411\u041b\u041e\u041a &#8212; \u00bfQU\u00cdENES SOMOS?"},"content":{"rendered":"<h2>\u00bfQU\u00cdENES SOMOS?<\/h2>\n<p><img loading=\"lazy\" decoding=\"async\" src=\"https:\/\/noordconnect.com\/wp-content\/uploads\/2020\/06\/logo_icon.png\" alt=\"\" width=\"92\" height=\"109\" \/><\/p>\n<p><a href=\"https:\/\/noordconnect.com\/certificates\/\" rel=\"noopener noreferrer\">CERTIFICIADOS<\/a><br \/>\n<!-- a href=\"https:\/\/noordconnect.com\/licenses\/\" rel=\"noopener noreferrer\">\u041b\u0438\u0446\u0435\u043d\u0437\u0438\u0438<\/a --><br \/>\n<a href=\"\/\/www.lognetglobal.com\/directory\/members\/74591\" target=\"new\" rel=\"noopener noreferrer\">PERFIL DE NORD CONNECT EN EL SITIO WEB DE LA ASOCIACI\u00d3N LOGNET GLOBAL<\/a><\/p>\n<p>Especializamos en el transporte a\u00e9reo y multimodal a los pa\u00edses de Asia y \u00c1frica, en el transporte terrestre de cargas de los pa\u00edses de UE a Rusia, pa\u00edses de Asia Central y Oriente Pr\u00f3ximo.<\/p>\n<p>Nord Connect somos una compa\u00f1\u00eda de log\u00edstica internacional que ofrece una amplia gama de servicios de transporte y gesti\u00f3n aduanera de varios tipos de cargas transportadas por v\u00eda a\u00e9rea, mar\u00edtima, ferrocarril y carretera.<\/p>\n<p>Ayudamos a realizar todos los tr\u00e1mites aduaneros, as\u00ed como preparar correctamente los documentos de acompa\u00f1amiento y de soporte para las mercanc\u00edas importadas y exportadas de Rusia. Organizamos el tr\u00e1nsito aduanero a trav\u00e9s del territorio de Rusia y el transbordo terrestre-a\u00e9reo bajo el r\u00e9gimen de tr\u00e1nsito aduanero. Transportamos valijas diplom\u00e1ticas y muestras comerciales para ferias.<\/p>\n<p>Gozamos de amplia experiencia en el transporte de mercanc\u00edas peligrosas y voluminosas a las regiones remotas e inaccesibles, tales como Sud\u00e1n (funciones de agente mercantil y transportista, transporte a\u00e9reo de mercanc\u00edas peligrosas de la 1ra clase), Myanmar, Pap\u00faa Nueva Guinea, Nueva Zelanda (transporte multimodal de mercanc\u00edas peligrosas de la 1ra clase con transborde a\u00e9reo-mar\u00edtimo), Rep\u00fablica Democr\u00e1tica del Congo (transporte de mercanc\u00edas peligrosas de la 1ra clase), Afganist\u00e1n (transporte de piezas aeron\u00e1uticas), Guatemala, as\u00ed como realizamos con \u00e9xito varios proyectos en los pa\u00edses de Asia, \u00c1frica y Am\u00e9rica Latina.<\/p>\n<p><strong>Garantizamos a todos nuestros clientes el transporte de mercanc\u00edas r\u00e1pido, seguro y sin interrupciones. Nuestra experiencia nos permite prever todos los detalles y hacer la colaboraci\u00f3n con nosotros muy fruct\u00edfera. La empresa Nord Connect somos el miembro de la C\u00e1mara de Comercio e Industria de la Federaci\u00f3n Rusa, la Asociaci\u00f3n Rusa de Empresas de Expedici\u00f3n y Log\u00edstica y la Asociaci\u00f3n Internacional de Expedidores de Mercanc\u00edas Lognet Global.<\/strong><\/p>\n","protected":false},"excerpt":{"rendered":"<p>\u00bfQU\u00cdENES SOMOS? CERTIFICIADOS PERFIL DE NORD CONNECT EN EL SITIO WEB DE LA ASOCIACI\u00d3N LOGNET GLOBAL Especializamos en el transporte a\u00e9reo y multimodal a los pa\u00edses de Asia y \u00c1frica, en el transporte terrestre de cargas de los pa\u00edses de UE a Rusia, pa\u00edses de Asia Central y Oriente Pr\u00f3ximo. Nord Connect somos una compa\u00f1\u00eda<\/p>\n","protected":false},"author":1,"featured_media":0,"parent":0,"menu_order":0,"comment_status":"closed","ping_status":"closed","template":"","meta":{"footnotes":""},"class_list":["post-44","page","type-page","status-publish","hentry"],"yoast_head":"<!-- This site is optimized with the Yoast SEO plugin v24.9 - https:\/\/yoast.com\/wordpress\/plugins\/seo\/ -->\n<title>\u0413\u043b\u0430\u0432\u043d\u0430\u044f 13 \u0411\u041b\u041e\u041a - \u00bfQU\u00cdENES SOMOS? - Noord Connect<\/title>\n<meta name=\"robots\" content=\"index, follow, max-snippet:-1, max-image-preview:large, max-video-preview:-1\" \/>\n<link rel=\"canonical\" href=\"https:\/\/noordconnect.com\/es\/block_13\/\" \/>\n<meta property=\"og:locale\" content=\"ru_RU\" \/>\n<meta property=\"og:type\" content=\"article\" \/>\n<meta property=\"og:title\" content=\"\u0413\u043b\u0430\u0432\u043d\u0430\u044f 13 \u0411\u041b\u041e\u041a - \u00bfQU\u00cdENES SOMOS? - Noord Connect\" \/>\n<meta property=\"og:description\" content=\"\u00bfQU\u00cdENES SOMOS? CERTIFICIADOS PERFIL DE NORD CONNECT EN EL SITIO WEB DE LA ASOCIACI\u00d3N LOGNET GLOBAL Especializamos en el transporte a\u00e9reo y multimodal a los pa\u00edses de Asia y \u00c1frica, en el transporte terrestre de cargas de los pa\u00edses de UE a Rusia, pa\u00edses de Asia Central y Oriente Pr\u00f3ximo. Nord Connect somos una compa\u00f1\u00eda\" \/>\n<meta property=\"og:url\" content=\"https:\/\/noordconnect.com\/es\/block_13\/\" \/>\n<meta property=\"og:site_name\" content=\"Noord Connect\" \/>\n<meta property=\"article:publisher\" content=\"https:\/\/www.facebook.com\/NoordConnect\/\" \/>\n<meta property=\"article:modified_time\" content=\"2021-03-31T09:32:00+00:00\" \/>\n<meta property=\"og:image\" content=\"https:\/\/noordconnect.com\/wp-content\/uploads\/2020\/06\/logo_icon.png\" \/>\n<meta name=\"twitter:card\" content=\"summary_large_image\" \/>\n<meta name=\"twitter:label1\" content=\"\u041f\u0440\u0438\u043c\u0435\u0440\u043d\u043e\u0435 \u0432\u0440\u0435\u043c\u044f \u0434\u043b\u044f \u0447\u0442\u0435\u043d\u0438\u044f\" \/>\n\t<meta name=\"twitter:data1\" content=\"2 \u043c\u0438\u043d\u0443\u0442\u044b\" \/>\n<script type=\"application\/ld+json\" class=\"yoast-schema-graph\">{\"@context\":\"https:\/\/schema.org\",\"@graph\":[{\"@type\":\"WebPage\",\"@id\":\"https:\/\/noordconnect.com\/es\/block_13\/\",\"url\":\"https:\/\/noordconnect.com\/es\/block_13\/\",\"name\":\"\u0413\u043b\u0430\u0432\u043d\u0430\u044f 13 \u0411\u041b\u041e\u041a - \u00bfQU\u00cdENES SOMOS? - Noord Connect\",\"isPartOf\":{\"@id\":\"https:\/\/noordconnect.com\/es\/#website\"},\"primaryImageOfPage\":{\"@id\":\"https:\/\/noordconnect.com\/es\/block_13\/#primaryimage\"},\"image\":{\"@id\":\"https:\/\/noordconnect.com\/es\/block_13\/#primaryimage\"},\"thumbnailUrl\":\"https:\/\/noordconnect.com\/wp-content\/uploads\/2020\/06\/logo_icon.png\",\"datePublished\":\"2021-03-30T12:51:39+00:00\",\"dateModified\":\"2021-03-31T09:32:00+00:00\",\"breadcrumb\":{\"@id\":\"https:\/\/noordconnect.com\/es\/block_13\/#breadcrumb\"},\"inLanguage\":\"ru-RU\",\"potentialAction\":[{\"@type\":\"ReadAction\",\"target\":[\"https:\/\/noordconnect.com\/es\/block_13\/\"]}]},{\"@type\":\"ImageObject\",\"inLanguage\":\"ru-RU\",\"@id\":\"https:\/\/noordconnect.com\/es\/block_13\/#primaryimage\",\"url\":\"https:\/\/noordconnect.com\/wp-content\/uploads\/2020\/06\/logo_icon.png\",\"contentUrl\":\"https:\/\/noordconnect.com\/wp-content\/uploads\/2020\/06\/logo_icon.png\"},{\"@type\":\"BreadcrumbList\",\"@id\":\"https:\/\/noordconnect.com\/es\/block_13\/#breadcrumb\",\"itemListElement\":[{\"@type\":\"ListItem\",\"position\":1,\"name\":\"\u0413\u043b\u0430\u0432\u043d\u0430\u044f \u0441\u0442\u0440\u0430\u043d\u0438\u0446\u0430\",\"item\":\"https:\/\/noordconnect.com\/es\/\"},{\"@type\":\"ListItem\",\"position\":2,\"name\":\"\u0413\u043b\u0430\u0432\u043d\u0430\u044f 13 \u0411\u041b\u041e\u041a &#8212; \u00bfQU\u00cdENES SOMOS?\"}]},{\"@type\":\"WebSite\",\"@id\":\"https:\/\/noordconnect.com\/es\/#website\",\"url\":\"https:\/\/noordconnect.com\/es\/\",\"name\":\"Noord Connect\",\"description\":\"Transporte a\u00e9reo internacional y multimodal, entrega de mercanc\u00edas peligrosas\",\"publisher\":{\"@id\":\"https:\/\/noordconnect.com\/es\/#organization\"},\"potentialAction\":[{\"@type\":\"SearchAction\",\"target\":{\"@type\":\"EntryPoint\",\"urlTemplate\":\"https:\/\/noordconnect.com\/es\/?s={search_term_string}\"},\"query-input\":{\"@type\":\"PropertyValueSpecification\",\"valueRequired\":true,\"valueName\":\"search_term_string\"}}],\"inLanguage\":\"ru-RU\"},{\"@type\":\"Organization\",\"@id\":\"https:\/\/noordconnect.com\/es\/#organization\",\"name\":\"Noord Connect\",\"url\":\"https:\/\/noordconnect.com\/es\/\",\"logo\":{\"@type\":\"ImageObject\",\"inLanguage\":\"ru-RU\",\"@id\":\"https:\/\/noordconnect.com\/es\/#\/schema\/logo\/image\/\",\"url\":\"https:\/\/noordconnect.com\/es\/wp-content\/uploads\/2021\/03\/logonordconnect.png\",\"contentUrl\":\"https:\/\/noordconnect.com\/es\/wp-content\/uploads\/2021\/03\/logonordconnect.png\",\"width\":203,\"height\":84,\"caption\":\"Noord Connect\"},\"image\":{\"@id\":\"https:\/\/noordconnect.com\/es\/#\/schema\/logo\/image\/\"},\"sameAs\":[\"https:\/\/www.facebook.com\/NoordConnect\/\",\"https:\/\/www.linkedin.com\/in\/noord-connect-jsc-67288563\/\"]}]}<\/script>\n<!-- \/ Yoast SEO plugin. -->","yoast_head_json":{"title":"\u0413\u043b\u0430\u0432\u043d\u0430\u044f 13 \u0411\u041b\u041e\u041a - \u00bfQU\u00cdENES SOMOS? - Noord Connect","robots":{"index":"index","follow":"follow","max-snippet":"max-snippet:-1","max-image-preview":"max-image-preview:large","max-video-preview":"max-video-preview:-1"},"canonical":"https:\/\/noordconnect.com\/es\/block_13\/","og_locale":"ru_RU","og_type":"article","og_title":"\u0413\u043b\u0430\u0432\u043d\u0430\u044f 13 \u0411\u041b\u041e\u041a - \u00bfQU\u00cdENES SOMOS? - Noord Connect","og_description":"\u00bfQU\u00cdENES SOMOS? CERTIFICIADOS PERFIL DE NORD CONNECT EN EL SITIO WEB DE LA ASOCIACI\u00d3N LOGNET GLOBAL Especializamos en el transporte a\u00e9reo y multimodal a los pa\u00edses de Asia y \u00c1frica, en el transporte terrestre de cargas de los pa\u00edses de UE a Rusia, pa\u00edses de Asia Central y Oriente Pr\u00f3ximo. Nord Connect somos una compa\u00f1\u00eda","og_url":"https:\/\/noordconnect.com\/es\/block_13\/","og_site_name":"Noord Connect","article_publisher":"https:\/\/www.facebook.com\/NoordConnect\/","article_modified_time":"2021-03-31T09:32:00+00:00","og_image":[{"url":"https:\/\/noordconnect.com\/wp-content\/uploads\/2020\/06\/logo_icon.png","type":"","width":"","height":""}],"twitter_card":"summary_large_image","twitter_misc":{"\u041f\u0440\u0438\u043c\u0435\u0440\u043d\u043e\u0435 \u0432\u0440\u0435\u043c\u044f \u0434\u043b\u044f \u0447\u0442\u0435\u043d\u0438\u044f":"2 \u043c\u0438\u043d\u0443\u0442\u044b"},"schema":{"@context":"https:\/\/schema.org","@graph":[{"@type":"WebPage","@id":"https:\/\/noordconnect.com\/es\/block_13\/","url":"https:\/\/noordconnect.com\/es\/block_13\/","name":"\u0413\u043b\u0430\u0432\u043d\u0430\u044f 13 \u0411\u041b\u041e\u041a - \u00bfQU\u00cdENES SOMOS? - Noord Connect","isPartOf":{"@id":"https:\/\/noordconnect.com\/es\/#website"},"primaryImageOfPage":{"@id":"https:\/\/noordconnect.com\/es\/block_13\/#primaryimage"},"image":{"@id":"https:\/\/noordconnect.com\/es\/block_13\/#primaryimage"},"thumbnailUrl":"https:\/\/noordconnect.com\/wp-content\/uploads\/2020\/06\/logo_icon.png","datePublished":"2021-03-30T12:51:39+00:00","dateModified":"2021-03-31T09:32:00+00:00","breadcrumb":{"@id":"https:\/\/noordconnect.com\/es\/block_13\/#breadcrumb"},"inLanguage":"ru-RU","potentialAction":[{"@type":"ReadAction","target":["https:\/\/noordconnect.com\/es\/block_13\/"]}]},{"@type":"ImageObject","inLanguage":"ru-RU","@id":"https:\/\/noordconnect.com\/es\/block_13\/#primaryimage","url":"https:\/\/noordconnect.com\/wp-content\/uploads\/2020\/06\/logo_icon.png","contentUrl":"https:\/\/noordconnect.com\/wp-content\/uploads\/2020\/06\/logo_icon.png"},{"@type":"BreadcrumbList","@id":"https:\/\/noordconnect.com\/es\/block_13\/#breadcrumb","itemListElement":[{"@type":"ListItem","position":1,"name":"\u0413\u043b\u0430\u0432\u043d\u0430\u044f \u0441\u0442\u0440\u0430\u043d\u0438\u0446\u0430","item":"https:\/\/noordconnect.com\/es\/"},{"@type":"ListItem","position":2,"name":"\u0413\u043b\u0430\u0432\u043d\u0430\u044f 13 \u0411\u041b\u041e\u041a &#8212; \u00bfQU\u00cdENES SOMOS?"}]},{"@type":"WebSite","@id":"https:\/\/noordconnect.com\/es\/#website","url":"https:\/\/noordconnect.com\/es\/","name":"Noord Connect","description":"Transporte a\u00e9reo internacional y multimodal, entrega de mercanc\u00edas peligrosas","publisher":{"@id":"https:\/\/noordconnect.com\/es\/#organization"},"potentialAction":[{"@type":"SearchAction","target":{"@type":"EntryPoint","urlTemplate":"https:\/\/noordconnect.com\/es\/?s={search_term_string}"},"query-input":{"@type":"PropertyValueSpecification","valueRequired":true,"valueName":"search_term_string"}}],"inLanguage":"ru-RU"},{"@type":"Organization","@id":"https:\/\/noordconnect.com\/es\/#organization","name":"Noord Connect","url":"https:\/\/noordconnect.com\/es\/","logo":{"@type":"ImageObject","inLanguage":"ru-RU","@id":"https:\/\/noordconnect.com\/es\/#\/schema\/logo\/image\/","url":"https:\/\/noordconnect.com\/es\/wp-content\/uploads\/2021\/03\/logonordconnect.png","contentUrl":"https:\/\/noordconnect.com\/es\/wp-content\/uploads\/2021\/03\/logonordconnect.png","width":203,"height":84,"caption":"Noord Connect"},"image":{"@id":"https:\/\/noordconnect.com\/es\/#\/schema\/logo\/image\/"},"sameAs":["https:\/\/www.facebook.com\/NoordConnect\/","https:\/\/www.linkedin.com\/in\/noord-connect-jsc-67288563\/"]}]}},"_links":{"self":[{"href":"https:\/\/noordconnect.com\/es\/wp-json\/wp\/v2\/pages\/44","targetHints":{"allow":["GET"]}}],"collection":[{"href":"https:\/\/noordconnect.com\/es\/wp-json\/wp\/v2\/pages"}],"about":[{"href":"https:\/\/noordconnect.com\/es\/wp-json\/wp\/v2\/types\/page"}],"author":[{"embeddable":true,"href":"https:\/\/noordconnect.com\/es\/wp-json\/wp\/v2\/users\/1"}],"replies":[{"embeddable":true,"href":"https:\/\/noordconnect.com\/es\/wp-json\/wp\/v2\/comments?post=44"}],"version-history":[{"count":3,"href":"https:\/\/noordconnect.com\/es\/wp-json\/wp\/v2\/pages\/44\/revisions"}],"predecessor-version":[{"id":133,"href":"https:\/\/noordconnect.com\/es\/wp-json\/wp\/v2\/pages\/44\/revisions\/133"}],"wp:attachment":[{"href":"https:\/\/noordconnect.com\/es\/wp-json\/wp\/v2\/media?parent=44"}],"curies":[{"name":"wp","href":"https:\/\/api.w.org\/{rel}","templated":true}]}}