{"id":66,"date":"2021-03-30T16:02:54","date_gmt":"2021-03-30T13:02:54","guid":{"rendered":"https:\/\/noordconnect.com\/es\/?page_id=66"},"modified":"2021-04-06T16:19:57","modified_gmt":"2021-04-06T13:19:57","slug":"classification-dangeros-cargo","status":"publish","type":"page","link":"https:\/\/noordconnect.com\/es\/classification-dangeros-cargo\/","title":{"rendered":"CLASIFICACI\u00d3N DE LAS MERCANC\u00cdAS PELIGROSAS"},"content":{"rendered":"<p><i>Las mercanc\u00edas peligrosas son art\u00edculos que, al ser transportados, presenten un peligro para la vida, la salud o el medio ambiente. Las mercanc\u00edas peligrosas se transportan por distintos medios de transporte: a\u00e9reo, terrestre y mar\u00edtimo. Por su petici\u00f3n seleccionamos el modo \u00f3ptimo de transporte para su carga, desarrollamos la ruta individual, preparamos todos los documentos necesarios.<\/i><\/p>\n<p>Al transportar las mercanc\u00edas peligrosas bajo la modalidad de grupaje se necesita respetar las normas de compatibilidad de mercanc\u00edas de varias clases. Las mercanc\u00edas peligrosas se transportan conforme a la normativa que regula todo el proceso de transporte, as\u00ed como a los requisitos para los veh\u00edculos. El transporte de mercanc\u00edas peligrosas requiere su marcado obligatorio seg\u00fan la clase de peligrosidad. El determinar el tipo de embalaje es condici\u00f3n sine qua non para el transporte de mercanc\u00edas peligrosas.<\/p>\n<h2>CLASE 1<\/h2>\n<h4>Sustancias o materiales explosivos<\/h4>\n<div class=\"page-box left\"><strong>Divisiones 1.1, 1.2 y 1.3<\/strong><br \/>\nS\u00edmbolo: bomba explotando de color negro sobre un fondo naranja; d\u00edgito 1 en el \u00e1ngulo inferior<br \/>\n<img loading=\"lazy\" decoding=\"async\" src=\"https:\/\/noordconnect.com\/wp-content\/uploads\/2020\/07\/1.1.png\" alt=\"\" width=\"173\" height=\"173\" \/><\/div>\n<div class=\"page-box left\"><strong>Divisiones 1.4, 1.5 y 1.6<\/strong><br \/>\nS\u00edmbolo: c\u00f3digos num\u00e9ricos negros de unos 30 mm de altura y de unos 5 mm de espesor (para la se\u00f1al con un tama\u00f1o de 100&#215;100 mm) sobre un fondo naranja; d\u00edgito 1 en el \u00e1ngulo inferior.<br \/>\n<img loading=\"lazy\" decoding=\"async\" src=\"https:\/\/noordconnect.com\/wp-content\/uploads\/2020\/07\/1.4.png\" alt=\"\" width=\"173\" height=\"173\" \/><\/div>\n<h2>CLASE 2<\/h2>\n<h4>Gases<\/h4>\n<div class=\"page-box left\"><strong>Gases inflamables<\/strong><br \/>\nS\u00edmbolo: llama negra o blanca sobre un fondo rojo; d\u00edgito 2 en el \u00e1ngulo inferior.<br \/>\n<img loading=\"lazy\" decoding=\"async\" src=\"https:\/\/noordconnect.com\/wp-content\/uploads\/2020\/07\/2_1.png\" alt=\"\" width=\"173\" height=\"173\" \/><\/div>\n<div class=\"page-box left\"><strong>Gases no inflamables, no t\u00f3xicos<\/strong><br \/>\nS\u00edmbolo: bal\u00f3n de gas de color negro o blanco sobre un fondo verde; d\u00edgito 2 en el \u00e1ngulo inferior.<br \/>\n<img loading=\"lazy\" decoding=\"async\" src=\"https:\/\/noordconnect.com\/wp-content\/uploads\/2020\/07\/2_2.png\" alt=\"\" width=\"173\" height=\"173\" \/><\/div>\n<div class=\"page-box left\"><strong>Gases t\u00f3xicos<\/strong><br \/>\nS\u00edmbolo: calavera con dos huesos cruzados de color negro sobre un fondo blanco; d\u00edgito 2 en el \u00e1ngulo inferior.<br \/>\n<img loading=\"lazy\" decoding=\"async\" src=\"https:\/\/noordconnect.com\/wp-content\/uploads\/2020\/07\/2_3.png\" alt=\"\" width=\"173\" height=\"173\" \/><\/div>\n<h2>CLASE 3<\/h2>\n<h4>L\u00edquidos inflamables<\/h4>\n<div class=\"page-box left\">S\u00edmbolo: llama negra o blanca sobre un fondo rojo; d\u00edgito 3 en el \u00e1ngulo inferior.<br \/>\n<img loading=\"lazy\" decoding=\"async\" src=\"https:\/\/noordconnect.com\/wp-content\/uploads\/2020\/07\/3.png\" alt=\"\" width=\"173\" height=\"173\" \/><\/div>\n<h2>CLASE 4<\/h2>\n<div class=\"page-box left\"><strong>Divisi\u00f3n 4.1<\/strong><br \/>\nS\u00f3lidos inflamables, s\u00f3lidos de reacci\u00f3n espont\u00e1nea y s\u00f3lidos explosivos insensibilizados. S\u00edmbolo: llama negra sobre un fondo blanco con siete rayas verticales rojas; d\u00edgito 4 en el \u00e1ngulo inferior.<br \/>\n<img loading=\"lazy\" decoding=\"async\" src=\"https:\/\/noordconnect.com\/wp-content\/uploads\/2020\/07\/4.1.png\" alt=\"\" width=\"173\" height=\"173\" \/><\/div>\n<div class=\"page-box left\"><strong>Divisi\u00f3n 4.2<\/strong><br \/>\nSustancias que pueden experimentar combusti\u00f3n espont\u00e1nea. S\u00edmbolo: llama negra, el fondo: la parte superior blanca, la parte inferior roja; d\u00edgito 4 en el \u00e1ngulo inferior.<br \/>\n<img loading=\"lazy\" decoding=\"async\" src=\"https:\/\/noordconnect.com\/wp-content\/uploads\/2020\/07\/4.2.png\" alt=\"\" width=\"173\" height=\"173\" \/><\/div>\n<div class=\"page-box left\"><strong>Divisi\u00f3n 4.3<\/strong><br \/>\nSustancias que, en contacto con el agua, desprenden gases inflamables. S\u00edmbolo: llama negra o blanca sobre un fondo azul; d\u00edgito 4 en el \u00e1ngulo inferior<br \/>\n<img loading=\"lazy\" decoding=\"async\" src=\"https:\/\/noordconnect.com\/wp-content\/uploads\/2020\/07\/4.3.png\" alt=\"\" width=\"173\" height=\"173\" \/><\/div>\n<h2>CLASE 5<\/h2>\n<div class=\"page-box left\"><strong>Divisi\u00f3n 5.1<\/strong><br \/>\nSustancias comburentes. S\u00edmbolo: llama por encima de un c\u00edrculo de color negro sobre un fondo amarillo; d\u00edgito 5.1 en el \u00e1ngulo inferior.<br \/>\n<img loading=\"lazy\" decoding=\"async\" src=\"https:\/\/noordconnect.com\/wp-content\/uploads\/2020\/07\/5.1.png\" alt=\"\" width=\"173\" height=\"173\" \/><\/div>\n<div class=\"page-box left\"><strong>Divisi\u00f3n 5.2<\/strong><br \/>\nPer\u00f3xidos org\u00e1nicos. S\u00edmbolo: llama negra sobre un fondo rojo, la parte inferior de la se\u00f1al de color amarillo; d\u00edgito 5.2 en el \u00e1ngulo inferior.<br \/>\n<img loading=\"lazy\" decoding=\"async\" src=\"https:\/\/noordconnect.com\/wp-content\/uploads\/2020\/07\/5.2.png\" alt=\"\" width=\"173\" height=\"173\" \/><\/div>\n<h2>CLASE 6<\/h2>\n<div class=\"page-box left\"><strong>Divisi\u00f3n 6.1<\/strong><br \/>\nSustancias t\u00f3xicas. S\u00edmbolo: calavera con dos huesos cruzados de color negro sobre un fondo blanco; d\u00edgito 6 en el \u00e1ngulo inferior.<br \/>\n<img loading=\"lazy\" decoding=\"async\" src=\"https:\/\/noordconnect.com\/wp-content\/uploads\/2020\/07\/6.png\" alt=\"\" width=\"173\" height=\"173\" \/><\/div>\n<div class=\"page-box left\"><strong>Divisi\u00f3n 6.2<\/strong><br \/>\nSustancias infecciosas. S\u00edmbolo: tres media lunas puestas sobre un c\u00edrculo y las inscripciones sobre un fondo blanco; d\u00edgito 6 en el \u00e1ngulo inferior; en la parte inferior de la se\u00f1al se pueden aparecer las siguientes inscripciones \u201cSUSTANCIA INFECCIOSA\u201d y \u201cen caso de deterioro o derrame informar inmediatamente a las autoridades sanitarias\u201d.<br \/>\n<img loading=\"lazy\" decoding=\"async\" src=\"https:\/\/noordconnect.com\/wp-content\/uploads\/2020\/07\/6.2.png\" alt=\"\" width=\"173\" height=\"173\" \/><\/div>\n<h2>CLASE 7<\/h2>\n<h4>Materiales radioactivos<\/h4>\n<div class=\"page-box left\"><strong>Categor\u00eda I \u2013 blanca<\/strong><br \/>\nS\u00edmbolo: trifolio negro sobre un fondo blanco, la inscripci\u00f3n obligatoria de color negro en la parte inferior de la se\u00f1al: \u201cRADIOACTIVO\u201d, \u201cCONTENIDO\u2026\u201d, \u201cACTIVIDAD\u2026\u201d; a la palabra \u201cRADIOACTIVO\u201d debe segur una raya vertical roja; d\u00edgito 7 en el \u00e1ngulo inferior.<br \/>\n<img loading=\"lazy\" decoding=\"async\" src=\"https:\/\/noordconnect.com\/wp-content\/uploads\/2020\/07\/7.1.png\" alt=\"\" width=\"173\" height=\"173\" \/><\/div>\n<div class=\"page-box left\"><strong>Categor\u00eda II \u2013 amarilla. Categor\u00eda III \u2013 amarilla<\/strong><br \/>\nS\u00edmbolo: trifolio negro sobre un fondo amarillo, la parte inferior de la se\u00f1al de color blanco, la inscripci\u00f3n obligatoria de color negro en la parte inferior de la se\u00f1al: \u201cRADIOACTIVO\u201d, \u201cCONTENIDO\u2026\u201d, \u201cACTIVIDAD\u2026\u201d; en un rect\u00e1ngulo negro \u201c\u00cdNDICE DE TRANSPORTE\u201d; a la palabra \u201cRADIOACTIVO\u201d debe segur dos o tres rayas verticales rojas; d\u00edgito 7 en el \u00e1ngulo inferior.<br \/>\n<img loading=\"lazy\" decoding=\"async\" src=\"https:\/\/noordconnect.com\/wp-content\/uploads\/2020\/07\/7.2.png\" alt=\"\" width=\"173\" height=\"173\" \/><\/div>\n<div class=\"page-box left\"><strong>Materias fusionables de la clase 7<\/strong><br \/>\nS\u00edmbolo: la inscripci\u00f3n obligatoria de color negro sobre un fondo blanco en la parte superior de la se\u00f1al: \u201cFUSIONABLE\u201d; en un rect\u00e1ngulo negro en la parte inferior de la se\u00f1al: \u201c\u00cdNDICE DE SEGURIDAD &#8212; CRITICIDAD\u201d; d\u00edgito 7 en el \u00e1ngulo inferior.<br \/>\n<img loading=\"lazy\" decoding=\"async\" src=\"https:\/\/noordconnect.com\/wp-content\/uploads\/2020\/07\/7.3.png\" alt=\"\" width=\"173\" height=\"173\" \/><\/div>\n<h2>CLASE 8<\/h2>\n<h4>Sustancias corrosivas<\/h4>\n<div class=\"page-box left\">S\u00edmbolo: l\u00edquidos vertidos de dos viales que afectan a una mano y una superficie met\u00e1lica de color negro sobre un fondo blanco, la parte inferior de la se\u00f1al de color negro con un borde blanco; d\u00edgito 8 blanca en el \u00e1ngulo inferior.<br \/>\n<img loading=\"lazy\" decoding=\"async\" src=\"https:\/\/noordconnect.com\/wp-content\/uploads\/2020\/07\/8.png\" alt=\"\" width=\"173\" height=\"173\" \/><\/div>\n<h2>CLASE 9<\/h2>\n<h4>Sustancias y objetos peligrosos varios<\/h4>\n<div class=\"page-box left\">S\u00edmbolo: siete rayas verticales negras sobre un fondo blanco en la parte superior de la se\u00f1al; d\u00edgito 9 subrayada en el \u00e1ngulo inferior.<br \/>\n<img loading=\"lazy\" decoding=\"async\" src=\"https:\/\/noordconnect.com\/wp-content\/uploads\/2020\/07\/9.png\" alt=\"\" width=\"173\" height=\"173\" \/><\/div>\n<h4><\/h4>\n","protected":false},"excerpt":{"rendered":"<p>Las mercanc\u00edas peligrosas son art\u00edculos que, al ser transportados, presenten un peligro para la vida, la salud o el medio ambiente. Las mercanc\u00edas peligrosas se transportan por distintos medios de transporte: a\u00e9reo, terrestre y mar\u00edtimo. Por su petici\u00f3n seleccionamos el modo \u00f3ptimo de transporte para su carga, desarrollamos la ruta individual, preparamos todos los documentos<\/p>\n","protected":false},"author":1,"featured_media":0,"parent":0,"menu_order":0,"comment_status":"closed","ping_status":"closed","template":"","meta":{"footnotes":""},"class_list":["post-66","page","type-page","status-publish","hentry"],"yoast_head":"<!-- This site is optimized with the Yoast SEO plugin v24.9 - https:\/\/yoast.com\/wordpress\/plugins\/seo\/ -->\n<title>CLASIFICACI\u00d3N DE LAS MERCANC\u00cdAS PELIGROSAS - Noord Connect<\/title>\n<meta name=\"robots\" content=\"index, follow, max-snippet:-1, max-image-preview:large, max-video-preview:-1\" \/>\n<link rel=\"canonical\" href=\"https:\/\/noordconnect.com\/es\/classification-dangeros-cargo\/\" \/>\n<meta property=\"og:locale\" content=\"ru_RU\" \/>\n<meta property=\"og:type\" content=\"article\" \/>\n<meta property=\"og:title\" content=\"CLASIFICACI\u00d3N DE LAS MERCANC\u00cdAS PELIGROSAS - Noord Connect\" \/>\n<meta property=\"og:description\" content=\"Las mercanc\u00edas peligrosas son art\u00edculos que, al ser transportados, presenten un peligro para la vida, la salud o el medio ambiente. Las mercanc\u00edas peligrosas se transportan por distintos medios de transporte: a\u00e9reo, terrestre y mar\u00edtimo. Por su petici\u00f3n seleccionamos el modo \u00f3ptimo de transporte para su carga, desarrollamos la ruta individual, preparamos todos los documentos\" \/>\n<meta property=\"og:url\" content=\"https:\/\/noordconnect.com\/es\/classification-dangeros-cargo\/\" \/>\n<meta property=\"og:site_name\" content=\"Noord Connect\" \/>\n<meta property=\"article:publisher\" content=\"https:\/\/www.facebook.com\/NoordConnect\/\" \/>\n<meta property=\"article:modified_time\" content=\"2021-04-06T13:19:57+00:00\" \/>\n<meta property=\"og:image\" content=\"https:\/\/noordconnect.com\/wp-content\/uploads\/2020\/07\/1.1.png\" \/>\n<meta name=\"twitter:card\" content=\"summary_large_image\" \/>\n<meta name=\"twitter:label1\" content=\"\u041f\u0440\u0438\u043c\u0435\u0440\u043d\u043e\u0435 \u0432\u0440\u0435\u043c\u044f \u0434\u043b\u044f \u0447\u0442\u0435\u043d\u0438\u044f\" \/>\n\t<meta name=\"twitter:data1\" content=\"4 \u043c\u0438\u043d\u0443\u0442\u044b\" \/>\n<script type=\"application\/ld+json\" class=\"yoast-schema-graph\">{\"@context\":\"https:\/\/schema.org\",\"@graph\":[{\"@type\":\"WebPage\",\"@id\":\"https:\/\/noordconnect.com\/es\/classification-dangeros-cargo\/\",\"url\":\"https:\/\/noordconnect.com\/es\/classification-dangeros-cargo\/\",\"name\":\"CLASIFICACI\u00d3N DE LAS MERCANC\u00cdAS PELIGROSAS - Noord Connect\",\"isPartOf\":{\"@id\":\"https:\/\/noordconnect.com\/es\/#website\"},\"primaryImageOfPage\":{\"@id\":\"https:\/\/noordconnect.com\/es\/classification-dangeros-cargo\/#primaryimage\"},\"image\":{\"@id\":\"https:\/\/noordconnect.com\/es\/classification-dangeros-cargo\/#primaryimage\"},\"thumbnailUrl\":\"https:\/\/noordconnect.com\/wp-content\/uploads\/2020\/07\/1.1.png\",\"datePublished\":\"2021-03-30T13:02:54+00:00\",\"dateModified\":\"2021-04-06T13:19:57+00:00\",\"breadcrumb\":{\"@id\":\"https:\/\/noordconnect.com\/es\/classification-dangeros-cargo\/#breadcrumb\"},\"inLanguage\":\"ru-RU\",\"potentialAction\":[{\"@type\":\"ReadAction\",\"target\":[\"https:\/\/noordconnect.com\/es\/classification-dangeros-cargo\/\"]}]},{\"@type\":\"ImageObject\",\"inLanguage\":\"ru-RU\",\"@id\":\"https:\/\/noordconnect.com\/es\/classification-dangeros-cargo\/#primaryimage\",\"url\":\"https:\/\/noordconnect.com\/wp-content\/uploads\/2020\/07\/1.1.png\",\"contentUrl\":\"https:\/\/noordconnect.com\/wp-content\/uploads\/2020\/07\/1.1.png\"},{\"@type\":\"BreadcrumbList\",\"@id\":\"https:\/\/noordconnect.com\/es\/classification-dangeros-cargo\/#breadcrumb\",\"itemListElement\":[{\"@type\":\"ListItem\",\"position\":1,\"name\":\"\u0413\u043b\u0430\u0432\u043d\u0430\u044f \u0441\u0442\u0440\u0430\u043d\u0438\u0446\u0430\",\"item\":\"https:\/\/noordconnect.com\/es\/\"},{\"@type\":\"ListItem\",\"position\":2,\"name\":\"CLASIFICACI\u00d3N DE LAS MERCANC\u00cdAS PELIGROSAS\"}]},{\"@type\":\"WebSite\",\"@id\":\"https:\/\/noordconnect.com\/es\/#website\",\"url\":\"https:\/\/noordconnect.com\/es\/\",\"name\":\"Noord Connect\",\"description\":\"Transporte a\u00e9reo internacional y multimodal, entrega de mercanc\u00edas peligrosas\",\"publisher\":{\"@id\":\"https:\/\/noordconnect.com\/es\/#organization\"},\"potentialAction\":[{\"@type\":\"SearchAction\",\"target\":{\"@type\":\"EntryPoint\",\"urlTemplate\":\"https:\/\/noordconnect.com\/es\/?s={search_term_string}\"},\"query-input\":{\"@type\":\"PropertyValueSpecification\",\"valueRequired\":true,\"valueName\":\"search_term_string\"}}],\"inLanguage\":\"ru-RU\"},{\"@type\":\"Organization\",\"@id\":\"https:\/\/noordconnect.com\/es\/#organization\",\"name\":\"Noord Connect\",\"url\":\"https:\/\/noordconnect.com\/es\/\",\"logo\":{\"@type\":\"ImageObject\",\"inLanguage\":\"ru-RU\",\"@id\":\"https:\/\/noordconnect.com\/es\/#\/schema\/logo\/image\/\",\"url\":\"https:\/\/noordconnect.com\/es\/wp-content\/uploads\/2021\/03\/logonordconnect.png\",\"contentUrl\":\"https:\/\/noordconnect.com\/es\/wp-content\/uploads\/2021\/03\/logonordconnect.png\",\"width\":203,\"height\":84,\"caption\":\"Noord Connect\"},\"image\":{\"@id\":\"https:\/\/noordconnect.com\/es\/#\/schema\/logo\/image\/\"},\"sameAs\":[\"https:\/\/www.facebook.com\/NoordConnect\/\",\"https:\/\/www.linkedin.com\/in\/noord-connect-jsc-67288563\/\"]}]}<\/script>\n<!-- \/ Yoast SEO plugin. -->","yoast_head_json":{"title":"CLASIFICACI\u00d3N DE LAS MERCANC\u00cdAS PELIGROSAS - Noord Connect","robots":{"index":"index","follow":"follow","max-snippet":"max-snippet:-1","max-image-preview":"max-image-preview:large","max-video-preview":"max-video-preview:-1"},"canonical":"https:\/\/noordconnect.com\/es\/classification-dangeros-cargo\/","og_locale":"ru_RU","og_type":"article","og_title":"CLASIFICACI\u00d3N DE LAS MERCANC\u00cdAS PELIGROSAS - Noord Connect","og_description":"Las mercanc\u00edas peligrosas son art\u00edculos que, al ser transportados, presenten un peligro para la vida, la salud o el medio ambiente. Las mercanc\u00edas peligrosas se transportan por distintos medios de transporte: a\u00e9reo, terrestre y mar\u00edtimo. Por su petici\u00f3n seleccionamos el modo \u00f3ptimo de transporte para su carga, desarrollamos la ruta individual, preparamos todos los documentos","og_url":"https:\/\/noordconnect.com\/es\/classification-dangeros-cargo\/","og_site_name":"Noord Connect","article_publisher":"https:\/\/www.facebook.com\/NoordConnect\/","article_modified_time":"2021-04-06T13:19:57+00:00","og_image":[{"url":"https:\/\/noordconnect.com\/wp-content\/uploads\/2020\/07\/1.1.png","type":"","width":"","height":""}],"twitter_card":"summary_large_image","twitter_misc":{"\u041f\u0440\u0438\u043c\u0435\u0440\u043d\u043e\u0435 \u0432\u0440\u0435\u043c\u044f \u0434\u043b\u044f \u0447\u0442\u0435\u043d\u0438\u044f":"4 \u043c\u0438\u043d\u0443\u0442\u044b"},"schema":{"@context":"https:\/\/schema.org","@graph":[{"@type":"WebPage","@id":"https:\/\/noordconnect.com\/es\/classification-dangeros-cargo\/","url":"https:\/\/noordconnect.com\/es\/classification-dangeros-cargo\/","name":"CLASIFICACI\u00d3N DE LAS MERCANC\u00cdAS PELIGROSAS - Noord Connect","isPartOf":{"@id":"https:\/\/noordconnect.com\/es\/#website"},"primaryImageOfPage":{"@id":"https:\/\/noordconnect.com\/es\/classification-dangeros-cargo\/#primaryimage"},"image":{"@id":"https:\/\/noordconnect.com\/es\/classification-dangeros-cargo\/#primaryimage"},"thumbnailUrl":"https:\/\/noordconnect.com\/wp-content\/uploads\/2020\/07\/1.1.png","datePublished":"2021-03-30T13:02:54+00:00","dateModified":"2021-04-06T13:19:57+00:00","breadcrumb":{"@id":"https:\/\/noordconnect.com\/es\/classification-dangeros-cargo\/#breadcrumb"},"inLanguage":"ru-RU","potentialAction":[{"@type":"ReadAction","target":["https:\/\/noordconnect.com\/es\/classification-dangeros-cargo\/"]}]},{"@type":"ImageObject","inLanguage":"ru-RU","@id":"https:\/\/noordconnect.com\/es\/classification-dangeros-cargo\/#primaryimage","url":"https:\/\/noordconnect.com\/wp-content\/uploads\/2020\/07\/1.1.png","contentUrl":"https:\/\/noordconnect.com\/wp-content\/uploads\/2020\/07\/1.1.png"},{"@type":"BreadcrumbList","@id":"https:\/\/noordconnect.com\/es\/classification-dangeros-cargo\/#breadcrumb","itemListElement":[{"@type":"ListItem","position":1,"name":"\u0413\u043b\u0430\u0432\u043d\u0430\u044f \u0441\u0442\u0440\u0430\u043d\u0438\u0446\u0430","item":"https:\/\/noordconnect.com\/es\/"},{"@type":"ListItem","position":2,"name":"CLASIFICACI\u00d3N DE LAS MERCANC\u00cdAS PELIGROSAS"}]},{"@type":"WebSite","@id":"https:\/\/noordconnect.com\/es\/#website","url":"https:\/\/noordconnect.com\/es\/","name":"Noord Connect","description":"Transporte a\u00e9reo internacional y multimodal, entrega de mercanc\u00edas peligrosas","publisher":{"@id":"https:\/\/noordconnect.com\/es\/#organization"},"potentialAction":[{"@type":"SearchAction","target":{"@type":"EntryPoint","urlTemplate":"https:\/\/noordconnect.com\/es\/?s={search_term_string}"},"query-input":{"@type":"PropertyValueSpecification","valueRequired":true,"valueName":"search_term_string"}}],"inLanguage":"ru-RU"},{"@type":"Organization","@id":"https:\/\/noordconnect.com\/es\/#organization","name":"Noord Connect","url":"https:\/\/noordconnect.com\/es\/","logo":{"@type":"ImageObject","inLanguage":"ru-RU","@id":"https:\/\/noordconnect.com\/es\/#\/schema\/logo\/image\/","url":"https:\/\/noordconnect.com\/es\/wp-content\/uploads\/2021\/03\/logonordconnect.png","contentUrl":"https:\/\/noordconnect.com\/es\/wp-content\/uploads\/2021\/03\/logonordconnect.png","width":203,"height":84,"caption":"Noord Connect"},"image":{"@id":"https:\/\/noordconnect.com\/es\/#\/schema\/logo\/image\/"},"sameAs":["https:\/\/www.facebook.com\/NoordConnect\/","https:\/\/www.linkedin.com\/in\/noord-connect-jsc-67288563\/"]}]}},"_links":{"self":[{"href":"https:\/\/noordconnect.com\/es\/wp-json\/wp\/v2\/pages\/66","targetHints":{"allow":["GET"]}}],"collection":[{"href":"https:\/\/noordconnect.com\/es\/wp-json\/wp\/v2\/pages"}],"about":[{"href":"https:\/\/noordconnect.com\/es\/wp-json\/wp\/v2\/types\/page"}],"author":[{"embeddable":true,"href":"https:\/\/noordconnect.com\/es\/wp-json\/wp\/v2\/users\/1"}],"replies":[{"embeddable":true,"href":"https:\/\/noordconnect.com\/es\/wp-json\/wp\/v2\/comments?post=66"}],"version-history":[{"count":9,"href":"https:\/\/noordconnect.com\/es\/wp-json\/wp\/v2\/pages\/66\/revisions"}],"predecessor-version":[{"id":177,"href":"https:\/\/noordconnect.com\/es\/wp-json\/wp\/v2\/pages\/66\/revisions\/177"}],"wp:attachment":[{"href":"https:\/\/noordconnect.com\/es\/wp-json\/wp\/v2\/media?parent=66"}],"curies":[{"name":"wp","href":"https:\/\/api.w.org\/{rel}","templated":true}]}}