{"id":91,"date":"2021-03-31T00:05:25","date_gmt":"2021-03-30T21:05:25","guid":{"rendered":"https:\/\/noordconnect.com\/es\/?page_id=91"},"modified":"2021-09-10T15:51:53","modified_gmt":"2021-09-10T12:51:53","slug":"block_4","status":"publish","type":"page","link":"https:\/\/noordconnect.com\/es\/block_4\/","title":{"rendered":"\u0413\u043b\u0430\u0432\u043d\u0430\u044f 4 \u0411\u041b\u041e\u041a \u2014 IMPORTACI\u00d3N Y EXPORTACI\u00d3N"},"content":{"rendered":"<h2>IMPORTACI\u00d3N Y&nbsp;EXPORTACI\u00d3N<\/h2>\n<p>Ayudamos a&nbsp;realizar todos los tr\u00e1mites aduaneros, as\u00ed como preparar correctamente los documentos de acompa\u00f1amiento y&nbsp;de&nbsp;soporte para las&nbsp;mercanc\u00edas importadas y&nbsp;exportadas de&nbsp;Rusia. Transportamos valijas diplom\u00e1ticas y&nbsp;muestras comerciales para ferias.<\/p>\n<p>La empresa Nord Connect ofrecemos los siguientes servicios:<\/p>\n<ul>\n<li>Preparar contratos de&nbsp;compraventa internacional y&nbsp;otros documentos;<\/li>\n<li>Obtener certificados y&nbsp;c\u00f3digos necesarios;<\/li>\n<li>Calcular aranceles aduaneros;<\/li>\n<li>Consultar acerca de&nbsp;los&nbsp;tr\u00e1mites aduaneros y&nbsp;la&nbsp;normativa aduanera;<\/li>\n<li>Controlar todas las&nbsp;etapas del proceso de despacho aduanero de&nbsp;mercanc\u00edas;<\/li>\n<li>Representar sus intereses ante las&nbsp;aduanas de&nbsp;Mosc\u00fa, provincia de&nbsp;Mosc\u00fa y&nbsp;San&nbsp;Petersburgo.<\/li>\n<\/ul>\n<p><strong>Si Usted necesita exportar sus mercanc\u00edas desde la&nbsp;Federaci\u00f3n Rusa, le&nbsp;consultaremos acerca de&nbsp;la&nbsp;normativa aplicable, ayudaremos a&nbsp;cumplir con todas las formalidades, as\u00ed como, en&nbsp;caso necesario, realizaremos los&nbsp;tr\u00e1mites aduaneros en el&nbsp;pa\u00eds de&nbsp;destino.<\/strong><\/p>\n","protected":false},"excerpt":{"rendered":"<p>IMPORTACI\u00d3N Y&nbsp;EXPORTACI\u00d3N Ayudamos a&nbsp;realizar todos los tr\u00e1mites aduaneros, as\u00ed como preparar correctamente los documentos de acompa\u00f1amiento y&nbsp;de&nbsp;soporte para las&nbsp;mercanc\u00edas importadas y&nbsp;exportadas de&nbsp;Rusia. Transportamos valijas diplom\u00e1ticas y&nbsp;muestras comerciales para ferias. La empresa Nord Connect ofrecemos los siguientes servicios: Preparar contratos de&nbsp;compraventa internacional y&nbsp;otros documentos; Obtener certificados y&nbsp;c\u00f3digos necesarios; Calcular aranceles aduaneros; Consultar acerca de&nbsp;los&nbsp;tr\u00e1mites aduaneros y&nbsp;la&nbsp;normativa<\/p>\n","protected":false},"author":1,"featured_media":0,"parent":0,"menu_order":0,"comment_status":"closed","ping_status":"closed","template":"","meta":{"footnotes":""},"class_list":["post-91","page","type-page","status-publish","hentry"],"yoast_head":"<!-- This site is optimized with the Yoast SEO plugin v24.9 - https:\/\/yoast.com\/wordpress\/plugins\/seo\/ -->\n<title>\u0413\u043b\u0430\u0432\u043d\u0430\u044f 4 \u0411\u041b\u041e\u041a \u2014 IMPORTACI\u00d3N Y EXPORTACI\u00d3N - Noord Connect<\/title>\n<meta name=\"robots\" content=\"index, follow, max-snippet:-1, max-image-preview:large, max-video-preview:-1\" \/>\n<link rel=\"canonical\" href=\"https:\/\/noordconnect.com\/es\/block_4\/\" \/>\n<meta property=\"og:locale\" content=\"ru_RU\" \/>\n<meta property=\"og:type\" content=\"article\" \/>\n<meta property=\"og:title\" content=\"\u0413\u043b\u0430\u0432\u043d\u0430\u044f 4 \u0411\u041b\u041e\u041a \u2014 IMPORTACI\u00d3N Y EXPORTACI\u00d3N - Noord Connect\" \/>\n<meta property=\"og:description\" content=\"IMPORTACI\u00d3N Y&nbsp;EXPORTACI\u00d3N Ayudamos a&nbsp;realizar todos los tr\u00e1mites aduaneros, as\u00ed como preparar correctamente los documentos de acompa\u00f1amiento y&nbsp;de&nbsp;soporte para las&nbsp;mercanc\u00edas importadas y&nbsp;exportadas de&nbsp;Rusia. Transportamos valijas diplom\u00e1ticas y&nbsp;muestras comerciales para ferias. La empresa Nord Connect ofrecemos los siguientes servicios: Preparar contratos de&nbsp;compraventa internacional y&nbsp;otros documentos; Obtener certificados y&nbsp;c\u00f3digos necesarios; Calcular aranceles aduaneros; Consultar acerca de&nbsp;los&nbsp;tr\u00e1mites aduaneros y&nbsp;la&nbsp;normativa\" \/>\n<meta property=\"og:url\" content=\"https:\/\/noordconnect.com\/es\/block_4\/\" \/>\n<meta property=\"og:site_name\" content=\"Noord Connect\" \/>\n<meta property=\"article:publisher\" content=\"https:\/\/www.facebook.com\/NoordConnect\/\" \/>\n<meta property=\"article:modified_time\" content=\"2021-09-10T12:51:53+00:00\" \/>\n<meta property=\"og:image\" content=\"https:\/\/noordconnect.com\/es\/wp-content\/uploads\/2021\/03\/ncfb.jpg\" \/>\n\t<meta property=\"og:image:width\" content=\"1080\" \/>\n\t<meta property=\"og:image:height\" content=\"396\" \/>\n\t<meta property=\"og:image:type\" content=\"image\/jpeg\" \/>\n<meta name=\"twitter:card\" content=\"summary_large_image\" \/>\n<meta name=\"twitter:label1\" content=\"\u041f\u0440\u0438\u043c\u0435\u0440\u043d\u043e\u0435 \u0432\u0440\u0435\u043c\u044f \u0434\u043b\u044f \u0447\u0442\u0435\u043d\u0438\u044f\" \/>\n\t<meta name=\"twitter:data1\" content=\"1 \u043c\u0438\u043d\u0443\u0442\u0430\" \/>\n<script type=\"application\/ld+json\" class=\"yoast-schema-graph\">{\"@context\":\"https:\/\/schema.org\",\"@graph\":[{\"@type\":\"WebPage\",\"@id\":\"https:\/\/noordconnect.com\/es\/block_4\/\",\"url\":\"https:\/\/noordconnect.com\/es\/block_4\/\",\"name\":\"\u0413\u043b\u0430\u0432\u043d\u0430\u044f 4 \u0411\u041b\u041e\u041a \u2014 IMPORTACI\u00d3N Y EXPORTACI\u00d3N - Noord Connect\",\"isPartOf\":{\"@id\":\"https:\/\/noordconnect.com\/es\/#website\"},\"datePublished\":\"2021-03-30T21:05:25+00:00\",\"dateModified\":\"2021-09-10T12:51:53+00:00\",\"breadcrumb\":{\"@id\":\"https:\/\/noordconnect.com\/es\/block_4\/#breadcrumb\"},\"inLanguage\":\"ru-RU\",\"potentialAction\":[{\"@type\":\"ReadAction\",\"target\":[\"https:\/\/noordconnect.com\/es\/block_4\/\"]}]},{\"@type\":\"BreadcrumbList\",\"@id\":\"https:\/\/noordconnect.com\/es\/block_4\/#breadcrumb\",\"itemListElement\":[{\"@type\":\"ListItem\",\"position\":1,\"name\":\"\u0413\u043b\u0430\u0432\u043d\u0430\u044f \u0441\u0442\u0440\u0430\u043d\u0438\u0446\u0430\",\"item\":\"https:\/\/noordconnect.com\/es\/\"},{\"@type\":\"ListItem\",\"position\":2,\"name\":\"\u0413\u043b\u0430\u0432\u043d\u0430\u044f 4 \u0411\u041b\u041e\u041a \u2014 IMPORTACI\u00d3N Y EXPORTACI\u00d3N\"}]},{\"@type\":\"WebSite\",\"@id\":\"https:\/\/noordconnect.com\/es\/#website\",\"url\":\"https:\/\/noordconnect.com\/es\/\",\"name\":\"Noord Connect\",\"description\":\"Transporte a\u00e9reo internacional y multimodal, entrega de mercanc\u00edas peligrosas\",\"publisher\":{\"@id\":\"https:\/\/noordconnect.com\/es\/#organization\"},\"potentialAction\":[{\"@type\":\"SearchAction\",\"target\":{\"@type\":\"EntryPoint\",\"urlTemplate\":\"https:\/\/noordconnect.com\/es\/?s={search_term_string}\"},\"query-input\":{\"@type\":\"PropertyValueSpecification\",\"valueRequired\":true,\"valueName\":\"search_term_string\"}}],\"inLanguage\":\"ru-RU\"},{\"@type\":\"Organization\",\"@id\":\"https:\/\/noordconnect.com\/es\/#organization\",\"name\":\"Noord Connect\",\"url\":\"https:\/\/noordconnect.com\/es\/\",\"logo\":{\"@type\":\"ImageObject\",\"inLanguage\":\"ru-RU\",\"@id\":\"https:\/\/noordconnect.com\/es\/#\/schema\/logo\/image\/\",\"url\":\"https:\/\/noordconnect.com\/es\/wp-content\/uploads\/2021\/03\/logonordconnect.png\",\"contentUrl\":\"https:\/\/noordconnect.com\/es\/wp-content\/uploads\/2021\/03\/logonordconnect.png\",\"width\":203,\"height\":84,\"caption\":\"Noord Connect\"},\"image\":{\"@id\":\"https:\/\/noordconnect.com\/es\/#\/schema\/logo\/image\/\"},\"sameAs\":[\"https:\/\/www.facebook.com\/NoordConnect\/\",\"https:\/\/www.linkedin.com\/in\/noord-connect-jsc-67288563\/\"]}]}<\/script>\n<!-- \/ Yoast SEO plugin. -->","yoast_head_json":{"title":"\u0413\u043b\u0430\u0432\u043d\u0430\u044f 4 \u0411\u041b\u041e\u041a \u2014 IMPORTACI\u00d3N Y EXPORTACI\u00d3N - Noord Connect","robots":{"index":"index","follow":"follow","max-snippet":"max-snippet:-1","max-image-preview":"max-image-preview:large","max-video-preview":"max-video-preview:-1"},"canonical":"https:\/\/noordconnect.com\/es\/block_4\/","og_locale":"ru_RU","og_type":"article","og_title":"\u0413\u043b\u0430\u0432\u043d\u0430\u044f 4 \u0411\u041b\u041e\u041a \u2014 IMPORTACI\u00d3N Y EXPORTACI\u00d3N - Noord Connect","og_description":"IMPORTACI\u00d3N Y&nbsp;EXPORTACI\u00d3N Ayudamos a&nbsp;realizar todos los tr\u00e1mites aduaneros, as\u00ed como preparar correctamente los documentos de acompa\u00f1amiento y&nbsp;de&nbsp;soporte para las&nbsp;mercanc\u00edas importadas y&nbsp;exportadas de&nbsp;Rusia. Transportamos valijas diplom\u00e1ticas y&nbsp;muestras comerciales para ferias. La empresa Nord Connect ofrecemos los siguientes servicios: Preparar contratos de&nbsp;compraventa internacional y&nbsp;otros documentos; Obtener certificados y&nbsp;c\u00f3digos necesarios; Calcular aranceles aduaneros; Consultar acerca de&nbsp;los&nbsp;tr\u00e1mites aduaneros y&nbsp;la&nbsp;normativa","og_url":"https:\/\/noordconnect.com\/es\/block_4\/","og_site_name":"Noord Connect","article_publisher":"https:\/\/www.facebook.com\/NoordConnect\/","article_modified_time":"2021-09-10T12:51:53+00:00","og_image":[{"width":1080,"height":396,"url":"https:\/\/noordconnect.com\/es\/wp-content\/uploads\/2021\/03\/ncfb.jpg","type":"image\/jpeg"}],"twitter_card":"summary_large_image","twitter_misc":{"\u041f\u0440\u0438\u043c\u0435\u0440\u043d\u043e\u0435 \u0432\u0440\u0435\u043c\u044f \u0434\u043b\u044f \u0447\u0442\u0435\u043d\u0438\u044f":"1 \u043c\u0438\u043d\u0443\u0442\u0430"},"schema":{"@context":"https:\/\/schema.org","@graph":[{"@type":"WebPage","@id":"https:\/\/noordconnect.com\/es\/block_4\/","url":"https:\/\/noordconnect.com\/es\/block_4\/","name":"\u0413\u043b\u0430\u0432\u043d\u0430\u044f 4 \u0411\u041b\u041e\u041a \u2014 IMPORTACI\u00d3N Y EXPORTACI\u00d3N - Noord Connect","isPartOf":{"@id":"https:\/\/noordconnect.com\/es\/#website"},"datePublished":"2021-03-30T21:05:25+00:00","dateModified":"2021-09-10T12:51:53+00:00","breadcrumb":{"@id":"https:\/\/noordconnect.com\/es\/block_4\/#breadcrumb"},"inLanguage":"ru-RU","potentialAction":[{"@type":"ReadAction","target":["https:\/\/noordconnect.com\/es\/block_4\/"]}]},{"@type":"BreadcrumbList","@id":"https:\/\/noordconnect.com\/es\/block_4\/#breadcrumb","itemListElement":[{"@type":"ListItem","position":1,"name":"\u0413\u043b\u0430\u0432\u043d\u0430\u044f \u0441\u0442\u0440\u0430\u043d\u0438\u0446\u0430","item":"https:\/\/noordconnect.com\/es\/"},{"@type":"ListItem","position":2,"name":"\u0413\u043b\u0430\u0432\u043d\u0430\u044f 4 \u0411\u041b\u041e\u041a \u2014 IMPORTACI\u00d3N Y EXPORTACI\u00d3N"}]},{"@type":"WebSite","@id":"https:\/\/noordconnect.com\/es\/#website","url":"https:\/\/noordconnect.com\/es\/","name":"Noord Connect","description":"Transporte a\u00e9reo internacional y multimodal, entrega de mercanc\u00edas peligrosas","publisher":{"@id":"https:\/\/noordconnect.com\/es\/#organization"},"potentialAction":[{"@type":"SearchAction","target":{"@type":"EntryPoint","urlTemplate":"https:\/\/noordconnect.com\/es\/?s={search_term_string}"},"query-input":{"@type":"PropertyValueSpecification","valueRequired":true,"valueName":"search_term_string"}}],"inLanguage":"ru-RU"},{"@type":"Organization","@id":"https:\/\/noordconnect.com\/es\/#organization","name":"Noord Connect","url":"https:\/\/noordconnect.com\/es\/","logo":{"@type":"ImageObject","inLanguage":"ru-RU","@id":"https:\/\/noordconnect.com\/es\/#\/schema\/logo\/image\/","url":"https:\/\/noordconnect.com\/es\/wp-content\/uploads\/2021\/03\/logonordconnect.png","contentUrl":"https:\/\/noordconnect.com\/es\/wp-content\/uploads\/2021\/03\/logonordconnect.png","width":203,"height":84,"caption":"Noord Connect"},"image":{"@id":"https:\/\/noordconnect.com\/es\/#\/schema\/logo\/image\/"},"sameAs":["https:\/\/www.facebook.com\/NoordConnect\/","https:\/\/www.linkedin.com\/in\/noord-connect-jsc-67288563\/"]}]}},"_links":{"self":[{"href":"https:\/\/noordconnect.com\/es\/wp-json\/wp\/v2\/pages\/91","targetHints":{"allow":["GET"]}}],"collection":[{"href":"https:\/\/noordconnect.com\/es\/wp-json\/wp\/v2\/pages"}],"about":[{"href":"https:\/\/noordconnect.com\/es\/wp-json\/wp\/v2\/types\/page"}],"author":[{"embeddable":true,"href":"https:\/\/noordconnect.com\/es\/wp-json\/wp\/v2\/users\/1"}],"replies":[{"embeddable":true,"href":"https:\/\/noordconnect.com\/es\/wp-json\/wp\/v2\/comments?post=91"}],"version-history":[{"count":7,"href":"https:\/\/noordconnect.com\/es\/wp-json\/wp\/v2\/pages\/91\/revisions"}],"predecessor-version":[{"id":192,"href":"https:\/\/noordconnect.com\/es\/wp-json\/wp\/v2\/pages\/91\/revisions\/192"}],"wp:attachment":[{"href":"https:\/\/noordconnect.com\/es\/wp-json\/wp\/v2\/media?parent=91"}],"curies":[{"name":"wp","href":"https:\/\/api.w.org\/{rel}","templated":true}]}}