{"id":26,"date":"2020-07-23T14:46:18","date_gmt":"2020-07-23T11:46:18","guid":{"rendered":"https:\/\/noordconnect.com\/fr\/?page_id=26"},"modified":"2020-08-04T22:25:28","modified_gmt":"2020-08-04T19:25:28","slug":"block_2","status":"publish","type":"page","link":"https:\/\/noordconnect.com\/fr\/block_2\/","title":{"rendered":"Home 2 UNIT &#8212; Livraison de marchandises dangereuses"},"content":{"rendered":"<h2>Livraison de marchandises dangereuses<\/h2>\n<p>Les marchandises dangereuses sont des marchandises qui, pendant le transport, peuvent nuire \u00e0 la sant\u00e9 ou \u00e0 la vie des personnes et \/ ou \u00e0 l&#8217;environnement. Le transport de marchandises dangereuses implique l&#8217;utilisation de diff\u00e9rents types de transport: a\u00e9rien, terrestre et maritime.<\/p>\n<p>Lors du transport de marchandises dangereuses faisant artie des marchandises de groupage, il est n\u00e9cessaire de respecter certaines normes de compatibilit\u00e9 de diff\u00e9rentes classes entre elles. La livraison des marchandises dangereuses est effectu\u00e9e conform\u00e9ment \u00e0 la r\u00e9glementation r\u00e9gissant certaines actions li\u00e9es \u00e0 ce type de transport, ainsi qu&#8217;aux exigences du v\u00e9hicule.<\/p>\n<p>Le transport de marchandises dangereuses n\u00e9cessite un \u00e9tiquetage obligatoire en fonction du degr\u00e9 de danger. Une condition pr\u00e9alable au transport de ce type de marchandises est \u00e9galement la d\u00e9finition de la nature et du type d&#8217;emballage. La soci\u00e9t\u00e9 Nord Connect, en tenant compte de toutes les caract\u00e9ristiques de la cargaison appartenant \u00e0 la cat\u00e9gorie des \u00abmarchandises dangereuses\u00bb, choisira le mode de livraison optimal, tout en assurant le niveau de s\u00e9curit\u00e9 requis.<\/p>\n<p><strong class=\"orange\">Des sp\u00e9cialistes exp\u00e9riment\u00e9s contr\u00f4leront la r\u00e9alisation de toutes les op\u00e9rations requises, contr\u00f4leront le respect des r\u00e8gles et r\u00e9glementations de transport \u00e9tablies par les organismes \u00e9tatiques, non seulement dans le pays de d\u00e9part, mais \u00e9galement sur tout le trajet de la cargaison.<\/strong><\/p>\n","protected":false},"excerpt":{"rendered":"<p>Livraison de marchandises dangereuses Les marchandises dangereuses sont des marchandises qui, pendant le transport, peuvent nuire \u00e0 la sant\u00e9 ou \u00e0 la vie des personnes et \/ ou \u00e0 l&#8217;environnement. Le transport de marchandises dangereuses implique l&#8217;utilisation de diff\u00e9rents types de transport: a\u00e9rien, terrestre et maritime. Lors du transport de marchandises dangereuses faisant artie des<\/p>\n","protected":false},"author":1,"featured_media":0,"parent":0,"menu_order":0,"comment_status":"closed","ping_status":"closed","template":"","meta":[],"yoast_head":"<!-- This site is optimized with the Yoast SEO plugin v21.1 - https:\/\/yoast.com\/wordpress\/plugins\/seo\/ -->\n<title>Home 2 UNIT - Livraison de marchandises dangereuses &bull; Noord Connect<\/title>\n<meta name=\"robots\" content=\"index, follow, max-snippet:-1, max-image-preview:large, max-video-preview:-1\" \/>\n<link rel=\"canonical\" href=\"https:\/\/noordconnect.com\/fr\/block_2\/\" \/>\n<meta property=\"og:locale\" content=\"ru_RU\" \/>\n<meta property=\"og:type\" content=\"article\" \/>\n<meta property=\"og:title\" content=\"Home 2 UNIT - Livraison de marchandises dangereuses &bull; Noord Connect\" \/>\n<meta property=\"og:description\" content=\"Livraison de marchandises dangereuses Les marchandises dangereuses sont des marchandises qui, pendant le transport, peuvent nuire \u00e0 la sant\u00e9 ou \u00e0 la vie des personnes et \/ ou \u00e0 l&#8217;environnement. Le transport de marchandises dangereuses implique l&#8217;utilisation de diff\u00e9rents types de transport: a\u00e9rien, terrestre et maritime. Lors du transport de marchandises dangereuses faisant artie des\" \/>\n<meta property=\"og:url\" content=\"https:\/\/noordconnect.com\/fr\/block_2\/\" \/>\n<meta property=\"og:site_name\" content=\"Noord Connect\" \/>\n<meta property=\"article:publisher\" content=\"https:\/\/www.facebook.com\/NoordConnect\/\" \/>\n<meta property=\"article:modified_time\" content=\"2020-08-04T19:25:28+00:00\" \/>\n<meta property=\"og:image\" content=\"https:\/\/noordconnect.com\/fr\/wp-content\/uploads\/2020\/08\/ncfb.jpg\" \/>\n\t<meta property=\"og:image:width\" content=\"1080\" \/>\n\t<meta property=\"og:image:height\" content=\"396\" \/>\n\t<meta property=\"og:image:type\" content=\"image\/jpeg\" \/>\n<meta name=\"twitter:card\" content=\"summary_large_image\" \/>\n<meta name=\"twitter:label1\" content=\"\u041f\u0440\u0438\u043c\u0435\u0440\u043d\u043e\u0435 \u0432\u0440\u0435\u043c\u044f \u0434\u043b\u044f \u0447\u0442\u0435\u043d\u0438\u044f\" \/>\n\t<meta name=\"twitter:data1\" content=\"1 \u043c\u0438\u043d\u0443\u0442\u0430\" \/>\n<script type=\"application\/ld+json\" class=\"yoast-schema-graph\">{\"@context\":\"https:\/\/schema.org\",\"@graph\":[{\"@type\":\"WebPage\",\"@id\":\"https:\/\/noordconnect.com\/fr\/block_2\/\",\"url\":\"https:\/\/noordconnect.com\/fr\/block_2\/\",\"name\":\"Home 2 UNIT - Livraison de marchandises dangereuses &bull; Noord Connect\",\"isPartOf\":{\"@id\":\"https:\/\/noordconnect.com\/fr\/#website\"},\"datePublished\":\"2020-07-23T11:46:18+00:00\",\"dateModified\":\"2020-08-04T19:25:28+00:00\",\"breadcrumb\":{\"@id\":\"https:\/\/noordconnect.com\/fr\/block_2\/#breadcrumb\"},\"inLanguage\":\"ru-RU\",\"potentialAction\":[{\"@type\":\"ReadAction\",\"target\":[\"https:\/\/noordconnect.com\/fr\/block_2\/\"]}]},{\"@type\":\"BreadcrumbList\",\"@id\":\"https:\/\/noordconnect.com\/fr\/block_2\/#breadcrumb\",\"itemListElement\":[{\"@type\":\"ListItem\",\"position\":1,\"name\":\"\u0413\u043b\u0430\u0432\u043d\u0430\u044f \u0441\u0442\u0440\u0430\u043d\u0438\u0446\u0430\",\"item\":\"https:\/\/noordconnect.com\/fr\/\"},{\"@type\":\"ListItem\",\"position\":2,\"name\":\"Home 2 UNIT &#8212; Livraison de marchandises dangereuses\"}]},{\"@type\":\"WebSite\",\"@id\":\"https:\/\/noordconnect.com\/fr\/#website\",\"url\":\"https:\/\/noordconnect.com\/fr\/\",\"name\":\"Noord Connect\",\"description\":\"Transport a\u00e9rien international et multimodal, livraison de marchandises dangereuses\",\"publisher\":{\"@id\":\"https:\/\/noordconnect.com\/fr\/#organization\"},\"potentialAction\":[{\"@type\":\"SearchAction\",\"target\":{\"@type\":\"EntryPoint\",\"urlTemplate\":\"https:\/\/noordconnect.com\/fr\/?s={search_term_string}\"},\"query-input\":\"required name=search_term_string\"}],\"inLanguage\":\"ru-RU\"},{\"@type\":\"Organization\",\"@id\":\"https:\/\/noordconnect.com\/fr\/#organization\",\"name\":\"Noord Connect\",\"url\":\"https:\/\/noordconnect.com\/fr\/\",\"logo\":{\"@type\":\"ImageObject\",\"inLanguage\":\"ru-RU\",\"@id\":\"https:\/\/noordconnect.com\/fr\/#\/schema\/logo\/image\/\",\"url\":\"https:\/\/noordconnect.com\/fr\/wp-content\/uploads\/2020\/07\/logonordconnect.png\",\"contentUrl\":\"https:\/\/noordconnect.com\/fr\/wp-content\/uploads\/2020\/07\/logonordconnect.png\",\"width\":203,\"height\":84,\"caption\":\"Noord Connect\"},\"image\":{\"@id\":\"https:\/\/noordconnect.com\/fr\/#\/schema\/logo\/image\/\"},\"sameAs\":[\"https:\/\/www.facebook.com\/NoordConnect\/\",\"https:\/\/www.linkedin.com\/in\/noord-connect-jsc-67288563\/\"]}]}<\/script>\n<!-- \/ Yoast SEO plugin. -->","yoast_head_json":{"title":"Home 2 UNIT - Livraison de marchandises dangereuses &bull; Noord Connect","robots":{"index":"index","follow":"follow","max-snippet":"max-snippet:-1","max-image-preview":"max-image-preview:large","max-video-preview":"max-video-preview:-1"},"canonical":"https:\/\/noordconnect.com\/fr\/block_2\/","og_locale":"ru_RU","og_type":"article","og_title":"Home 2 UNIT - Livraison de marchandises dangereuses &bull; Noord Connect","og_description":"Livraison de marchandises dangereuses Les marchandises dangereuses sont des marchandises qui, pendant le transport, peuvent nuire \u00e0 la sant\u00e9 ou \u00e0 la vie des personnes et \/ ou \u00e0 l&#8217;environnement. Le transport de marchandises dangereuses implique l&#8217;utilisation de diff\u00e9rents types de transport: a\u00e9rien, terrestre et maritime. Lors du transport de marchandises dangereuses faisant artie des","og_url":"https:\/\/noordconnect.com\/fr\/block_2\/","og_site_name":"Noord Connect","article_publisher":"https:\/\/www.facebook.com\/NoordConnect\/","article_modified_time":"2020-08-04T19:25:28+00:00","og_image":[{"width":1080,"height":396,"url":"https:\/\/noordconnect.com\/fr\/wp-content\/uploads\/2020\/08\/ncfb.jpg","type":"image\/jpeg"}],"twitter_card":"summary_large_image","twitter_misc":{"\u041f\u0440\u0438\u043c\u0435\u0440\u043d\u043e\u0435 \u0432\u0440\u0435\u043c\u044f \u0434\u043b\u044f \u0447\u0442\u0435\u043d\u0438\u044f":"1 \u043c\u0438\u043d\u0443\u0442\u0430"},"schema":{"@context":"https:\/\/schema.org","@graph":[{"@type":"WebPage","@id":"https:\/\/noordconnect.com\/fr\/block_2\/","url":"https:\/\/noordconnect.com\/fr\/block_2\/","name":"Home 2 UNIT - Livraison de marchandises dangereuses &bull; Noord Connect","isPartOf":{"@id":"https:\/\/noordconnect.com\/fr\/#website"},"datePublished":"2020-07-23T11:46:18+00:00","dateModified":"2020-08-04T19:25:28+00:00","breadcrumb":{"@id":"https:\/\/noordconnect.com\/fr\/block_2\/#breadcrumb"},"inLanguage":"ru-RU","potentialAction":[{"@type":"ReadAction","target":["https:\/\/noordconnect.com\/fr\/block_2\/"]}]},{"@type":"BreadcrumbList","@id":"https:\/\/noordconnect.com\/fr\/block_2\/#breadcrumb","itemListElement":[{"@type":"ListItem","position":1,"name":"\u0413\u043b\u0430\u0432\u043d\u0430\u044f \u0441\u0442\u0440\u0430\u043d\u0438\u0446\u0430","item":"https:\/\/noordconnect.com\/fr\/"},{"@type":"ListItem","position":2,"name":"Home 2 UNIT &#8212; Livraison de marchandises dangereuses"}]},{"@type":"WebSite","@id":"https:\/\/noordconnect.com\/fr\/#website","url":"https:\/\/noordconnect.com\/fr\/","name":"Noord Connect","description":"Transport a\u00e9rien international et multimodal, livraison de marchandises dangereuses","publisher":{"@id":"https:\/\/noordconnect.com\/fr\/#organization"},"potentialAction":[{"@type":"SearchAction","target":{"@type":"EntryPoint","urlTemplate":"https:\/\/noordconnect.com\/fr\/?s={search_term_string}"},"query-input":"required name=search_term_string"}],"inLanguage":"ru-RU"},{"@type":"Organization","@id":"https:\/\/noordconnect.com\/fr\/#organization","name":"Noord Connect","url":"https:\/\/noordconnect.com\/fr\/","logo":{"@type":"ImageObject","inLanguage":"ru-RU","@id":"https:\/\/noordconnect.com\/fr\/#\/schema\/logo\/image\/","url":"https:\/\/noordconnect.com\/fr\/wp-content\/uploads\/2020\/07\/logonordconnect.png","contentUrl":"https:\/\/noordconnect.com\/fr\/wp-content\/uploads\/2020\/07\/logonordconnect.png","width":203,"height":84,"caption":"Noord Connect"},"image":{"@id":"https:\/\/noordconnect.com\/fr\/#\/schema\/logo\/image\/"},"sameAs":["https:\/\/www.facebook.com\/NoordConnect\/","https:\/\/www.linkedin.com\/in\/noord-connect-jsc-67288563\/"]}]}},"_links":{"self":[{"href":"https:\/\/noordconnect.com\/fr\/wp-json\/wp\/v2\/pages\/26"}],"collection":[{"href":"https:\/\/noordconnect.com\/fr\/wp-json\/wp\/v2\/pages"}],"about":[{"href":"https:\/\/noordconnect.com\/fr\/wp-json\/wp\/v2\/types\/page"}],"author":[{"embeddable":true,"href":"https:\/\/noordconnect.com\/fr\/wp-json\/wp\/v2\/users\/1"}],"replies":[{"embeddable":true,"href":"https:\/\/noordconnect.com\/fr\/wp-json\/wp\/v2\/comments?post=26"}],"version-history":[{"count":4,"href":"https:\/\/noordconnect.com\/fr\/wp-json\/wp\/v2\/pages\/26\/revisions"}],"predecessor-version":[{"id":102,"href":"https:\/\/noordconnect.com\/fr\/wp-json\/wp\/v2\/pages\/26\/revisions\/102"}],"wp:attachment":[{"href":"https:\/\/noordconnect.com\/fr\/wp-json\/wp\/v2\/media?parent=26"}],"curies":[{"name":"wp","href":"https:\/\/api.w.org\/{rel}","templated":true}]}}