{"id":29,"date":"2020-07-23T14:48:16","date_gmt":"2020-07-23T11:48:16","guid":{"rendered":"https:\/\/noordconnect.com\/fr\/?page_id=29"},"modified":"2020-08-04T22:30:51","modified_gmt":"2020-08-04T19:30:51","slug":"block_3","status":"publish","type":"page","link":"https:\/\/noordconnect.com\/fr\/block_3\/","title":{"rendered":"Accueil 3 BLOCK &#8212; Liste des services"},"content":{"rendered":"<h2>La societe Nord Connect offre les services de transport de marchandises dangereuses suivants:<\/h2>\n<ul class=\"left\">\n<li>D\u00e9termination et confirmation de la classe de danger de la cargaison par nos propres sp\u00e9cialistes certifi\u00e9s;<\/li>\n<li>V\u00e9rification de la conformit\u00e9 de l&#8217;emballage au degr\u00e9 de danger selon IATA et le marquage requis de la cargaison;<\/li>\n<li>Fourniture d&#8217;un emballage certifi\u00e9, d&#8217;un emballage suppl\u00e9mentaire de la cargaison conform\u00e9ment aux exigences de l&#8217;IATA;<\/li>\n<li>Services de l\u2019exp\u00e9dition et d\u2019escorte s\u00e9curis\u00e9 porte-\u00e0-porte;<\/li>\n<\/li>\n<\/ul>\n<ul class=\"left\">\n<li>Optimisation de l&#8217;itin\u00e9raire et du temps de transport, suivi 24h \/ 24 de la circulation des marchandises;<\/li>\n<li>Conseils gratuits sur toutes les questions li\u00e9es au transport de marchandises dangereuses;<\/li>\n<li>Enregistrement de tous les documents d&#8217;accompagnement;<\/li>\n<li>Assurance.<\/li>\n<\/ul>\n","protected":false},"excerpt":{"rendered":"<p>La societe Nord Connect offre les services de transport de marchandises dangereuses suivants: D\u00e9termination et confirmation de la classe de danger de la cargaison par nos propres sp\u00e9cialistes certifi\u00e9s; V\u00e9rification de la conformit\u00e9 de l&#8217;emballage au degr\u00e9 de danger selon IATA et le marquage requis de la cargaison; Fourniture d&#8217;un emballage certifi\u00e9, d&#8217;un emballage suppl\u00e9mentaire<\/p>\n","protected":false},"author":1,"featured_media":0,"parent":0,"menu_order":0,"comment_status":"closed","ping_status":"closed","template":"","meta":[],"yoast_head":"<!-- This site is optimized with the Yoast SEO plugin v21.1 - https:\/\/yoast.com\/wordpress\/plugins\/seo\/ -->\n<title>Accueil 3 BLOCK - Liste des services &bull; Noord Connect<\/title>\n<meta name=\"robots\" content=\"index, follow, max-snippet:-1, max-image-preview:large, max-video-preview:-1\" \/>\n<link rel=\"canonical\" href=\"https:\/\/noordconnect.com\/fr\/block_3\/\" \/>\n<meta property=\"og:locale\" content=\"ru_RU\" \/>\n<meta property=\"og:type\" content=\"article\" \/>\n<meta property=\"og:title\" content=\"Accueil 3 BLOCK - Liste des services &bull; Noord Connect\" \/>\n<meta property=\"og:description\" content=\"La societe Nord Connect offre les services de transport de marchandises dangereuses suivants: D\u00e9termination et confirmation de la classe de danger de la cargaison par nos propres sp\u00e9cialistes certifi\u00e9s; V\u00e9rification de la conformit\u00e9 de l&#8217;emballage au degr\u00e9 de danger selon IATA et le marquage requis de la cargaison; Fourniture d&#8217;un emballage certifi\u00e9, d&#8217;un emballage suppl\u00e9mentaire\" \/>\n<meta property=\"og:url\" content=\"https:\/\/noordconnect.com\/fr\/block_3\/\" \/>\n<meta property=\"og:site_name\" content=\"Noord Connect\" \/>\n<meta property=\"article:publisher\" content=\"https:\/\/www.facebook.com\/NoordConnect\/\" \/>\n<meta property=\"article:modified_time\" content=\"2020-08-04T19:30:51+00:00\" \/>\n<meta property=\"og:image\" content=\"https:\/\/noordconnect.com\/fr\/wp-content\/uploads\/2020\/08\/ncfb.jpg\" \/>\n\t<meta property=\"og:image:width\" content=\"1080\" \/>\n\t<meta property=\"og:image:height\" content=\"396\" \/>\n\t<meta property=\"og:image:type\" content=\"image\/jpeg\" \/>\n<meta name=\"twitter:card\" content=\"summary_large_image\" \/>\n<meta name=\"twitter:label1\" content=\"\u041f\u0440\u0438\u043c\u0435\u0440\u043d\u043e\u0435 \u0432\u0440\u0435\u043c\u044f \u0434\u043b\u044f \u0447\u0442\u0435\u043d\u0438\u044f\" \/>\n\t<meta name=\"twitter:data1\" content=\"1 \u043c\u0438\u043d\u0443\u0442\u0430\" \/>\n<script type=\"application\/ld+json\" class=\"yoast-schema-graph\">{\"@context\":\"https:\/\/schema.org\",\"@graph\":[{\"@type\":\"WebPage\",\"@id\":\"https:\/\/noordconnect.com\/fr\/block_3\/\",\"url\":\"https:\/\/noordconnect.com\/fr\/block_3\/\",\"name\":\"Accueil 3 BLOCK - Liste des services &bull; Noord Connect\",\"isPartOf\":{\"@id\":\"https:\/\/noordconnect.com\/fr\/#website\"},\"datePublished\":\"2020-07-23T11:48:16+00:00\",\"dateModified\":\"2020-08-04T19:30:51+00:00\",\"breadcrumb\":{\"@id\":\"https:\/\/noordconnect.com\/fr\/block_3\/#breadcrumb\"},\"inLanguage\":\"ru-RU\",\"potentialAction\":[{\"@type\":\"ReadAction\",\"target\":[\"https:\/\/noordconnect.com\/fr\/block_3\/\"]}]},{\"@type\":\"BreadcrumbList\",\"@id\":\"https:\/\/noordconnect.com\/fr\/block_3\/#breadcrumb\",\"itemListElement\":[{\"@type\":\"ListItem\",\"position\":1,\"name\":\"\u0413\u043b\u0430\u0432\u043d\u0430\u044f \u0441\u0442\u0440\u0430\u043d\u0438\u0446\u0430\",\"item\":\"https:\/\/noordconnect.com\/fr\/\"},{\"@type\":\"ListItem\",\"position\":2,\"name\":\"Accueil 3 BLOCK &#8212; Liste des services\"}]},{\"@type\":\"WebSite\",\"@id\":\"https:\/\/noordconnect.com\/fr\/#website\",\"url\":\"https:\/\/noordconnect.com\/fr\/\",\"name\":\"Noord Connect\",\"description\":\"Transport a\u00e9rien international et multimodal, livraison de marchandises dangereuses\",\"publisher\":{\"@id\":\"https:\/\/noordconnect.com\/fr\/#organization\"},\"potentialAction\":[{\"@type\":\"SearchAction\",\"target\":{\"@type\":\"EntryPoint\",\"urlTemplate\":\"https:\/\/noordconnect.com\/fr\/?s={search_term_string}\"},\"query-input\":\"required name=search_term_string\"}],\"inLanguage\":\"ru-RU\"},{\"@type\":\"Organization\",\"@id\":\"https:\/\/noordconnect.com\/fr\/#organization\",\"name\":\"Noord Connect\",\"url\":\"https:\/\/noordconnect.com\/fr\/\",\"logo\":{\"@type\":\"ImageObject\",\"inLanguage\":\"ru-RU\",\"@id\":\"https:\/\/noordconnect.com\/fr\/#\/schema\/logo\/image\/\",\"url\":\"https:\/\/noordconnect.com\/fr\/wp-content\/uploads\/2020\/07\/logonordconnect.png\",\"contentUrl\":\"https:\/\/noordconnect.com\/fr\/wp-content\/uploads\/2020\/07\/logonordconnect.png\",\"width\":203,\"height\":84,\"caption\":\"Noord Connect\"},\"image\":{\"@id\":\"https:\/\/noordconnect.com\/fr\/#\/schema\/logo\/image\/\"},\"sameAs\":[\"https:\/\/www.facebook.com\/NoordConnect\/\",\"https:\/\/www.linkedin.com\/in\/noord-connect-jsc-67288563\/\"]}]}<\/script>\n<!-- \/ Yoast SEO plugin. -->","yoast_head_json":{"title":"Accueil 3 BLOCK - Liste des services &bull; Noord Connect","robots":{"index":"index","follow":"follow","max-snippet":"max-snippet:-1","max-image-preview":"max-image-preview:large","max-video-preview":"max-video-preview:-1"},"canonical":"https:\/\/noordconnect.com\/fr\/block_3\/","og_locale":"ru_RU","og_type":"article","og_title":"Accueil 3 BLOCK - Liste des services &bull; Noord Connect","og_description":"La societe Nord Connect offre les services de transport de marchandises dangereuses suivants: D\u00e9termination et confirmation de la classe de danger de la cargaison par nos propres sp\u00e9cialistes certifi\u00e9s; V\u00e9rification de la conformit\u00e9 de l&#8217;emballage au degr\u00e9 de danger selon IATA et le marquage requis de la cargaison; Fourniture d&#8217;un emballage certifi\u00e9, d&#8217;un emballage suppl\u00e9mentaire","og_url":"https:\/\/noordconnect.com\/fr\/block_3\/","og_site_name":"Noord Connect","article_publisher":"https:\/\/www.facebook.com\/NoordConnect\/","article_modified_time":"2020-08-04T19:30:51+00:00","og_image":[{"width":1080,"height":396,"url":"https:\/\/noordconnect.com\/fr\/wp-content\/uploads\/2020\/08\/ncfb.jpg","type":"image\/jpeg"}],"twitter_card":"summary_large_image","twitter_misc":{"\u041f\u0440\u0438\u043c\u0435\u0440\u043d\u043e\u0435 \u0432\u0440\u0435\u043c\u044f \u0434\u043b\u044f \u0447\u0442\u0435\u043d\u0438\u044f":"1 \u043c\u0438\u043d\u0443\u0442\u0430"},"schema":{"@context":"https:\/\/schema.org","@graph":[{"@type":"WebPage","@id":"https:\/\/noordconnect.com\/fr\/block_3\/","url":"https:\/\/noordconnect.com\/fr\/block_3\/","name":"Accueil 3 BLOCK - Liste des services &bull; Noord Connect","isPartOf":{"@id":"https:\/\/noordconnect.com\/fr\/#website"},"datePublished":"2020-07-23T11:48:16+00:00","dateModified":"2020-08-04T19:30:51+00:00","breadcrumb":{"@id":"https:\/\/noordconnect.com\/fr\/block_3\/#breadcrumb"},"inLanguage":"ru-RU","potentialAction":[{"@type":"ReadAction","target":["https:\/\/noordconnect.com\/fr\/block_3\/"]}]},{"@type":"BreadcrumbList","@id":"https:\/\/noordconnect.com\/fr\/block_3\/#breadcrumb","itemListElement":[{"@type":"ListItem","position":1,"name":"\u0413\u043b\u0430\u0432\u043d\u0430\u044f \u0441\u0442\u0440\u0430\u043d\u0438\u0446\u0430","item":"https:\/\/noordconnect.com\/fr\/"},{"@type":"ListItem","position":2,"name":"Accueil 3 BLOCK &#8212; Liste des services"}]},{"@type":"WebSite","@id":"https:\/\/noordconnect.com\/fr\/#website","url":"https:\/\/noordconnect.com\/fr\/","name":"Noord Connect","description":"Transport a\u00e9rien international et multimodal, livraison de marchandises dangereuses","publisher":{"@id":"https:\/\/noordconnect.com\/fr\/#organization"},"potentialAction":[{"@type":"SearchAction","target":{"@type":"EntryPoint","urlTemplate":"https:\/\/noordconnect.com\/fr\/?s={search_term_string}"},"query-input":"required name=search_term_string"}],"inLanguage":"ru-RU"},{"@type":"Organization","@id":"https:\/\/noordconnect.com\/fr\/#organization","name":"Noord Connect","url":"https:\/\/noordconnect.com\/fr\/","logo":{"@type":"ImageObject","inLanguage":"ru-RU","@id":"https:\/\/noordconnect.com\/fr\/#\/schema\/logo\/image\/","url":"https:\/\/noordconnect.com\/fr\/wp-content\/uploads\/2020\/07\/logonordconnect.png","contentUrl":"https:\/\/noordconnect.com\/fr\/wp-content\/uploads\/2020\/07\/logonordconnect.png","width":203,"height":84,"caption":"Noord Connect"},"image":{"@id":"https:\/\/noordconnect.com\/fr\/#\/schema\/logo\/image\/"},"sameAs":["https:\/\/www.facebook.com\/NoordConnect\/","https:\/\/www.linkedin.com\/in\/noord-connect-jsc-67288563\/"]}]}},"_links":{"self":[{"href":"https:\/\/noordconnect.com\/fr\/wp-json\/wp\/v2\/pages\/29"}],"collection":[{"href":"https:\/\/noordconnect.com\/fr\/wp-json\/wp\/v2\/pages"}],"about":[{"href":"https:\/\/noordconnect.com\/fr\/wp-json\/wp\/v2\/types\/page"}],"author":[{"embeddable":true,"href":"https:\/\/noordconnect.com\/fr\/wp-json\/wp\/v2\/users\/1"}],"replies":[{"embeddable":true,"href":"https:\/\/noordconnect.com\/fr\/wp-json\/wp\/v2\/comments?post=29"}],"version-history":[{"count":4,"href":"https:\/\/noordconnect.com\/fr\/wp-json\/wp\/v2\/pages\/29\/revisions"}],"predecessor-version":[{"id":104,"href":"https:\/\/noordconnect.com\/fr\/wp-json\/wp\/v2\/pages\/29\/revisions\/104"}],"wp:attachment":[{"href":"https:\/\/noordconnect.com\/fr\/wp-json\/wp\/v2\/media?parent=29"}],"curies":[{"name":"wp","href":"https:\/\/api.w.org\/{rel}","templated":true}]}}