{"id":32,"date":"2020-07-23T14:49:25","date_gmt":"2020-07-23T11:49:25","guid":{"rendered":"https:\/\/noordconnect.com\/fr\/?page_id=32"},"modified":"2020-08-04T22:35:12","modified_gmt":"2020-08-04T19:35:12","slug":"block_4","status":"publish","type":"page","link":"https:\/\/noordconnect.com\/fr\/block_4\/","title":{"rendered":"Accueil 4 BLOCK &#8212; Exportation et importation"},"content":{"rendered":"<h2>Exportation et importation<\/h2>\n<p>Nous organiserons l&#8217;interaction avec les autorit\u00e9s douani\u00e8res, nous vous aiderons \u00e0 r\u00e9diger correctement la documentation pour les marchandises import\u00e9es et export\u00e9es de Russie. Nous fournirons le transport de l&#8217;exposition et du fret diplomatique.<\/p>\n<p>La liste des services rendus par Noord Connect comprend:<\/p>\n<ul>\n<li>Pr\u00e9paration d&#8217;un contrat \u00e9conomique \u00e9tranger et d&#8217;autres documents;<\/li>\n<li>Obtention des certificats et permis n\u00e9cessaires;<\/li>\n<li>Calcul du montant des droits de douane et autres frais;<\/li>\n<li>Consultation sur les proc\u00e9dures et la l\u00e9gislation douani\u00e8res;<\/li>\n<li>Contr\u00f4le de toutes les \u00e9tapes du d\u00e9douanement des marchandises \u00e0 la douane;<\/li>\n<li>Repr\u00e9sentation de vos int\u00e9r\u00eats aux terminaux douaniers de Moscou, de la r\u00e9gion de Moscou et de Saint-P\u00e9tersbourg.<\/li>\n<\/ul>\n<p><strong>Si vous avez besoin d&#8217;exporter vos marchandises en dehors de la F\u00e9d\u00e9ration de Russie, nous vous conseillerons sur la l\u00e9gislation en vigueur et vous aiderons \u00e0 remplir toutes les formalit\u00e9s n\u00e9cessaires, le cas \u00e9ch\u00e9ant, assurer le d\u00e9douanement dans le pays de destination.<\/strong><\/p>\n","protected":false},"excerpt":{"rendered":"<p>Exportation et importation Nous organiserons l&#8217;interaction avec les autorit\u00e9s douani\u00e8res, nous vous aiderons \u00e0 r\u00e9diger correctement la documentation pour les marchandises import\u00e9es et export\u00e9es de Russie. Nous fournirons le transport de l&#8217;exposition et du fret diplomatique. La liste des services rendus par Noord Connect comprend: Pr\u00e9paration d&#8217;un contrat \u00e9conomique \u00e9tranger et d&#8217;autres documents; Obtention des<\/p>\n","protected":false},"author":1,"featured_media":0,"parent":0,"menu_order":0,"comment_status":"closed","ping_status":"closed","template":"","meta":[],"yoast_head":"<!-- This site is optimized with the Yoast SEO plugin v21.1 - https:\/\/yoast.com\/wordpress\/plugins\/seo\/ -->\n<title>Accueil 4 BLOCK - Exportation et importation &bull; Noord Connect<\/title>\n<meta name=\"robots\" content=\"index, follow, max-snippet:-1, max-image-preview:large, max-video-preview:-1\" \/>\n<link rel=\"canonical\" href=\"https:\/\/noordconnect.com\/fr\/block_4\/\" \/>\n<meta property=\"og:locale\" content=\"ru_RU\" \/>\n<meta property=\"og:type\" content=\"article\" \/>\n<meta property=\"og:title\" content=\"Accueil 4 BLOCK - Exportation et importation &bull; Noord Connect\" \/>\n<meta property=\"og:description\" content=\"Exportation et importation Nous organiserons l&#8217;interaction avec les autorit\u00e9s douani\u00e8res, nous vous aiderons \u00e0 r\u00e9diger correctement la documentation pour les marchandises import\u00e9es et export\u00e9es de Russie. Nous fournirons le transport de l&#8217;exposition et du fret diplomatique. La liste des services rendus par Noord Connect comprend: Pr\u00e9paration d&#8217;un contrat \u00e9conomique \u00e9tranger et d&#8217;autres documents; Obtention des\" \/>\n<meta property=\"og:url\" content=\"https:\/\/noordconnect.com\/fr\/block_4\/\" \/>\n<meta property=\"og:site_name\" content=\"Noord Connect\" \/>\n<meta property=\"article:publisher\" content=\"https:\/\/www.facebook.com\/NoordConnect\/\" \/>\n<meta property=\"article:modified_time\" content=\"2020-08-04T19:35:12+00:00\" \/>\n<meta property=\"og:image\" content=\"https:\/\/noordconnect.com\/fr\/wp-content\/uploads\/2020\/08\/ncfb.jpg\" \/>\n\t<meta property=\"og:image:width\" content=\"1080\" \/>\n\t<meta property=\"og:image:height\" content=\"396\" \/>\n\t<meta property=\"og:image:type\" content=\"image\/jpeg\" \/>\n<meta name=\"twitter:card\" content=\"summary_large_image\" \/>\n<meta name=\"twitter:label1\" content=\"\u041f\u0440\u0438\u043c\u0435\u0440\u043d\u043e\u0435 \u0432\u0440\u0435\u043c\u044f \u0434\u043b\u044f \u0447\u0442\u0435\u043d\u0438\u044f\" \/>\n\t<meta name=\"twitter:data1\" content=\"1 \u043c\u0438\u043d\u0443\u0442\u0430\" \/>\n<script type=\"application\/ld+json\" class=\"yoast-schema-graph\">{\"@context\":\"https:\/\/schema.org\",\"@graph\":[{\"@type\":\"WebPage\",\"@id\":\"https:\/\/noordconnect.com\/fr\/block_4\/\",\"url\":\"https:\/\/noordconnect.com\/fr\/block_4\/\",\"name\":\"Accueil 4 BLOCK - Exportation et importation &bull; Noord Connect\",\"isPartOf\":{\"@id\":\"https:\/\/noordconnect.com\/fr\/#website\"},\"datePublished\":\"2020-07-23T11:49:25+00:00\",\"dateModified\":\"2020-08-04T19:35:12+00:00\",\"breadcrumb\":{\"@id\":\"https:\/\/noordconnect.com\/fr\/block_4\/#breadcrumb\"},\"inLanguage\":\"ru-RU\",\"potentialAction\":[{\"@type\":\"ReadAction\",\"target\":[\"https:\/\/noordconnect.com\/fr\/block_4\/\"]}]},{\"@type\":\"BreadcrumbList\",\"@id\":\"https:\/\/noordconnect.com\/fr\/block_4\/#breadcrumb\",\"itemListElement\":[{\"@type\":\"ListItem\",\"position\":1,\"name\":\"\u0413\u043b\u0430\u0432\u043d\u0430\u044f \u0441\u0442\u0440\u0430\u043d\u0438\u0446\u0430\",\"item\":\"https:\/\/noordconnect.com\/fr\/\"},{\"@type\":\"ListItem\",\"position\":2,\"name\":\"Accueil 4 BLOCK &#8212; Exportation et importation\"}]},{\"@type\":\"WebSite\",\"@id\":\"https:\/\/noordconnect.com\/fr\/#website\",\"url\":\"https:\/\/noordconnect.com\/fr\/\",\"name\":\"Noord Connect\",\"description\":\"Transport a\u00e9rien international et multimodal, livraison de marchandises dangereuses\",\"publisher\":{\"@id\":\"https:\/\/noordconnect.com\/fr\/#organization\"},\"potentialAction\":[{\"@type\":\"SearchAction\",\"target\":{\"@type\":\"EntryPoint\",\"urlTemplate\":\"https:\/\/noordconnect.com\/fr\/?s={search_term_string}\"},\"query-input\":\"required name=search_term_string\"}],\"inLanguage\":\"ru-RU\"},{\"@type\":\"Organization\",\"@id\":\"https:\/\/noordconnect.com\/fr\/#organization\",\"name\":\"Noord Connect\",\"url\":\"https:\/\/noordconnect.com\/fr\/\",\"logo\":{\"@type\":\"ImageObject\",\"inLanguage\":\"ru-RU\",\"@id\":\"https:\/\/noordconnect.com\/fr\/#\/schema\/logo\/image\/\",\"url\":\"https:\/\/noordconnect.com\/fr\/wp-content\/uploads\/2020\/07\/logonordconnect.png\",\"contentUrl\":\"https:\/\/noordconnect.com\/fr\/wp-content\/uploads\/2020\/07\/logonordconnect.png\",\"width\":203,\"height\":84,\"caption\":\"Noord Connect\"},\"image\":{\"@id\":\"https:\/\/noordconnect.com\/fr\/#\/schema\/logo\/image\/\"},\"sameAs\":[\"https:\/\/www.facebook.com\/NoordConnect\/\",\"https:\/\/www.linkedin.com\/in\/noord-connect-jsc-67288563\/\"]}]}<\/script>\n<!-- \/ Yoast SEO plugin. -->","yoast_head_json":{"title":"Accueil 4 BLOCK - Exportation et importation &bull; Noord Connect","robots":{"index":"index","follow":"follow","max-snippet":"max-snippet:-1","max-image-preview":"max-image-preview:large","max-video-preview":"max-video-preview:-1"},"canonical":"https:\/\/noordconnect.com\/fr\/block_4\/","og_locale":"ru_RU","og_type":"article","og_title":"Accueil 4 BLOCK - Exportation et importation &bull; Noord Connect","og_description":"Exportation et importation Nous organiserons l&#8217;interaction avec les autorit\u00e9s douani\u00e8res, nous vous aiderons \u00e0 r\u00e9diger correctement la documentation pour les marchandises import\u00e9es et export\u00e9es de Russie. Nous fournirons le transport de l&#8217;exposition et du fret diplomatique. La liste des services rendus par Noord Connect comprend: Pr\u00e9paration d&#8217;un contrat \u00e9conomique \u00e9tranger et d&#8217;autres documents; Obtention des","og_url":"https:\/\/noordconnect.com\/fr\/block_4\/","og_site_name":"Noord Connect","article_publisher":"https:\/\/www.facebook.com\/NoordConnect\/","article_modified_time":"2020-08-04T19:35:12+00:00","og_image":[{"width":1080,"height":396,"url":"https:\/\/noordconnect.com\/fr\/wp-content\/uploads\/2020\/08\/ncfb.jpg","type":"image\/jpeg"}],"twitter_card":"summary_large_image","twitter_misc":{"\u041f\u0440\u0438\u043c\u0435\u0440\u043d\u043e\u0435 \u0432\u0440\u0435\u043c\u044f \u0434\u043b\u044f \u0447\u0442\u0435\u043d\u0438\u044f":"1 \u043c\u0438\u043d\u0443\u0442\u0430"},"schema":{"@context":"https:\/\/schema.org","@graph":[{"@type":"WebPage","@id":"https:\/\/noordconnect.com\/fr\/block_4\/","url":"https:\/\/noordconnect.com\/fr\/block_4\/","name":"Accueil 4 BLOCK - Exportation et importation &bull; Noord Connect","isPartOf":{"@id":"https:\/\/noordconnect.com\/fr\/#website"},"datePublished":"2020-07-23T11:49:25+00:00","dateModified":"2020-08-04T19:35:12+00:00","breadcrumb":{"@id":"https:\/\/noordconnect.com\/fr\/block_4\/#breadcrumb"},"inLanguage":"ru-RU","potentialAction":[{"@type":"ReadAction","target":["https:\/\/noordconnect.com\/fr\/block_4\/"]}]},{"@type":"BreadcrumbList","@id":"https:\/\/noordconnect.com\/fr\/block_4\/#breadcrumb","itemListElement":[{"@type":"ListItem","position":1,"name":"\u0413\u043b\u0430\u0432\u043d\u0430\u044f \u0441\u0442\u0440\u0430\u043d\u0438\u0446\u0430","item":"https:\/\/noordconnect.com\/fr\/"},{"@type":"ListItem","position":2,"name":"Accueil 4 BLOCK &#8212; Exportation et importation"}]},{"@type":"WebSite","@id":"https:\/\/noordconnect.com\/fr\/#website","url":"https:\/\/noordconnect.com\/fr\/","name":"Noord Connect","description":"Transport a\u00e9rien international et multimodal, livraison de marchandises dangereuses","publisher":{"@id":"https:\/\/noordconnect.com\/fr\/#organization"},"potentialAction":[{"@type":"SearchAction","target":{"@type":"EntryPoint","urlTemplate":"https:\/\/noordconnect.com\/fr\/?s={search_term_string}"},"query-input":"required name=search_term_string"}],"inLanguage":"ru-RU"},{"@type":"Organization","@id":"https:\/\/noordconnect.com\/fr\/#organization","name":"Noord Connect","url":"https:\/\/noordconnect.com\/fr\/","logo":{"@type":"ImageObject","inLanguage":"ru-RU","@id":"https:\/\/noordconnect.com\/fr\/#\/schema\/logo\/image\/","url":"https:\/\/noordconnect.com\/fr\/wp-content\/uploads\/2020\/07\/logonordconnect.png","contentUrl":"https:\/\/noordconnect.com\/fr\/wp-content\/uploads\/2020\/07\/logonordconnect.png","width":203,"height":84,"caption":"Noord Connect"},"image":{"@id":"https:\/\/noordconnect.com\/fr\/#\/schema\/logo\/image\/"},"sameAs":["https:\/\/www.facebook.com\/NoordConnect\/","https:\/\/www.linkedin.com\/in\/noord-connect-jsc-67288563\/"]}]}},"_links":{"self":[{"href":"https:\/\/noordconnect.com\/fr\/wp-json\/wp\/v2\/pages\/32"}],"collection":[{"href":"https:\/\/noordconnect.com\/fr\/wp-json\/wp\/v2\/pages"}],"about":[{"href":"https:\/\/noordconnect.com\/fr\/wp-json\/wp\/v2\/types\/page"}],"author":[{"embeddable":true,"href":"https:\/\/noordconnect.com\/fr\/wp-json\/wp\/v2\/users\/1"}],"replies":[{"embeddable":true,"href":"https:\/\/noordconnect.com\/fr\/wp-json\/wp\/v2\/comments?post=32"}],"version-history":[{"count":4,"href":"https:\/\/noordconnect.com\/fr\/wp-json\/wp\/v2\/pages\/32\/revisions"}],"predecessor-version":[{"id":106,"href":"https:\/\/noordconnect.com\/fr\/wp-json\/wp\/v2\/pages\/32\/revisions\/106"}],"wp:attachment":[{"href":"https:\/\/noordconnect.com\/fr\/wp-json\/wp\/v2\/media?parent=32"}],"curies":[{"name":"wp","href":"https:\/\/api.w.org\/{rel}","templated":true}]}}