{"id":35,"date":"2020-07-23T14:50:21","date_gmt":"2020-07-23T11:50:21","guid":{"rendered":"https:\/\/noordconnect.com\/fr\/?page_id=35"},"modified":"2020-08-04T22:39:47","modified_gmt":"2020-08-04T19:39:47","slug":"block_5","status":"publish","type":"page","link":"https:\/\/noordconnect.com\/fr\/block_5\/","title":{"rendered":"Accueil 5 BLOCK &#8212; Services d\u2019expedition de fret"},"content":{"rendered":"<h2>Services d\u2019expedition de fret<\/h2>\n<h3>Partout en Europe, de l&#8217;Europe \u00e0 la Russie et aux pays d&#8217;Asie centrale et du Moyen-Orient, de la Chine \u00e0 l&#8217;Europe, en passant par la Russie et les pays de la CEI<\/h3>\n<p>Gr\u00e2ce \u00e0 de nombreuses ann\u00e9es d&#8217;exp\u00e9rience, \u00e0 un personnel hautement qualifi\u00e9 et \u00e0 un r\u00e9seau de partenaires d\u00e9velopp\u00e9, nous garantissons la combinaison optimale de prix, de trajet et de d\u00e9lai de livraison.<\/p>\n<p>Nos experts analyseront votre demande, s\u00e9lectionneront le sch\u00e9ma de livraison optimal, d\u00e9termineront les d\u00e9lais et modalit\u00e9s de livraison, assureront votre cargaison, \u00e9tabliront les documents, d\u00e9termineront les codes douaniers et donneront un avis sur les tarifs, mettront en \u0153uvre des mesures pour prot\u00e9ger les marchandises et le stocker.<\/p>\n<p>Les conditions de travail sur le march\u00e9 europ\u00e9en sont r\u00e9gies par les documents suivants:<\/p>\n<ul>\n<li>Conditions g\u00e9n\u00e9rales de l&#8217;Association n\u00e9erlandaise des transports et de la logistique (Nederlands xpeditievoorwaarden &#8212; Fenex), sauf accord contraire;<\/li>\n<li>Transport national: Conditions AVC (2002);<\/li>\n<li>Transport international: conditions CMR en plus des conditions AVC;<\/li>\n<li>Le paiement des services est r\u00e9gi par les conditions de TLN.<\/li>\n<\/ul>\n","protected":false},"excerpt":{"rendered":"<p>Services d\u2019expedition de fret Partout en Europe, de l&#8217;Europe \u00e0 la Russie et aux pays d&#8217;Asie centrale et du Moyen-Orient, de la Chine \u00e0 l&#8217;Europe, en passant par la Russie et les pays de la CEI Gr\u00e2ce \u00e0 de nombreuses ann\u00e9es d&#8217;exp\u00e9rience, \u00e0 un personnel hautement qualifi\u00e9 et \u00e0 un r\u00e9seau de partenaires d\u00e9velopp\u00e9, nous<\/p>\n","protected":false},"author":1,"featured_media":0,"parent":0,"menu_order":0,"comment_status":"closed","ping_status":"closed","template":"","meta":[],"yoast_head":"<!-- This site is optimized with the Yoast SEO plugin v21.1 - https:\/\/yoast.com\/wordpress\/plugins\/seo\/ -->\n<title>Accueil 5 BLOCK - Services d\u2019expedition de fret &bull; Noord Connect<\/title>\n<meta name=\"robots\" content=\"index, follow, max-snippet:-1, max-image-preview:large, max-video-preview:-1\" \/>\n<link rel=\"canonical\" href=\"https:\/\/noordconnect.com\/fr\/block_5\/\" \/>\n<meta property=\"og:locale\" content=\"ru_RU\" \/>\n<meta property=\"og:type\" content=\"article\" \/>\n<meta property=\"og:title\" content=\"Accueil 5 BLOCK - Services d\u2019expedition de fret &bull; Noord Connect\" \/>\n<meta property=\"og:description\" content=\"Services d\u2019expedition de fret Partout en Europe, de l&#8217;Europe \u00e0 la Russie et aux pays d&#8217;Asie centrale et du Moyen-Orient, de la Chine \u00e0 l&#8217;Europe, en passant par la Russie et les pays de la CEI Gr\u00e2ce \u00e0 de nombreuses ann\u00e9es d&#8217;exp\u00e9rience, \u00e0 un personnel hautement qualifi\u00e9 et \u00e0 un r\u00e9seau de partenaires d\u00e9velopp\u00e9, nous\" \/>\n<meta property=\"og:url\" content=\"https:\/\/noordconnect.com\/fr\/block_5\/\" \/>\n<meta property=\"og:site_name\" content=\"Noord Connect\" \/>\n<meta property=\"article:publisher\" content=\"https:\/\/www.facebook.com\/NoordConnect\/\" \/>\n<meta property=\"article:modified_time\" content=\"2020-08-04T19:39:47+00:00\" \/>\n<meta property=\"og:image\" content=\"https:\/\/noordconnect.com\/fr\/wp-content\/uploads\/2020\/08\/ncfb.jpg\" \/>\n\t<meta property=\"og:image:width\" content=\"1080\" \/>\n\t<meta property=\"og:image:height\" content=\"396\" \/>\n\t<meta property=\"og:image:type\" content=\"image\/jpeg\" \/>\n<meta name=\"twitter:card\" content=\"summary_large_image\" \/>\n<meta name=\"twitter:label1\" content=\"\u041f\u0440\u0438\u043c\u0435\u0440\u043d\u043e\u0435 \u0432\u0440\u0435\u043c\u044f \u0434\u043b\u044f \u0447\u0442\u0435\u043d\u0438\u044f\" \/>\n\t<meta name=\"twitter:data1\" content=\"1 \u043c\u0438\u043d\u0443\u0442\u0430\" \/>\n<script type=\"application\/ld+json\" class=\"yoast-schema-graph\">{\"@context\":\"https:\/\/schema.org\",\"@graph\":[{\"@type\":\"WebPage\",\"@id\":\"https:\/\/noordconnect.com\/fr\/block_5\/\",\"url\":\"https:\/\/noordconnect.com\/fr\/block_5\/\",\"name\":\"Accueil 5 BLOCK - Services d\u2019expedition de fret &bull; Noord Connect\",\"isPartOf\":{\"@id\":\"https:\/\/noordconnect.com\/fr\/#website\"},\"datePublished\":\"2020-07-23T11:50:21+00:00\",\"dateModified\":\"2020-08-04T19:39:47+00:00\",\"breadcrumb\":{\"@id\":\"https:\/\/noordconnect.com\/fr\/block_5\/#breadcrumb\"},\"inLanguage\":\"ru-RU\",\"potentialAction\":[{\"@type\":\"ReadAction\",\"target\":[\"https:\/\/noordconnect.com\/fr\/block_5\/\"]}]},{\"@type\":\"BreadcrumbList\",\"@id\":\"https:\/\/noordconnect.com\/fr\/block_5\/#breadcrumb\",\"itemListElement\":[{\"@type\":\"ListItem\",\"position\":1,\"name\":\"\u0413\u043b\u0430\u0432\u043d\u0430\u044f \u0441\u0442\u0440\u0430\u043d\u0438\u0446\u0430\",\"item\":\"https:\/\/noordconnect.com\/fr\/\"},{\"@type\":\"ListItem\",\"position\":2,\"name\":\"Accueil 5 BLOCK &#8212; Services d\u2019expedition de fret\"}]},{\"@type\":\"WebSite\",\"@id\":\"https:\/\/noordconnect.com\/fr\/#website\",\"url\":\"https:\/\/noordconnect.com\/fr\/\",\"name\":\"Noord Connect\",\"description\":\"Transport a\u00e9rien international et multimodal, livraison de marchandises dangereuses\",\"publisher\":{\"@id\":\"https:\/\/noordconnect.com\/fr\/#organization\"},\"potentialAction\":[{\"@type\":\"SearchAction\",\"target\":{\"@type\":\"EntryPoint\",\"urlTemplate\":\"https:\/\/noordconnect.com\/fr\/?s={search_term_string}\"},\"query-input\":\"required name=search_term_string\"}],\"inLanguage\":\"ru-RU\"},{\"@type\":\"Organization\",\"@id\":\"https:\/\/noordconnect.com\/fr\/#organization\",\"name\":\"Noord Connect\",\"url\":\"https:\/\/noordconnect.com\/fr\/\",\"logo\":{\"@type\":\"ImageObject\",\"inLanguage\":\"ru-RU\",\"@id\":\"https:\/\/noordconnect.com\/fr\/#\/schema\/logo\/image\/\",\"url\":\"https:\/\/noordconnect.com\/fr\/wp-content\/uploads\/2020\/07\/logonordconnect.png\",\"contentUrl\":\"https:\/\/noordconnect.com\/fr\/wp-content\/uploads\/2020\/07\/logonordconnect.png\",\"width\":203,\"height\":84,\"caption\":\"Noord Connect\"},\"image\":{\"@id\":\"https:\/\/noordconnect.com\/fr\/#\/schema\/logo\/image\/\"},\"sameAs\":[\"https:\/\/www.facebook.com\/NoordConnect\/\",\"https:\/\/www.linkedin.com\/in\/noord-connect-jsc-67288563\/\"]}]}<\/script>\n<!-- \/ Yoast SEO plugin. -->","yoast_head_json":{"title":"Accueil 5 BLOCK - Services d\u2019expedition de fret &bull; Noord Connect","robots":{"index":"index","follow":"follow","max-snippet":"max-snippet:-1","max-image-preview":"max-image-preview:large","max-video-preview":"max-video-preview:-1"},"canonical":"https:\/\/noordconnect.com\/fr\/block_5\/","og_locale":"ru_RU","og_type":"article","og_title":"Accueil 5 BLOCK - Services d\u2019expedition de fret &bull; Noord Connect","og_description":"Services d\u2019expedition de fret Partout en Europe, de l&#8217;Europe \u00e0 la Russie et aux pays d&#8217;Asie centrale et du Moyen-Orient, de la Chine \u00e0 l&#8217;Europe, en passant par la Russie et les pays de la CEI Gr\u00e2ce \u00e0 de nombreuses ann\u00e9es d&#8217;exp\u00e9rience, \u00e0 un personnel hautement qualifi\u00e9 et \u00e0 un r\u00e9seau de partenaires d\u00e9velopp\u00e9, nous","og_url":"https:\/\/noordconnect.com\/fr\/block_5\/","og_site_name":"Noord Connect","article_publisher":"https:\/\/www.facebook.com\/NoordConnect\/","article_modified_time":"2020-08-04T19:39:47+00:00","og_image":[{"width":1080,"height":396,"url":"https:\/\/noordconnect.com\/fr\/wp-content\/uploads\/2020\/08\/ncfb.jpg","type":"image\/jpeg"}],"twitter_card":"summary_large_image","twitter_misc":{"\u041f\u0440\u0438\u043c\u0435\u0440\u043d\u043e\u0435 \u0432\u0440\u0435\u043c\u044f \u0434\u043b\u044f \u0447\u0442\u0435\u043d\u0438\u044f":"1 \u043c\u0438\u043d\u0443\u0442\u0430"},"schema":{"@context":"https:\/\/schema.org","@graph":[{"@type":"WebPage","@id":"https:\/\/noordconnect.com\/fr\/block_5\/","url":"https:\/\/noordconnect.com\/fr\/block_5\/","name":"Accueil 5 BLOCK - Services d\u2019expedition de fret &bull; Noord Connect","isPartOf":{"@id":"https:\/\/noordconnect.com\/fr\/#website"},"datePublished":"2020-07-23T11:50:21+00:00","dateModified":"2020-08-04T19:39:47+00:00","breadcrumb":{"@id":"https:\/\/noordconnect.com\/fr\/block_5\/#breadcrumb"},"inLanguage":"ru-RU","potentialAction":[{"@type":"ReadAction","target":["https:\/\/noordconnect.com\/fr\/block_5\/"]}]},{"@type":"BreadcrumbList","@id":"https:\/\/noordconnect.com\/fr\/block_5\/#breadcrumb","itemListElement":[{"@type":"ListItem","position":1,"name":"\u0413\u043b\u0430\u0432\u043d\u0430\u044f \u0441\u0442\u0440\u0430\u043d\u0438\u0446\u0430","item":"https:\/\/noordconnect.com\/fr\/"},{"@type":"ListItem","position":2,"name":"Accueil 5 BLOCK &#8212; Services d\u2019expedition de fret"}]},{"@type":"WebSite","@id":"https:\/\/noordconnect.com\/fr\/#website","url":"https:\/\/noordconnect.com\/fr\/","name":"Noord Connect","description":"Transport a\u00e9rien international et multimodal, livraison de marchandises dangereuses","publisher":{"@id":"https:\/\/noordconnect.com\/fr\/#organization"},"potentialAction":[{"@type":"SearchAction","target":{"@type":"EntryPoint","urlTemplate":"https:\/\/noordconnect.com\/fr\/?s={search_term_string}"},"query-input":"required name=search_term_string"}],"inLanguage":"ru-RU"},{"@type":"Organization","@id":"https:\/\/noordconnect.com\/fr\/#organization","name":"Noord Connect","url":"https:\/\/noordconnect.com\/fr\/","logo":{"@type":"ImageObject","inLanguage":"ru-RU","@id":"https:\/\/noordconnect.com\/fr\/#\/schema\/logo\/image\/","url":"https:\/\/noordconnect.com\/fr\/wp-content\/uploads\/2020\/07\/logonordconnect.png","contentUrl":"https:\/\/noordconnect.com\/fr\/wp-content\/uploads\/2020\/07\/logonordconnect.png","width":203,"height":84,"caption":"Noord Connect"},"image":{"@id":"https:\/\/noordconnect.com\/fr\/#\/schema\/logo\/image\/"},"sameAs":["https:\/\/www.facebook.com\/NoordConnect\/","https:\/\/www.linkedin.com\/in\/noord-connect-jsc-67288563\/"]}]}},"_links":{"self":[{"href":"https:\/\/noordconnect.com\/fr\/wp-json\/wp\/v2\/pages\/35"}],"collection":[{"href":"https:\/\/noordconnect.com\/fr\/wp-json\/wp\/v2\/pages"}],"about":[{"href":"https:\/\/noordconnect.com\/fr\/wp-json\/wp\/v2\/types\/page"}],"author":[{"embeddable":true,"href":"https:\/\/noordconnect.com\/fr\/wp-json\/wp\/v2\/users\/1"}],"replies":[{"embeddable":true,"href":"https:\/\/noordconnect.com\/fr\/wp-json\/wp\/v2\/comments?post=35"}],"version-history":[{"count":5,"href":"https:\/\/noordconnect.com\/fr\/wp-json\/wp\/v2\/pages\/35\/revisions"}],"predecessor-version":[{"id":107,"href":"https:\/\/noordconnect.com\/fr\/wp-json\/wp\/v2\/pages\/35\/revisions\/107"}],"wp:attachment":[{"href":"https:\/\/noordconnect.com\/fr\/wp-json\/wp\/v2\/media?parent=35"}],"curies":[{"name":"wp","href":"https:\/\/api.w.org\/{rel}","templated":true}]}}