{"id":59,"date":"2020-07-23T14:58:23","date_gmt":"2020-07-23T11:58:23","guid":{"rendered":"https:\/\/noordconnect.com\/fr\/?page_id=59"},"modified":"2020-08-05T15:09:22","modified_gmt":"2020-08-05T12:09:22","slug":"block_13","status":"publish","type":"page","link":"https:\/\/noordconnect.com\/fr\/block_13\/","title":{"rendered":"Accueil 13 BLOCK &#8212; \u00c0 propos de la soci\u00e9t\u00e9"},"content":{"rendered":"<h2>\u00c0 propos de la soci\u00e9t\u00e9<\/h2>\n<p><img decoding=\"async\" loading=\"lazy\" src=\"https:\/\/noordconnect.com\/wp-content\/uploads\/2020\/06\/logo_icon.png\" alt=\"\" width=\"92\" height=\"109\" \/><\/p>\n<p><a href=\"https:\/\/noordconnect.com\/certificates\/\" rel=\"noopener noreferrer\">Certificats<\/a><br \/>\n<!-- a href=\"https:\/\/noordconnect.com\/licenses\/\" rel=\"noopener noreferrer\">\u041b\u0438\u0446\u0435\u043d\u0437\u0438\u0438<\/a --><br \/>\n<a href=\"\/\/www.lognetglobal.com\/directory\/members\/74591\" target=\"new\" rel=\"noopener noreferrer\">Profil Noord Connect sur le site Web de Lognet Global<\/a><\/p>\n<p>La principale sp\u00e9cialisation de l&#8217;entreprise est le transport a\u00e9rien et multimodal d&#8217;exportation vers les pays d&#8217;Asie et d&#8217;Afrique, le transport routier de marchandises des pays de l&#8217;UE vers la Russie, les pays d&#8217;Asie centrale et du Moyen-Orient.<\/p>\n<p>&#171;Nord Connect&#187; est un transitaire international avec une gamme compl\u00e8te de services pour le transport et le d\u00e9douanement de marchandises de diverses cat\u00e9gories transport\u00e9es par voie a\u00e9rienne, maritime, ferroviaire et routi\u00e8re.<\/p>\n<p>Nous organiserons l&#8217;interaction avec les douanes, vous aiderons \u00e0 r\u00e9diger correctement la documentation pour les marchandises import\u00e9es et export\u00e9es de Russie. Nous assurerons le transit douanier \u00e0 travers le territoire de la F\u00e9d\u00e9ration de Russie et le transbordement des marchandises des voitures au transport a\u00e9rien en mode de transit douanier. Nous transporterons des marchandises d\u2019exposition et des envois diplomatiques.<\/p>\n<p>&#171;Nord Connect&#187; poss\u00e8de une vaste exp\u00e9rience dans le transport vers des r\u00e9gions difficiles \u00e0 atteindre et impopulaires, telles que le Soudan (agence commerciale et livraison, livraison par avion de marchandises dangereuses de classe de danger 1), Myanmar, la Papouasie-Nouvelle-Guin\u00e9e, la Nouvelle-Z\u00e9lande (organisation du transport multimodal de marchandises de 1 classe de danger avec transbordement du transport a\u00e9rien vers le transport maritime), la RD Congo (livraison de marchandises dangereuses de la 1\u00e8re classe de danger), l\u2019Afghanistan (livraison de pi\u00e8ces d\u00e9tach\u00e9es pour l&#8217;aviation), le Guatemala et d&#8217;autres projets r\u00e9ussis qui ont \u00e9t\u00e9 effectu\u00e9s en Asie, en Afrique et en Am\u00e9rique latine.<\/p>\n<p><strong>Nous garantissons \u00e0 tous nos clients un transport rapide, r\u00e9giler et s\u00e9curis\u00e9 des marchandises. L&#8217;exp\u00e9rience accumul\u00e9e nous permet de pr\u00e9voir toutes les nuances et de rendre la coop\u00e9ration avec nous aussi pratique que possible. La soci\u00e9t\u00e9 &#171;Nord Connect&#187; est membre de la Chambre de commerce et d&#8217;industrie de la F\u00e9d\u00e9ration de Russie, de l&#8217;Association des transitaires russes (ARE) et de l&#8217;association internationale des transitaires Lognet Global.<\/strong><\/p>\n","protected":false},"excerpt":{"rendered":"<p>\u00c0 propos de la soci\u00e9t\u00e9 Certificats Profil Noord Connect sur le site Web de Lognet Global La principale sp\u00e9cialisation de l&#8217;entreprise est le transport a\u00e9rien et multimodal d&#8217;exportation vers les pays d&#8217;Asie et d&#8217;Afrique, le transport routier de marchandises des pays de l&#8217;UE vers la Russie, les pays d&#8217;Asie centrale et du Moyen-Orient. &#171;Nord Connect&#187;<\/p>\n","protected":false},"author":1,"featured_media":0,"parent":0,"menu_order":0,"comment_status":"closed","ping_status":"closed","template":"","meta":[],"yoast_head":"<!-- This site is optimized with the Yoast SEO plugin v21.1 - https:\/\/yoast.com\/wordpress\/plugins\/seo\/ -->\n<title>Accueil 13 BLOCK - \u00c0 propos de la soci\u00e9t\u00e9 &bull; Noord Connect<\/title>\n<meta name=\"robots\" content=\"index, follow, max-snippet:-1, max-image-preview:large, max-video-preview:-1\" \/>\n<link rel=\"canonical\" href=\"https:\/\/noordconnect.com\/fr\/block_13\/\" \/>\n<meta property=\"og:locale\" content=\"ru_RU\" \/>\n<meta property=\"og:type\" content=\"article\" \/>\n<meta property=\"og:title\" content=\"Accueil 13 BLOCK - \u00c0 propos de la soci\u00e9t\u00e9 &bull; Noord Connect\" \/>\n<meta property=\"og:description\" content=\"\u00c0 propos de la soci\u00e9t\u00e9 Certificats Profil Noord Connect sur le site Web de Lognet Global La principale sp\u00e9cialisation de l&#8217;entreprise est le transport a\u00e9rien et multimodal d&#8217;exportation vers les pays d&#8217;Asie et d&#8217;Afrique, le transport routier de marchandises des pays de l&#8217;UE vers la Russie, les pays d&#8217;Asie centrale et du Moyen-Orient. &#171;Nord Connect&#187;\" \/>\n<meta property=\"og:url\" content=\"https:\/\/noordconnect.com\/fr\/block_13\/\" \/>\n<meta property=\"og:site_name\" content=\"Noord Connect\" \/>\n<meta property=\"article:publisher\" content=\"https:\/\/www.facebook.com\/NoordConnect\/\" \/>\n<meta property=\"article:modified_time\" content=\"2020-08-05T12:09:22+00:00\" \/>\n<meta property=\"og:image\" content=\"https:\/\/noordconnect.com\/wp-content\/uploads\/2020\/06\/logo_icon.png\" \/>\n<meta name=\"twitter:card\" content=\"summary_large_image\" \/>\n<meta name=\"twitter:label1\" content=\"\u041f\u0440\u0438\u043c\u0435\u0440\u043d\u043e\u0435 \u0432\u0440\u0435\u043c\u044f \u0434\u043b\u044f \u0447\u0442\u0435\u043d\u0438\u044f\" \/>\n\t<meta name=\"twitter:data1\" content=\"2 \u043c\u0438\u043d\u0443\u0442\u044b\" \/>\n<script type=\"application\/ld+json\" class=\"yoast-schema-graph\">{\"@context\":\"https:\/\/schema.org\",\"@graph\":[{\"@type\":\"WebPage\",\"@id\":\"https:\/\/noordconnect.com\/fr\/block_13\/\",\"url\":\"https:\/\/noordconnect.com\/fr\/block_13\/\",\"name\":\"Accueil 13 BLOCK - \u00c0 propos de la soci\u00e9t\u00e9 &bull; Noord Connect\",\"isPartOf\":{\"@id\":\"https:\/\/noordconnect.com\/fr\/#website\"},\"datePublished\":\"2020-07-23T11:58:23+00:00\",\"dateModified\":\"2020-08-05T12:09:22+00:00\",\"breadcrumb\":{\"@id\":\"https:\/\/noordconnect.com\/fr\/block_13\/#breadcrumb\"},\"inLanguage\":\"ru-RU\",\"potentialAction\":[{\"@type\":\"ReadAction\",\"target\":[\"https:\/\/noordconnect.com\/fr\/block_13\/\"]}]},{\"@type\":\"BreadcrumbList\",\"@id\":\"https:\/\/noordconnect.com\/fr\/block_13\/#breadcrumb\",\"itemListElement\":[{\"@type\":\"ListItem\",\"position\":1,\"name\":\"\u0413\u043b\u0430\u0432\u043d\u0430\u044f \u0441\u0442\u0440\u0430\u043d\u0438\u0446\u0430\",\"item\":\"https:\/\/noordconnect.com\/fr\/\"},{\"@type\":\"ListItem\",\"position\":2,\"name\":\"Accueil 13 BLOCK &#8212; \u00c0 propos de la soci\u00e9t\u00e9\"}]},{\"@type\":\"WebSite\",\"@id\":\"https:\/\/noordconnect.com\/fr\/#website\",\"url\":\"https:\/\/noordconnect.com\/fr\/\",\"name\":\"Noord Connect\",\"description\":\"Transport a\u00e9rien international et multimodal, livraison de marchandises dangereuses\",\"publisher\":{\"@id\":\"https:\/\/noordconnect.com\/fr\/#organization\"},\"potentialAction\":[{\"@type\":\"SearchAction\",\"target\":{\"@type\":\"EntryPoint\",\"urlTemplate\":\"https:\/\/noordconnect.com\/fr\/?s={search_term_string}\"},\"query-input\":\"required name=search_term_string\"}],\"inLanguage\":\"ru-RU\"},{\"@type\":\"Organization\",\"@id\":\"https:\/\/noordconnect.com\/fr\/#organization\",\"name\":\"Noord Connect\",\"url\":\"https:\/\/noordconnect.com\/fr\/\",\"logo\":{\"@type\":\"ImageObject\",\"inLanguage\":\"ru-RU\",\"@id\":\"https:\/\/noordconnect.com\/fr\/#\/schema\/logo\/image\/\",\"url\":\"https:\/\/noordconnect.com\/fr\/wp-content\/uploads\/2020\/07\/logonordconnect.png\",\"contentUrl\":\"https:\/\/noordconnect.com\/fr\/wp-content\/uploads\/2020\/07\/logonordconnect.png\",\"width\":203,\"height\":84,\"caption\":\"Noord Connect\"},\"image\":{\"@id\":\"https:\/\/noordconnect.com\/fr\/#\/schema\/logo\/image\/\"},\"sameAs\":[\"https:\/\/www.facebook.com\/NoordConnect\/\",\"https:\/\/www.linkedin.com\/in\/noord-connect-jsc-67288563\/\"]}]}<\/script>\n<!-- \/ Yoast SEO plugin. -->","yoast_head_json":{"title":"Accueil 13 BLOCK - \u00c0 propos de la soci\u00e9t\u00e9 &bull; Noord Connect","robots":{"index":"index","follow":"follow","max-snippet":"max-snippet:-1","max-image-preview":"max-image-preview:large","max-video-preview":"max-video-preview:-1"},"canonical":"https:\/\/noordconnect.com\/fr\/block_13\/","og_locale":"ru_RU","og_type":"article","og_title":"Accueil 13 BLOCK - \u00c0 propos de la soci\u00e9t\u00e9 &bull; Noord Connect","og_description":"\u00c0 propos de la soci\u00e9t\u00e9 Certificats Profil Noord Connect sur le site Web de Lognet Global La principale sp\u00e9cialisation de l&#8217;entreprise est le transport a\u00e9rien et multimodal d&#8217;exportation vers les pays d&#8217;Asie et d&#8217;Afrique, le transport routier de marchandises des pays de l&#8217;UE vers la Russie, les pays d&#8217;Asie centrale et du Moyen-Orient. &#171;Nord Connect&#187;","og_url":"https:\/\/noordconnect.com\/fr\/block_13\/","og_site_name":"Noord Connect","article_publisher":"https:\/\/www.facebook.com\/NoordConnect\/","article_modified_time":"2020-08-05T12:09:22+00:00","og_image":[{"url":"https:\/\/noordconnect.com\/wp-content\/uploads\/2020\/06\/logo_icon.png"}],"twitter_card":"summary_large_image","twitter_misc":{"\u041f\u0440\u0438\u043c\u0435\u0440\u043d\u043e\u0435 \u0432\u0440\u0435\u043c\u044f \u0434\u043b\u044f \u0447\u0442\u0435\u043d\u0438\u044f":"2 \u043c\u0438\u043d\u0443\u0442\u044b"},"schema":{"@context":"https:\/\/schema.org","@graph":[{"@type":"WebPage","@id":"https:\/\/noordconnect.com\/fr\/block_13\/","url":"https:\/\/noordconnect.com\/fr\/block_13\/","name":"Accueil 13 BLOCK - \u00c0 propos de la soci\u00e9t\u00e9 &bull; Noord Connect","isPartOf":{"@id":"https:\/\/noordconnect.com\/fr\/#website"},"datePublished":"2020-07-23T11:58:23+00:00","dateModified":"2020-08-05T12:09:22+00:00","breadcrumb":{"@id":"https:\/\/noordconnect.com\/fr\/block_13\/#breadcrumb"},"inLanguage":"ru-RU","potentialAction":[{"@type":"ReadAction","target":["https:\/\/noordconnect.com\/fr\/block_13\/"]}]},{"@type":"BreadcrumbList","@id":"https:\/\/noordconnect.com\/fr\/block_13\/#breadcrumb","itemListElement":[{"@type":"ListItem","position":1,"name":"\u0413\u043b\u0430\u0432\u043d\u0430\u044f \u0441\u0442\u0440\u0430\u043d\u0438\u0446\u0430","item":"https:\/\/noordconnect.com\/fr\/"},{"@type":"ListItem","position":2,"name":"Accueil 13 BLOCK &#8212; \u00c0 propos de la soci\u00e9t\u00e9"}]},{"@type":"WebSite","@id":"https:\/\/noordconnect.com\/fr\/#website","url":"https:\/\/noordconnect.com\/fr\/","name":"Noord Connect","description":"Transport a\u00e9rien international et multimodal, livraison de marchandises dangereuses","publisher":{"@id":"https:\/\/noordconnect.com\/fr\/#organization"},"potentialAction":[{"@type":"SearchAction","target":{"@type":"EntryPoint","urlTemplate":"https:\/\/noordconnect.com\/fr\/?s={search_term_string}"},"query-input":"required name=search_term_string"}],"inLanguage":"ru-RU"},{"@type":"Organization","@id":"https:\/\/noordconnect.com\/fr\/#organization","name":"Noord Connect","url":"https:\/\/noordconnect.com\/fr\/","logo":{"@type":"ImageObject","inLanguage":"ru-RU","@id":"https:\/\/noordconnect.com\/fr\/#\/schema\/logo\/image\/","url":"https:\/\/noordconnect.com\/fr\/wp-content\/uploads\/2020\/07\/logonordconnect.png","contentUrl":"https:\/\/noordconnect.com\/fr\/wp-content\/uploads\/2020\/07\/logonordconnect.png","width":203,"height":84,"caption":"Noord Connect"},"image":{"@id":"https:\/\/noordconnect.com\/fr\/#\/schema\/logo\/image\/"},"sameAs":["https:\/\/www.facebook.com\/NoordConnect\/","https:\/\/www.linkedin.com\/in\/noord-connect-jsc-67288563\/"]}]}},"_links":{"self":[{"href":"https:\/\/noordconnect.com\/fr\/wp-json\/wp\/v2\/pages\/59"}],"collection":[{"href":"https:\/\/noordconnect.com\/fr\/wp-json\/wp\/v2\/pages"}],"about":[{"href":"https:\/\/noordconnect.com\/fr\/wp-json\/wp\/v2\/types\/page"}],"author":[{"embeddable":true,"href":"https:\/\/noordconnect.com\/fr\/wp-json\/wp\/v2\/users\/1"}],"replies":[{"embeddable":true,"href":"https:\/\/noordconnect.com\/fr\/wp-json\/wp\/v2\/comments?post=59"}],"version-history":[{"count":4,"href":"https:\/\/noordconnect.com\/fr\/wp-json\/wp\/v2\/pages\/59\/revisions"}],"predecessor-version":[{"id":119,"href":"https:\/\/noordconnect.com\/fr\/wp-json\/wp\/v2\/pages\/59\/revisions\/119"}],"wp:attachment":[{"href":"https:\/\/noordconnect.com\/fr\/wp-json\/wp\/v2\/media?parent=59"}],"curies":[{"name":"wp","href":"https:\/\/api.w.org\/{rel}","templated":true}]}}