{"id":95,"date":"2020-07-31T17:38:14","date_gmt":"2020-07-31T14:38:14","guid":{"rendered":"https:\/\/noordconnect.com\/fr\/?page_id=95"},"modified":"2022-02-04T01:46:45","modified_gmt":"2022-02-03T22:46:45","slug":"block_8","status":"publish","type":"page","link":"https:\/\/noordconnect.com\/fr\/block_8\/","title":{"rendered":"Accueil 8 BLOCK &#8212; Services d&#8217;entrep\u00f4t"},"content":{"rendered":"<h2>Services d&#8217;entrep\u00f4t<\/h2>\n<p><a href=\"https:\/\/noordconnect.com\/wp-content\/uploads\/2022\/02\/noordconnect_publicoffer.pdf\"><span style=\"color: #000;\">Public offer agreement for storage and&nbsp;warehouse service<\/span> .pdf<\/a><!--<br \/>\n<a href=\"https:\/\/noordconnect.com\/wp-content\/uploads\/2022\/02\/noordconnect_doc_005.pdf\"><span style=\"color: #000;\">\u0414\u043e\u0433\u043e\u0432\u043e\u0440 \u043f\u0443\u0431\u043b\u0438\u0447\u043d\u043e\u0439 \u043e\u0444\u0435\u0440\u0442\u044b \u043d\u0430&nbsp;\u0445\u0440\u0430\u043d\u0435\u043d\u0438\u0435 \u0438&nbsp;\u0441\u043a\u043b\u0430\u0434\u0441\u043a\u043e\u0435 \u043e\u0431\u0441\u043b\u0443\u0436\u0438\u0432\u0430\u043d\u0438\u0435<\/span> .pdf<\/a>--><\/p>\n<h3>F\u00e9d\u00e9ration de Russie, UE, Inde, Chine<\/h3>\n<p>La logistique des entrep\u00f4ts est le maillon le plus important de tout syst\u00e8me de transport de marchandises. Nous proposons des services d&#8217;entreposage et de manutention de fret en tenant compte des caract\u00e9ristiques physiques et des exigences particuli\u00e8res pour diff\u00e9rents types de cargaison, y compris des conditions de temp\u00e9rature sp\u00e9ciales et un stockage s\u00fbr pour les cargaisons de grande valeur.<\/p>\n<p><strong>Tous les entrep\u00f4ts que nous utilisons sont bien situ\u00e9s et \u00e9quip\u00e9s de syst\u00e8mes de gestion modernes.<\/strong><\/p>\n","protected":false},"excerpt":{"rendered":"<p>Services d&#8217;entrep\u00f4t Public offer agreement for storage and&nbsp;warehouse service .pdf F\u00e9d\u00e9ration de Russie, UE, Inde, Chine La logistique des entrep\u00f4ts est le maillon le plus important de tout syst\u00e8me de transport de marchandises. Nous proposons des services d&#8217;entreposage et de manutention de fret en tenant compte des caract\u00e9ristiques physiques et des exigences particuli\u00e8res pour diff\u00e9rents<\/p>\n","protected":false},"author":1,"featured_media":0,"parent":0,"menu_order":0,"comment_status":"closed","ping_status":"closed","template":"","meta":[],"yoast_head":"<!-- This site is optimized with the Yoast SEO plugin v21.1 - https:\/\/yoast.com\/wordpress\/plugins\/seo\/ -->\n<title>Accueil 8 BLOCK - Services d&#039;entrep\u00f4t &bull; Noord Connect<\/title>\n<meta name=\"robots\" content=\"index, follow, max-snippet:-1, max-image-preview:large, max-video-preview:-1\" \/>\n<link rel=\"canonical\" href=\"https:\/\/noordconnect.com\/fr\/block_8\/\" \/>\n<meta property=\"og:locale\" content=\"ru_RU\" \/>\n<meta property=\"og:type\" content=\"article\" \/>\n<meta property=\"og:title\" content=\"Accueil 8 BLOCK - Services d&#039;entrep\u00f4t &bull; Noord Connect\" \/>\n<meta property=\"og:description\" content=\"Services d&#8217;entrep\u00f4t Public offer agreement for storage and&nbsp;warehouse service .pdf F\u00e9d\u00e9ration de Russie, UE, Inde, Chine La logistique des entrep\u00f4ts est le maillon le plus important de tout syst\u00e8me de transport de marchandises. Nous proposons des services d&#8217;entreposage et de manutention de fret en tenant compte des caract\u00e9ristiques physiques et des exigences particuli\u00e8res pour diff\u00e9rents\" \/>\n<meta property=\"og:url\" content=\"https:\/\/noordconnect.com\/fr\/block_8\/\" \/>\n<meta property=\"og:site_name\" content=\"Noord Connect\" \/>\n<meta property=\"article:publisher\" content=\"https:\/\/www.facebook.com\/NoordConnect\/\" \/>\n<meta property=\"article:modified_time\" content=\"2022-02-03T22:46:45+00:00\" \/>\n<meta property=\"og:image\" content=\"https:\/\/noordconnect.com\/fr\/wp-content\/uploads\/2020\/08\/ncfb.jpg\" \/>\n\t<meta property=\"og:image:width\" content=\"1080\" \/>\n\t<meta property=\"og:image:height\" content=\"396\" \/>\n\t<meta property=\"og:image:type\" content=\"image\/jpeg\" \/>\n<meta name=\"twitter:card\" content=\"summary_large_image\" \/>\n<meta name=\"twitter:label1\" content=\"\u041f\u0440\u0438\u043c\u0435\u0440\u043d\u043e\u0435 \u0432\u0440\u0435\u043c\u044f \u0434\u043b\u044f \u0447\u0442\u0435\u043d\u0438\u044f\" \/>\n\t<meta name=\"twitter:data1\" content=\"1 \u043c\u0438\u043d\u0443\u0442\u0430\" \/>\n<script type=\"application\/ld+json\" class=\"yoast-schema-graph\">{\"@context\":\"https:\/\/schema.org\",\"@graph\":[{\"@type\":\"WebPage\",\"@id\":\"https:\/\/noordconnect.com\/fr\/block_8\/\",\"url\":\"https:\/\/noordconnect.com\/fr\/block_8\/\",\"name\":\"Accueil 8 BLOCK - Services d'entrep\u00f4t &bull; Noord Connect\",\"isPartOf\":{\"@id\":\"https:\/\/noordconnect.com\/fr\/#website\"},\"datePublished\":\"2020-07-31T14:38:14+00:00\",\"dateModified\":\"2022-02-03T22:46:45+00:00\",\"breadcrumb\":{\"@id\":\"https:\/\/noordconnect.com\/fr\/block_8\/#breadcrumb\"},\"inLanguage\":\"ru-RU\",\"potentialAction\":[{\"@type\":\"ReadAction\",\"target\":[\"https:\/\/noordconnect.com\/fr\/block_8\/\"]}]},{\"@type\":\"BreadcrumbList\",\"@id\":\"https:\/\/noordconnect.com\/fr\/block_8\/#breadcrumb\",\"itemListElement\":[{\"@type\":\"ListItem\",\"position\":1,\"name\":\"\u0413\u043b\u0430\u0432\u043d\u0430\u044f \u0441\u0442\u0440\u0430\u043d\u0438\u0446\u0430\",\"item\":\"https:\/\/noordconnect.com\/fr\/\"},{\"@type\":\"ListItem\",\"position\":2,\"name\":\"Accueil 8 BLOCK &#8212; Services d&#8217;entrep\u00f4t\"}]},{\"@type\":\"WebSite\",\"@id\":\"https:\/\/noordconnect.com\/fr\/#website\",\"url\":\"https:\/\/noordconnect.com\/fr\/\",\"name\":\"Noord Connect\",\"description\":\"Transport a\u00e9rien international et multimodal, livraison de marchandises dangereuses\",\"publisher\":{\"@id\":\"https:\/\/noordconnect.com\/fr\/#organization\"},\"potentialAction\":[{\"@type\":\"SearchAction\",\"target\":{\"@type\":\"EntryPoint\",\"urlTemplate\":\"https:\/\/noordconnect.com\/fr\/?s={search_term_string}\"},\"query-input\":\"required name=search_term_string\"}],\"inLanguage\":\"ru-RU\"},{\"@type\":\"Organization\",\"@id\":\"https:\/\/noordconnect.com\/fr\/#organization\",\"name\":\"Noord Connect\",\"url\":\"https:\/\/noordconnect.com\/fr\/\",\"logo\":{\"@type\":\"ImageObject\",\"inLanguage\":\"ru-RU\",\"@id\":\"https:\/\/noordconnect.com\/fr\/#\/schema\/logo\/image\/\",\"url\":\"https:\/\/noordconnect.com\/fr\/wp-content\/uploads\/2020\/07\/logonordconnect.png\",\"contentUrl\":\"https:\/\/noordconnect.com\/fr\/wp-content\/uploads\/2020\/07\/logonordconnect.png\",\"width\":203,\"height\":84,\"caption\":\"Noord Connect\"},\"image\":{\"@id\":\"https:\/\/noordconnect.com\/fr\/#\/schema\/logo\/image\/\"},\"sameAs\":[\"https:\/\/www.facebook.com\/NoordConnect\/\",\"https:\/\/www.linkedin.com\/in\/noord-connect-jsc-67288563\/\"]}]}<\/script>\n<!-- \/ Yoast SEO plugin. -->","yoast_head_json":{"title":"Accueil 8 BLOCK - Services d'entrep\u00f4t &bull; Noord Connect","robots":{"index":"index","follow":"follow","max-snippet":"max-snippet:-1","max-image-preview":"max-image-preview:large","max-video-preview":"max-video-preview:-1"},"canonical":"https:\/\/noordconnect.com\/fr\/block_8\/","og_locale":"ru_RU","og_type":"article","og_title":"Accueil 8 BLOCK - Services d'entrep\u00f4t &bull; Noord Connect","og_description":"Services d&#8217;entrep\u00f4t Public offer agreement for storage and&nbsp;warehouse service .pdf F\u00e9d\u00e9ration de Russie, UE, Inde, Chine La logistique des entrep\u00f4ts est le maillon le plus important de tout syst\u00e8me de transport de marchandises. Nous proposons des services d&#8217;entreposage et de manutention de fret en tenant compte des caract\u00e9ristiques physiques et des exigences particuli\u00e8res pour diff\u00e9rents","og_url":"https:\/\/noordconnect.com\/fr\/block_8\/","og_site_name":"Noord Connect","article_publisher":"https:\/\/www.facebook.com\/NoordConnect\/","article_modified_time":"2022-02-03T22:46:45+00:00","og_image":[{"width":1080,"height":396,"url":"https:\/\/noordconnect.com\/fr\/wp-content\/uploads\/2020\/08\/ncfb.jpg","type":"image\/jpeg"}],"twitter_card":"summary_large_image","twitter_misc":{"\u041f\u0440\u0438\u043c\u0435\u0440\u043d\u043e\u0435 \u0432\u0440\u0435\u043c\u044f \u0434\u043b\u044f \u0447\u0442\u0435\u043d\u0438\u044f":"1 \u043c\u0438\u043d\u0443\u0442\u0430"},"schema":{"@context":"https:\/\/schema.org","@graph":[{"@type":"WebPage","@id":"https:\/\/noordconnect.com\/fr\/block_8\/","url":"https:\/\/noordconnect.com\/fr\/block_8\/","name":"Accueil 8 BLOCK - Services d'entrep\u00f4t &bull; Noord Connect","isPartOf":{"@id":"https:\/\/noordconnect.com\/fr\/#website"},"datePublished":"2020-07-31T14:38:14+00:00","dateModified":"2022-02-03T22:46:45+00:00","breadcrumb":{"@id":"https:\/\/noordconnect.com\/fr\/block_8\/#breadcrumb"},"inLanguage":"ru-RU","potentialAction":[{"@type":"ReadAction","target":["https:\/\/noordconnect.com\/fr\/block_8\/"]}]},{"@type":"BreadcrumbList","@id":"https:\/\/noordconnect.com\/fr\/block_8\/#breadcrumb","itemListElement":[{"@type":"ListItem","position":1,"name":"\u0413\u043b\u0430\u0432\u043d\u0430\u044f \u0441\u0442\u0440\u0430\u043d\u0438\u0446\u0430","item":"https:\/\/noordconnect.com\/fr\/"},{"@type":"ListItem","position":2,"name":"Accueil 8 BLOCK &#8212; Services d&#8217;entrep\u00f4t"}]},{"@type":"WebSite","@id":"https:\/\/noordconnect.com\/fr\/#website","url":"https:\/\/noordconnect.com\/fr\/","name":"Noord Connect","description":"Transport a\u00e9rien international et multimodal, livraison de marchandises dangereuses","publisher":{"@id":"https:\/\/noordconnect.com\/fr\/#organization"},"potentialAction":[{"@type":"SearchAction","target":{"@type":"EntryPoint","urlTemplate":"https:\/\/noordconnect.com\/fr\/?s={search_term_string}"},"query-input":"required name=search_term_string"}],"inLanguage":"ru-RU"},{"@type":"Organization","@id":"https:\/\/noordconnect.com\/fr\/#organization","name":"Noord Connect","url":"https:\/\/noordconnect.com\/fr\/","logo":{"@type":"ImageObject","inLanguage":"ru-RU","@id":"https:\/\/noordconnect.com\/fr\/#\/schema\/logo\/image\/","url":"https:\/\/noordconnect.com\/fr\/wp-content\/uploads\/2020\/07\/logonordconnect.png","contentUrl":"https:\/\/noordconnect.com\/fr\/wp-content\/uploads\/2020\/07\/logonordconnect.png","width":203,"height":84,"caption":"Noord Connect"},"image":{"@id":"https:\/\/noordconnect.com\/fr\/#\/schema\/logo\/image\/"},"sameAs":["https:\/\/www.facebook.com\/NoordConnect\/","https:\/\/www.linkedin.com\/in\/noord-connect-jsc-67288563\/"]}]}},"_links":{"self":[{"href":"https:\/\/noordconnect.com\/fr\/wp-json\/wp\/v2\/pages\/95"}],"collection":[{"href":"https:\/\/noordconnect.com\/fr\/wp-json\/wp\/v2\/pages"}],"about":[{"href":"https:\/\/noordconnect.com\/fr\/wp-json\/wp\/v2\/types\/page"}],"author":[{"embeddable":true,"href":"https:\/\/noordconnect.com\/fr\/wp-json\/wp\/v2\/users\/1"}],"replies":[{"embeddable":true,"href":"https:\/\/noordconnect.com\/fr\/wp-json\/wp\/v2\/comments?post=95"}],"version-history":[{"count":5,"href":"https:\/\/noordconnect.com\/fr\/wp-json\/wp\/v2\/pages\/95\/revisions"}],"predecessor-version":[{"id":197,"href":"https:\/\/noordconnect.com\/fr\/wp-json\/wp\/v2\/pages\/95\/revisions\/197"}],"wp:attachment":[{"href":"https:\/\/noordconnect.com\/fr\/wp-json\/wp\/v2\/media?parent=95"}],"curies":[{"name":"wp","href":"https:\/\/api.w.org\/{rel}","templated":true}]}}